{"id":1496,"date":"2025-10-30T09:04:37","date_gmt":"2025-10-30T09:04:37","guid":{"rendered":"https:\/\/gold-zino.org\/aplicacao\/"},"modified":"2025-10-30T13:07:49","modified_gmt":"2025-10-30T13:07:49","slug":"app","status":"publish","type":"page","link":"https:\/\/gold-zino.org\/de\/app\/","title":{"rendered":"App"},"content":{"rendered":"<h1>Goldzino Anwendung<\/h1>\n<p>Die Goldzino App bietet Ihnen das komplette mobile Casino-Erlebnis direkt auf Ihrem Ger\u00e4t. Sie umfasst \u00fcber 6.000 Spiele: Online Slots, Live-Dealer-Spiele, Tischspiele, Sofortspiele und vieles mehr. Die mobile App funktioniert in hoher Qualit\u00e4t, und Live-Casino-Spiele werden ohne Verz\u00f6gerung online gestreamt. Jeder Nutzer kann die Software auf seinem Ger\u00e4t installieren und \u00fcberall spielen, wo es ihm passt.<\/p>\n<div class=\"banner-wrap\" aria-label=\"Banner\"><img src=\"https:\/\/gold-zino.org\/wp-content\/uploads\/2025\/10\/Goldzino-Banner-Desktop.webp\" class=\"w-100 d-none d-lg-block img-pc main-banner-img\" alt=\"goldzino bonus desktop\" fetchpriority=\"high\" decoding=\"async\"><img src=\"https:\/\/gold-zino.org\/wp-content\/uploads\/2025\/10\/Gold-zino-Mobile-Banner.webp\" class=\"w-100 d-none d-md-block d-lg-none main-banner-img\" alt=\"goldzino bonus mobile\" fetchpriority=\"high\" decoding=\"async\"><img src=\"https:\/\/gold-zino.org\/wp-content\/uploads\/2025\/10\/Gold-zino-Mobile-Banner.webp\" class=\"w-100 d-md-none\" alt=\"goldzino bonus mobile\" fetchpriority=\"high\" decoding=\"async\"><div class=\"banner-description\">\n<div class=\"banner-title\">Willkommensboni<\/div>\n<p class=\"banner-header-title\">\u20ac1500<\/p>\n<div class=\"banner-header-AdditionalText\">+ 250 Freispiele<\/div>\n<button data-item=\"homepage_banner_link\" class=\"goto m-button m-gradient-border m-button--primary m-button--large banner-button btn-orange\">\n            <div class=\"m-button-content\">\n                <span>Jetzt anmelden<\/span>\n                <span><\/span>\n            <\/div>\n        <\/button>\n<\/div>\n<div class=\"WelcomePack\">\n<p><img loading=\"lazy\" decoding=\"async\" class=\"alignnone size-full wp-image-1452\" src=\"https:\/\/gold-zino.org\/wp-content\/uploads\/2025\/10\/welcome-crown.svg\" alt=\"crown\" width=\"25\" height=\"26\" \/><\/p>\n<div class=\"WelcomePack-Info\">W\u00f6chentliches Cashback bis zu 25 %<\/div>\n<p><img loading=\"lazy\" decoding=\"async\" class=\"alignnone size-full wp-image-1452\" src=\"https:\/\/gold-zino.org\/wp-content\/uploads\/2025\/10\/welcome-crown.svg\" alt=\"crown\" width=\"25\" height=\"26\" \/><\/p>\n<\/div>\n<\/div>\n<h2>Goldzino Mobile Casino<\/h2>\n<p>Die mobile App von Gold Zino bietet Spielern dieselben Funktionen wie die PC-Version. Die Spiele werden in der mobilen App schnell geladen, die Grafik ist fl\u00fcssig und die Steuerung ist intuitiv. In der App k\u00f6nnen Sie Ihr Konto verifizieren, \u00fcber den Live-Chat das Support-Team kontaktieren, Ihr Konto verwalten und vieles mehr.<\/p>\n<p>Mit der Gold Zino App k\u00f6nnen Nutzer Einzahlungen vornehmen, sicher Geld abheben und alle Limits festlegen. Hier k\u00f6nnen Sie Ihr pers\u00f6nliches Konto verwalten, Tools f\u00fcr verantwortungsbewusstes Spielen konfigurieren und Limits f\u00fcr sich selbst festlegen.<\/p>\n<p>Der Hauptvorteil der Software besteht darin, dass Sie \u00fcberall mit derselben Funktionalit\u00e4t spielen k\u00f6nnen. Die PC-Version verf\u00fcgt \u00fcber eine gr\u00f6\u00dfere Benutzeroberfl\u00e4che f\u00fcr viele Spiele, w\u00e4hrend die mobile App eine optimierte Benutzeroberfl\u00e4che hat, die sich an jeden Ger\u00e4tebildschirm anpasst.<\/p>\n<table>\n<tbody>\n<tr>\n<td>Funktion<\/td>\n<td>Mobile App<\/td>\n<\/tr>\n<tr>\n<td>Spielzugang<\/td>\n<td>Vollst\u00e4ndige Bibliothek, f\u00fcr Touch optimiert<\/td>\n<\/tr>\n<tr>\n<td>Verifizierungsprozess<\/td>\n<td>Sicher innerhalb der Software abgeschlossen<\/td>\n<\/tr>\n<tr>\n<td>Live-Chat &amp; Support-Team<\/td>\n<td>Rund um die Uhr verf\u00fcgbar, vollst\u00e4ndig integriert<\/td>\n<\/tr>\n<tr>\n<td>Zahlungen<\/td>\n<td>Einzahlung\/Auszahlung mit sicherer Verschl\u00fcsselung<\/td>\n<\/tr>\n<\/tbody>\n<\/table>\n<p><div style=\"clear: both\"><\/div><div class=\"d-flex justify-content-center\"><button data-item=\"decouvrez_link\" data-group=\"website_links\" class=\"goto fw-bold rounded-pill btn btn-orange\" aria-label=\"Die Goldzino-App herunterladen\" >Die Goldzino-App herunterladen<\/button><\/div><div class=\"scrollable-content-wrap my-5\"><div class=\"scrollable-content-inner\"><h2>Goldzino App f\u00fcr Android<\/h2>\n<p>Die Goldzino-App f\u00fcr Android ist ohne Download von APK-Dateien verf\u00fcgbar. Mit unserer Software haben Sie sofortigen Zugriff auf alle Spiele, Boni und Funktionen.<\/p>\n<p>Die Goldzino-App f\u00fcr Android ist eine Progressive Web App (PWA), die \u00fcber einen Browser heruntergeladen werden kann. Unsere Software bietet ein optimiertes mobiles Casino, ohne dass die Goldzino-APK-Datei heruntergeladen werden muss. In der Progressive Web App f\u00fcr Android k\u00f6nnen Sie Ihre Lieblingskartenspiele, Tischspiele, Slots und Live-Dealer-Spiele spielen.<\/p>\n<p>Hier k\u00f6nnen Benutzer Geld einzahlen und abheben, Dokumente f\u00fcr den Verifizierungsprozess hochladen, pers\u00f6nliche Daten verwalten und andere Funktionen ausf\u00fchren.<\/p>\n<p>Unsere Entwickler haben Verschl\u00fcsselungs- und Sicherheitsfunktionen f\u00fcr unsere Android-Software implementiert, um sie f\u00fcr die Nutzer absolut sicher zu machen.<\/p>\n<p>Goldzino PWA f\u00fcr Android nutzt die fortschrittlichsten Technologien f\u00fcr das Online-Streaming von Live-Casinospielen. Unsere Software verbraucht nur minimale Ressourcen Ihres Ger\u00e4ts und ist somit optimal. Die Installation von Gold Zino PWA ist ganz einfach:<\/p>\n<ol>\n<li>Scrollen Sie ganz nach unten auf der Hauptseite von Gold Zino.<\/li>\n<li>Klicken Sie auf die Schaltfl\u00e4che \u201eCasino-App\u201c.<\/li>\n<li>Ein Fenster wird angezeigt. Klicken Sie auf \u201eInstallieren\u201c.<\/li>\n<\/ol>\n<p><img loading=\"lazy\" decoding=\"async\" class=\"alignnone wp-image-1465 size-full\" src=\"https:\/\/gold-zino.org\/wp-content\/uploads\/2025\/10\/Goldzino-App-Android.webp\" alt=\"Goldzino App Android\" width=\"1248\" height=\"536\" srcset=\"https:\/\/gold-zino.org\/wp-content\/uploads\/2025\/10\/Goldzino-App-Android.webp 1248w, https:\/\/gold-zino.org\/wp-content\/uploads\/2025\/10\/Goldzino-App-Android-300x129.webp 300w, https:\/\/gold-zino.org\/wp-content\/uploads\/2025\/10\/Goldzino-App-Android-1024x440.webp 1024w, https:\/\/gold-zino.org\/wp-content\/uploads\/2025\/10\/Goldzino-App-Android-768x330.webp 768w\" sizes=\"auto, (max-width: 1248px) 100vw, 1248px\" \/><\/p>\n<\/div><\/div><div style=\"clear: both\"><\/div><div class=\"d-flex justify-content-center\"><button data-item=\"decouvrez_link\" data-group=\"website_links\" class=\"goto fw-bold rounded-pill btn btn-orange\" aria-label=\"Goldzino herunterladen\" >Goldzino herunterladen<\/button><\/div><div class=\"scrollable-content-wrap my-5\"><div class=\"scrollable-content-inner\"><h2>iOS-Mobil-Anwendung<\/h2>\n<p>F\u00fcr iPhone- und iPad-Nutzer ist auch die Goldzino App verf\u00fcgbar. Wir haben alle unsere Spiele speziell f\u00fcr iOS-Ger\u00e4te optimiert. Du musst nicht im App Store nach der Goldzino-App suchen, da sie in deinem Browser zum Download bereitsteht. Auf der Goldzino-Homepage findest du einen speziellen Bereich zum Herunterladen unserer iOS-Software.<\/p>\n<p>So installieren Sie die Goldzino App auf Ihrem iOS-Ger\u00e4t:<\/p>\n<ol>\n<li>\u00d6ffnen Sie die Goldzino-Website in Ihrem Safari-Browser.<\/li>\n<li>Tippen Sie auf die Schaltfl\u00e4che \u201eTeilen\u201c (Quadrat mit einem Pfeil nach oben).<\/li>\n<li>W\u00e4hlen Sie im Men\u00fc \u201eZum Startbildschirm hinzuf\u00fcgen\u201c aus.<\/li>\n<li>Best\u00e4tigen Sie durch Klicken auf \u201eHinzuf\u00fcgen\u201c.<\/li>\n<\/ol>\n<p>Dadurch wird eine Verkn\u00fcpfung zu Goldzino Casino auf Ihrem Startbildschirm erstellt, sodass Sie schnell darauf zugreifen k\u00f6nnen, ohne etwas herunterladen zu m\u00fcssen.<\/p>\n<p>Hier haben Sie Zugriff auf alle Funktionen unseres mobilen Casinos. Sie k\u00f6nnen den Support \u00fcber den Live-Chat kontaktieren, Ihre Konten und Boni verwalten und die Rangliste in Turnieren verfolgen. Die Goldzino-App ist \u00e4u\u00dferst effizient und bietet allen iOS-Nutzern ein komfortables Spielerlebnis \u2013 \u00fcberall und auf jedem Ger\u00e4t.<\/p>\n<p><img loading=\"lazy\" decoding=\"async\" class=\"alignnone wp-image-1466 size-full\" src=\"https:\/\/gold-zino.org\/wp-content\/uploads\/2025\/10\/Goldzino-App-iOS.webp\" alt=\"Goldzino App iOS\" width=\"1248\" height=\"536\" srcset=\"https:\/\/gold-zino.org\/wp-content\/uploads\/2025\/10\/Goldzino-App-iOS.webp 1248w, https:\/\/gold-zino.org\/wp-content\/uploads\/2025\/10\/Goldzino-App-iOS-300x129.webp 300w, https:\/\/gold-zino.org\/wp-content\/uploads\/2025\/10\/Goldzino-App-iOS-1024x440.webp 1024w, https:\/\/gold-zino.org\/wp-content\/uploads\/2025\/10\/Goldzino-App-iOS-768x330.webp 768w\" sizes=\"auto, (max-width: 1248px) 100vw, 1248px\" \/><\/p>\n<\/div><\/div><div style=\"clear: both\"><\/div><div class=\"d-flex justify-content-center\"><button data-item=\"decouvrez_link\" data-group=\"website_links\" class=\"goto fw-bold rounded-pill btn btn-orange\" aria-label=\"Die Goldzino-App herunterladen\" >Die Goldzino-App herunterladen<\/button><\/div><div class=\"scrollable-content-wrap my-5\"><div class=\"scrollable-content-inner\"><h2>Goldzino Casino Desktop-App f\u00fcr Windows\/macOS<\/h2>\n<p>Mit der Goldzino-Desktop-App k\u00f6nnen Sie Ihre Lieblings-Online-Slots und Tischspiele von Ihrem Computer aus spielen. Die Plattform ist mit den Betriebssystemen Windows und macOS kompatibel. Die Goldzino-Desktop-App ist stabil, einfach zu bedienen und bietet Zugriff auf alle Casino-Funktionen.<\/p>\n<p>\u00d6ffnen Sie einfach einen beliebigen Browser und geben Sie \u201eGoldzino Casino\u201d in die Suchleiste ein. Es ist keine zus\u00e4tzliche Softwareinstallation erforderlich. Sie k\u00f6nnen sofort direkt in Ihrem Browser spielen. F\u00fcr einen schnellen Zugriff k\u00f6nnen Benutzer jedoch eine Verkn\u00fcpfung auf ihrem Desktop erstellen, \u00fcber die sie das Casino vom Startbildschirm ihres PCs aus starten k\u00f6nnen. Die Schnellzugriff-Verkn\u00fcpfung funktioniert als separate Anwendung und erfordert keine Downloads.<\/p>\n<p>Die Goldzino-Desktop-Anwendung steht anderen Versionen des Casinos in nichts nach. Sie verf\u00fcgt \u00fcber alle notwendigen Funktionen unseres Casinos, hochaufl\u00f6sende Grafiken und sofortiges Laden. Die Goldzino-Desktop-Software wurde f\u00fcr verbesserte Funktionalit\u00e4t und Spielleistung entwickelt.<\/p>\n<p><img loading=\"lazy\" decoding=\"async\" class=\"alignnone wp-image-1467 size-full\" src=\"https:\/\/gold-zino.org\/wp-content\/uploads\/2025\/10\/Goldzino-App-PC.webp\" alt=\"Goldzino App PC\" width=\"1248\" height=\"536\" srcset=\"https:\/\/gold-zino.org\/wp-content\/uploads\/2025\/10\/Goldzino-App-PC.webp 1248w, https:\/\/gold-zino.org\/wp-content\/uploads\/2025\/10\/Goldzino-App-PC-300x129.webp 300w, https:\/\/gold-zino.org\/wp-content\/uploads\/2025\/10\/Goldzino-App-PC-1024x440.webp 1024w, https:\/\/gold-zino.org\/wp-content\/uploads\/2025\/10\/Goldzino-App-PC-768x330.webp 768w\" sizes=\"auto, (max-width: 1248px) 100vw, 1248px\" \/><\/p>\n<\/div><\/div><div style=\"clear: both\"><\/div><div class=\"d-flex justify-content-center\"><button data-item=\"decouvrez_link\" data-group=\"website_links\" class=\"goto fw-bold rounded-pill btn btn-orange\" aria-label=\"Goldzino herunterladen\" >Goldzino herunterladen<\/button><\/div><div class=\"scrollable-content-wrap my-5\"><div class=\"scrollable-content-inner\"><h2>H\u00e4ufig gestellte Fragen<\/h2>\n<h3>Wo erhalte ich Kundensupport in der Goldzino Casino App?<\/h3>\n<p>Im Hauptmen\u00fc der Gold Zino-App finden Sie ein Support-Symbol. Wenn Sie darauf klicken, werden Sie mit unserem Live-Chat-Support verbunden. Sie k\u00f6nnen uns auch per E-Mail kontaktieren. Unser mehrsprachiges Support-Team steht Ihnen rund um die Uhr f\u00fcr alle Fragen zur Verf\u00fcgung.<\/p>\n<h3>Ben\u00f6tige ich ein Konto, um die Goldzino-App nutzen zu k\u00f6nnen?<\/h3>\n<p>Ja, Sie m\u00fcssen ein Konto erstellen, um bei Goldzino Casino spielen zu k\u00f6nnen. Sie k\u00f6nnen kostenlos im Demo-Modus spielen oder eine Einzahlung t\u00e4tigen und um echtes Geld spielen. Um unser Casino nutzen zu k\u00f6nnen, m\u00fcssen Sie den Registrierungsprozess abschlie\u00dfen und Ihr Konto verifizieren. Sobald Sie ein Konto erstellt haben, k\u00f6nnen Sie die App ganz einfach nutzen.<\/p>\n<h3>Sind alle Spiele in der App verf\u00fcgbar?<\/h3>\n<p>Alle Goldzino Casino Spiele sind in der Gold Zino App verf\u00fcgbar. In unserer App k\u00f6nnen Sie alle Online-Slots, Spiele mit Live-Dealern, Tischspiele, Crash-Spiele und vieles mehr spielen. Wir haben den Spielablauf f\u00fcr die App vollst\u00e4ndig optimiert, sodass Sie von jedem Ger\u00e4t aus spielen k\u00f6nnen.<\/p>\n<h3>Wie kann ich die Goldzino Casino App aktualisieren?<\/h3>\n<p>Goldzino PWA (Progressive Web App) wird automatisch aktualisiert, wodurch alle Funktionen verbessert werden. Wenn Sie Ihre Desktop-App f\u00fcr den PC manuell aktualisieren m\u00f6chten, k\u00f6nnen Sie dies \u00fcber Ihren Browser unten auf der Webseite im App-Bereich tun.<\/p>\n<\/div><\/div><\/p>\n","protected":false},"excerpt":{"rendered":"<p>Goldzino Anwendung Die Goldzino App bietet Ihnen das komplette mobile Casino-Erlebnis direkt auf Ihrem Ger\u00e4t. Sie umfasst \u00fcber 6.000 Spiele: Online Slots, Live-Dealer-Spiele, Tischspiele, Sofortspiele und vieles mehr. Die mobile App funktioniert in hoher Qualit\u00e4t, und Live-Casino-Spiele werden ohne Verz\u00f6gerung online gestreamt. Jeder Nutzer kann die Software auf seinem Ger\u00e4t installieren und \u00fcberall spielen, wo [&hellip;]<\/p>\n","protected":false},"author":1,"featured_media":0,"parent":0,"menu_order":0,"comment_status":"closed","ping_status":"closed","template":"template-builder.php","meta":{"_acf_changed":false,"inline_featured_image":false,"footnotes":""},"class_list":["post-1496","page","type-page","status-publish","hentry"],"acf":[],"yoast_head":"<!-- This site is optimized with the Yoast SEO plugin v27.3 - https:\/\/yoast.com\/product\/yoast-seo-wordpress\/ -->\n<title>Goldzino App \u2013 Download f\u00fcr iOS &amp; Android<\/title>\n<meta name=\"description\" content=\"Installiere Goldzino App auf iOS, Android, Windows und macOS, um das komplette Casino \u00fcberall zu spielen. Kontosynchronisierung, regelm\u00e4\u00dfige Updates und In-App-Support \u2013 alles in Gold Zino App.\" \/>\n<meta name=\"robots\" content=\"index, follow, max-snippet:-1, max-image-preview:large, max-video-preview:-1\" \/>\n<link rel=\"canonical\" href=\"https:\/\/gold-zino.org\/de\/app\/\" \/>\n<meta property=\"og:locale\" content=\"de_DE\" \/>\n<meta property=\"og:type\" content=\"article\" \/>\n<meta property=\"og:title\" content=\"Goldzino App \u2013 Download f\u00fcr iOS &amp; Android\" \/>\n<meta property=\"og:description\" content=\"Installiere Goldzino App auf iOS, Android, Windows und macOS, um das komplette Casino \u00fcberall zu spielen. Kontosynchronisierung, regelm\u00e4\u00dfige Updates und In-App-Support \u2013 alles in Gold Zino App.\" \/>\n<meta property=\"og:url\" content=\"https:\/\/gold-zino.org\/de\/app\/\" \/>\n<meta property=\"og:site_name\" content=\"goldzino\" \/>\n<meta property=\"article:modified_time\" content=\"2025-10-30T13:07:49+00:00\" \/>\n<meta name=\"twitter:card\" content=\"summary_large_image\" \/>\n<meta name=\"twitter:label1\" content=\"Gesch\u00e4tzte Lesezeit\" \/>\n\t<meta name=\"twitter:data1\" content=\"2\u00a0Minuten\" \/>\n<script type=\"application\/ld+json\" class=\"yoast-schema-graph\">{\"@context\":\"https:\\\/\\\/schema.org\",\"@graph\":[{\"@type\":\"WebPage\",\"@id\":\"https:\\\/\\\/gold-zino.org\\\/de\\\/app\\\/\",\"url\":\"https:\\\/\\\/gold-zino.org\\\/de\\\/app\\\/\",\"name\":\"Goldzino App \u2013 Download f\u00fcr iOS & Android\",\"isPartOf\":{\"@id\":\"https:\\\/\\\/gold-zino.org\\\/de\\\/#website\"},\"datePublished\":\"2025-10-30T09:04:37+00:00\",\"dateModified\":\"2025-10-30T13:07:49+00:00\",\"description\":\"Installiere Goldzino App auf iOS, Android, Windows und macOS, um das komplette Casino \u00fcberall zu spielen. Kontosynchronisierung, regelm\u00e4\u00dfige Updates und In-App-Support \u2013 alles in Gold Zino App.\",\"breadcrumb\":{\"@id\":\"https:\\\/\\\/gold-zino.org\\\/de\\\/app\\\/#breadcrumb\"},\"inLanguage\":\"de\",\"potentialAction\":[{\"@type\":\"ReadAction\",\"target\":[\"https:\\\/\\\/gold-zino.org\\\/de\\\/app\\\/\"]}]},{\"@type\":\"BreadcrumbList\",\"@id\":\"https:\\\/\\\/gold-zino.org\\\/de\\\/app\\\/#breadcrumb\",\"itemListElement\":[{\"@type\":\"ListItem\",\"position\":1,\"name\":\"GoldZino\",\"item\":\"https:\\\/\\\/gold-zino.org\\\/de\\\/\"},{\"@type\":\"ListItem\",\"position\":2,\"name\":\"App\"}]},{\"@type\":\"WebSite\",\"@id\":\"https:\\\/\\\/gold-zino.org\\\/de\\\/#website\",\"url\":\"https:\\\/\\\/gold-zino.org\\\/de\\\/\",\"name\":\"GoldZino\",\"description\":\"\",\"publisher\":{\"@id\":\"https:\\\/\\\/gold-zino.org\\\/de\\\/#organization\"},\"potentialAction\":[{\"@type\":\"SearchAction\",\"target\":{\"@type\":\"EntryPoint\",\"urlTemplate\":\"https:\\\/\\\/gold-zino.org\\\/de\\\/?s={search_term_string}\"},\"query-input\":{\"@type\":\"PropertyValueSpecification\",\"valueRequired\":true,\"valueName\":\"search_term_string\"}}],\"inLanguage\":\"de\"},{\"@type\":\"Organization\",\"@id\":\"https:\\\/\\\/gold-zino.org\\\/de\\\/#organization\",\"name\":\"GoldZino\",\"url\":\"https:\\\/\\\/gold-zino.org\\\/de\\\/\",\"logo\":{\"@type\":\"ImageObject\",\"inLanguage\":\"de\",\"@id\":\"https:\\\/\\\/gold-zino.org\\\/de\\\/#\\\/schema\\\/logo\\\/image\\\/\",\"url\":\"https:\\\/\\\/gold-zino.org\\\/wp-content\\\/uploads\\\/2025\\\/08\\\/80u1FaquEZeR6OUTeJCc.png\",\"contentUrl\":\"https:\\\/\\\/gold-zino.org\\\/wp-content\\\/uploads\\\/2025\\\/08\\\/80u1FaquEZeR6OUTeJCc.png\",\"width\":209,\"height\":46,\"caption\":\"GoldZino\"},\"image\":{\"@id\":\"https:\\\/\\\/gold-zino.org\\\/de\\\/#\\\/schema\\\/logo\\\/image\\\/\"}}]}<\/script>\n<!-- \/ Yoast SEO plugin. -->","yoast_head_json":{"title":"Goldzino App \u2013 Download f\u00fcr iOS & Android","description":"Installiere Goldzino App auf iOS, Android, Windows und macOS, um das komplette Casino \u00fcberall zu spielen. Kontosynchronisierung, regelm\u00e4\u00dfige Updates und In-App-Support \u2013 alles in Gold Zino App.","robots":{"index":"index","follow":"follow","max-snippet":"max-snippet:-1","max-image-preview":"max-image-preview:large","max-video-preview":"max-video-preview:-1"},"canonical":"https:\/\/gold-zino.org\/de\/app\/","og_locale":"de_DE","og_type":"article","og_title":"Goldzino App \u2013 Download f\u00fcr iOS & Android","og_description":"Installiere Goldzino App auf iOS, Android, Windows und macOS, um das komplette Casino \u00fcberall zu spielen. Kontosynchronisierung, regelm\u00e4\u00dfige Updates und In-App-Support \u2013 alles in Gold Zino App.","og_url":"https:\/\/gold-zino.org\/de\/app\/","og_site_name":"goldzino","article_modified_time":"2025-10-30T13:07:49+00:00","twitter_card":"summary_large_image","twitter_misc":{"Gesch\u00e4tzte Lesezeit":"2\u00a0Minuten"},"schema":{"@context":"https:\/\/schema.org","@graph":[{"@type":"WebPage","@id":"https:\/\/gold-zino.org\/de\/app\/","url":"https:\/\/gold-zino.org\/de\/app\/","name":"Goldzino App \u2013 Download f\u00fcr iOS & Android","isPartOf":{"@id":"https:\/\/gold-zino.org\/de\/#website"},"datePublished":"2025-10-30T09:04:37+00:00","dateModified":"2025-10-30T13:07:49+00:00","description":"Installiere Goldzino App auf iOS, Android, Windows und macOS, um das komplette Casino \u00fcberall zu spielen. Kontosynchronisierung, regelm\u00e4\u00dfige Updates und In-App-Support \u2013 alles in Gold Zino App.","breadcrumb":{"@id":"https:\/\/gold-zino.org\/de\/app\/#breadcrumb"},"inLanguage":"de","potentialAction":[{"@type":"ReadAction","target":["https:\/\/gold-zino.org\/de\/app\/"]}]},{"@type":"BreadcrumbList","@id":"https:\/\/gold-zino.org\/de\/app\/#breadcrumb","itemListElement":[{"@type":"ListItem","position":1,"name":"GoldZino","item":"https:\/\/gold-zino.org\/de\/"},{"@type":"ListItem","position":2,"name":"App"}]},{"@type":"WebSite","@id":"https:\/\/gold-zino.org\/de\/#website","url":"https:\/\/gold-zino.org\/de\/","name":"GoldZino","description":"","publisher":{"@id":"https:\/\/gold-zino.org\/de\/#organization"},"potentialAction":[{"@type":"SearchAction","target":{"@type":"EntryPoint","urlTemplate":"https:\/\/gold-zino.org\/de\/?s={search_term_string}"},"query-input":{"@type":"PropertyValueSpecification","valueRequired":true,"valueName":"search_term_string"}}],"inLanguage":"de"},{"@type":"Organization","@id":"https:\/\/gold-zino.org\/de\/#organization","name":"GoldZino","url":"https:\/\/gold-zino.org\/de\/","logo":{"@type":"ImageObject","inLanguage":"de","@id":"https:\/\/gold-zino.org\/de\/#\/schema\/logo\/image\/","url":"https:\/\/gold-zino.org\/wp-content\/uploads\/2025\/08\/80u1FaquEZeR6OUTeJCc.png","contentUrl":"https:\/\/gold-zino.org\/wp-content\/uploads\/2025\/08\/80u1FaquEZeR6OUTeJCc.png","width":209,"height":46,"caption":"GoldZino"},"image":{"@id":"https:\/\/gold-zino.org\/de\/#\/schema\/logo\/image\/"}}]}},"_links":{"self":[{"href":"https:\/\/gold-zino.org\/de\/wp-json\/wp\/v2\/pages\/1496","targetHints":{"allow":["GET"]}}],"collection":[{"href":"https:\/\/gold-zino.org\/de\/wp-json\/wp\/v2\/pages"}],"about":[{"href":"https:\/\/gold-zino.org\/de\/wp-json\/wp\/v2\/types\/page"}],"author":[{"embeddable":true,"href":"https:\/\/gold-zino.org\/de\/wp-json\/wp\/v2\/users\/1"}],"replies":[{"embeddable":true,"href":"https:\/\/gold-zino.org\/de\/wp-json\/wp\/v2\/comments?post=1496"}],"version-history":[{"count":3,"href":"https:\/\/gold-zino.org\/de\/wp-json\/wp\/v2\/pages\/1496\/revisions"}],"predecessor-version":[{"id":1813,"href":"https:\/\/gold-zino.org\/de\/wp-json\/wp\/v2\/pages\/1496\/revisions\/1813"}],"wp:attachment":[{"href":"https:\/\/gold-zino.org\/de\/wp-json\/wp\/v2\/media?parent=1496"}],"curies":[{"name":"wp","href":"https:\/\/api.w.org\/{rel}","templated":true}]}}