{"id":1529,"date":"2025-10-30T09:09:51","date_gmt":"2025-10-30T09:09:51","guid":{"rendered":"https:\/\/gold-zino.org\/login-e-registo\/"},"modified":"2025-10-30T13:09:44","modified_gmt":"2025-10-30T13:09:44","slug":"anmeldung-und-registrierung","status":"publish","type":"page","link":"https:\/\/gold-zino.org\/de\/anmeldung-und-registrierung\/","title":{"rendered":"Anmeldung und Registrierung"},"content":{"rendered":"<h1>Goldzino Anmeldung<\/h1>\n<p>Um ein Konto auf unserer Casino-Website zu erstellen, muss jeder den Goldzino Login Prozess durchlaufen. Alle registrierten Benutzer k\u00f6nnen sich mit ihrem Benutzernamen und Passwort \u00fcber einen Browser oder eine mobile App anmelden. Wenn Sie neu sind und noch kein Konto haben, k\u00f6nnen Sie in wenigen Schritten eines erstellen.<\/p>\n<p><div class=\"banner-wrap\" aria-label=\"Banner\"><img src=\"https:\/\/gold-zino.org\/wp-content\/uploads\/2025\/10\/Goldzino-Banner-Desktop.webp\" class=\"w-100 d-none d-lg-block img-pc main-banner-img\" alt=\"goldzino bonus desktop\" fetchpriority=\"high\" decoding=\"async\"><img src=\"https:\/\/gold-zino.org\/wp-content\/uploads\/2025\/10\/Gold-zino-Mobile-Banner.webp\" class=\"w-100 d-none d-md-block d-lg-none main-banner-img\" alt=\"goldzino bonus mobile\" fetchpriority=\"high\" decoding=\"async\"><img src=\"https:\/\/gold-zino.org\/wp-content\/uploads\/2025\/10\/Gold-zino-Mobile-Banner.webp\" class=\"w-100 d-md-none\" alt=\"goldzino bonus mobile\" fetchpriority=\"high\" decoding=\"async\"><div class=\"banner-description\">\n<div class=\"banner-title\">Willkommensboni<\/div>\n<p class=\"banner-header-title\">\u20ac1500<\/p>\n<div class=\"banner-header-AdditionalText\">+ 250 Freispiele<\/div>\n<button data-item=\"homepage_banner_link\" class=\"goto m-button m-gradient-border m-button--primary m-button--large banner-button btn-orange\">\n            <div class=\"m-button-content\">\n                <span>Jetzt anmelden<\/span>\n                <span><\/span>\n            <\/div>\n        <\/button>\n<\/div>\n<div class=\"WelcomePack\">\n<p><img loading=\"lazy\" decoding=\"async\" class=\"alignnone size-full wp-image-1452\" src=\"https:\/\/gold-zino.org\/wp-content\/uploads\/2025\/10\/welcome-crown.svg\" alt=\"crown\" width=\"25\" height=\"26\" \/><\/p>\n<div class=\"WelcomePack-Info\">W\u00f6chentliches Cashback bis zu 25 %<\/div>\n<p><img loading=\"lazy\" decoding=\"async\" class=\"alignnone size-full wp-image-1452\" src=\"https:\/\/gold-zino.org\/wp-content\/uploads\/2025\/10\/welcome-crown.svg\" alt=\"crown\" width=\"25\" height=\"26\" \/><\/p>\n<\/div>\n<\/div><div class=\"scrollable-content-wrap my-5\"><div class=\"scrollable-content-inner\"><h2>Goldzino Casino Registrierungsprozess<\/h2>\n<p>Unsere Plattform bietet ihren Nutzern Zugang zu mehr als 6.000 Spielen. Jeder neu registrierte Nutzer erh\u00e4lt einen Willkommensbonus von 1.500 \u20ac und 250 Freispiele. Wenn Sie ein Konto bei Gold Zino Casino erstellen, erhalten Sie Zugang zu allen Funktionen unseres modernen Online-Casinos. Sobald Sie ein Konto erstellt haben, k\u00f6nnen Sie sich von jedem Ger\u00e4t aus einloggen und alle Aktionen von jedem Ger\u00e4t aus durchf\u00fchren. Unser Casino bietet seinen Nutzern die M\u00f6glichkeit, an den fortschrittlichsten Turnieren teilzunehmen, bei denen Sie in die Rangliste aufgenommen werden k\u00f6nnen.<\/p>\n<table>\n<tbody>\n<tr>\n<td>Anforderung<\/td>\n<td>Details<\/td>\n<\/tr>\n<tr>\n<td>E-Mail<\/td>\n<td>Registrierte E-Mail-Adresse<\/td>\n<\/tr>\n<tr>\n<td>Passwort<\/td>\n<td>Muss mit dem bei der Registrierung verwendeten \u00fcbereinstimmen<\/td>\n<\/tr>\n<tr>\n<td>\u00dcberpr\u00fcfung<\/td>\n<td>F\u00fchren Sie den Verifizierungsprozess wie erforderlich durch.<\/td>\n<\/tr>\n<tr>\n<td>Ger\u00e4t<\/td>\n<td>Zug\u00e4nglich auf Desktop, Mobilger\u00e4ten oder Tablets<\/td>\n<\/tr>\n<\/tbody>\n<\/table>\n<h3>Erstellen Sie Ihr Konto<\/h3>\n<p>Um ein Konto bei Goldzino Casino zu erstellen, gehen Sie wie folgt vor:<\/p>\n<ol>\n<li>Klicken Sie auf die Schaltfl\u00e4che \u201eRegistrieren\u201c.<\/li>\n<li>Es befindet sich in der oberen rechten Ecke der Hauptseite.<\/li>\n<li>Geben Sie Ihre pers\u00f6nlichen Daten ein.<\/li>\n<li>Geben Sie Ihre E-Mail-Adresse ein und legen Sie ein Passwort fest. Wenn Sie einen Aktionscode haben, geben Sie diesen bitte an dieser Stelle ein.<\/li>\n<li>Best\u00e4tigen Sie Ihre Zustimmung zu unseren Regeln. Geben Sie an, dass Sie \u00fcber 18 Jahre alt sind und unsere Allgemeinen Gesch\u00e4ftsbedingungen und Datenschutzrichtlinien akzeptieren.<\/li>\n<li>Klicken Sie zur Best\u00e4tigung auf \u201eRegistrieren\u201c.<\/li>\n<li>Sie erhalten eine E-Mail. \u00d6ffnen Sie die Nachricht und folgen Sie dem darin enthaltenen Link, um Ihr Konto zu aktivieren und den Goldzino Anmeldevorgang abzuschlie\u00dfen.<\/li>\n<\/ol>\n<p>Sobald Sie Ihr Konto best\u00e4tigt haben, werden Sie Vollmitglied der Goldzino Gaming-Community.<\/p>\n<h2>Goldzino-Anmeldung und Kontoverwaltung<\/h2>\n<p>Der Goldzino Anmeldeprozess ist schnell und sicher. Sobald Sie sich in Ihr Konto eingeloggt haben, haben Sie Zugriff auf die Verwaltung. Hier k\u00f6nnen Sie alle Aspekte Ihres Kontos verwalten, einschlie\u00dflich Einzahlungen, Auszahlungen, Boni und Promo-Codes. Spieler k\u00f6nnen auch auf die VIP-Verwaltung zugreifen, an Turnieren teilnehmen und die Einstellungen f\u00fcr verantwortungsbewusstes Spielen in ihrem Konto anpassen. Im Bereich \u201eVerantwortungsbewusstes Spielen\u201d k\u00f6nnen Sie Zeitlimits festlegen oder sich selbst sperren. Benutzer k\u00f6nnen unser mehrsprachiges Support Team \u00fcber unsere App oder unseren Browser kontaktieren. Das Gold Zino Support Team steht allen zur Verf\u00fcgung, da Sie uns nicht nur \u00fcber den Live Chat auf der Website oder in der App kontaktieren k\u00f6nnen, sondern auch per E-Mail. Sie k\u00f6nnen sich an den Support wenden, wenn Sie Probleme mit dem Goldzino Anmeldeprozess haben.Unter anderem k\u00f6nnen Sie mit einem Goldzino-Konto Spieledaten im Verlaufsbereich auf der Website oder in der App einsehen. Sie k\u00f6nnen Belohnungen f\u00fcr Klicks auf Ihre Empfehlungslinks verdienen. Sie erhalten eine Belohnung f\u00fcr jede Person, die sich \u00fcber Ihren Link registriert.<\/p>\n<h3>Passwort vergessen?<\/h3>\n<p>Es kann vorkommen, dass Sie Ihr Passwort vergessen. In diesem Fall gibt es einen vorgefertigten Aktionsplan. Die Wiederherstellung Ihres Passworts ist nicht schwierig und kann schnell durchgef\u00fchrt werden. \u00d6ffnen Sie den Abschnitt Goldzino Anmeldung . Befolgen Sie unsere Anweisungen:<\/p>\n<ol>\n<li>Klicken Sie auf die Schaltfl\u00e4che \u201eAnmelden\u201c in der oberen rechten Ecke.<\/li>\n<li>W\u00e4hlen Sie unterhalb des Formulars \u201ePasswort vergessen?\u201c aus.<\/li>\n<li>Geben Sie die mit Ihrem Goldzino-Konto verkn\u00fcpfte E-Mail-Adresse ein.<\/li>\n<li>Folgen Sie dem Link, der an Ihre E-Mail-Adresse gesendet wurde, um Ihr Passwort zur\u00fcckzusetzen und ein neues zu erstellen.<\/li>\n<\/ol>\n<h2>Verifizierungsprozess bei Goldzino Casino<\/h2>\n<p>Auf der Plattform Gold Zino m\u00fcssen Sie den Verifizierungsprozess durchlaufen. Benutzer m\u00fcssen ihre pers\u00f6nlichen Unterlagen hochladen. Sie m\u00fcssen einen Reisepass, einen Personalausweis, einen F\u00fchrerschein oder eine Stromrechnung vorlegen, die nicht \u00e4lter als sechs Monate ist.<\/p>\n<p>Unser Team wird Ihre Unterlagen in weniger als 48 Stunden pr\u00fcfen. Nach Abschluss des Verifizierungsprozesses wird Ihr Konto validiert. Wenn Ihr Konto authentifiziert ist, k\u00f6nnen Sie Geld und Boni auszahlen lassen. Goldzino Casino hat eine \u201eKnow Your Customer\u201d-Richtlinie (KYC), um Spieler vor Betrug zu sch\u00fctzen.<\/p>\n<p>In der Fu\u00dfzeile der Website Goldzino finden Sie weitere Informationen zu den KYC-Regeln und zum Verfahren zur Einreichung von Dokumenten. Sobald Sie diesen Schritt abgeschlossen haben, stehen Ihnen alle Funktionen von Goldzino Casino zur Verf\u00fcgung. Sie k\u00f6nnen unserem VIP-Club beitreten und an Turnieren teilnehmen.<\/p>\n<h2>H\u00e4ufig gestellte Fragen<\/h2>\n<h3>Welche Schritte m\u00fcssen zur Kontoverifizierung unternommen werden?<\/h3>\n<p>Damit Goldzino Casino Ihr Konto verifizieren kann, m\u00fcssen Sie Dokumente vorlegen, die Ihre Identit\u00e4t best\u00e4tigen. Zum Beispiel einen Reisepass, Personalausweis, F\u00fchrerschein oder eine aktuelle Stromrechnung. Unser Team wird Ihre Antr\u00e4ge innerhalb von 48 Stunden pr\u00fcfen. Nach der Genehmigung k\u00f6nnen Sie Ihr Konto f\u00fcr alle Zwecke nutzen, einschlie\u00dflich Zahlungen.<\/p>\n<h3>Wie kann ich mein Konto schlie\u00dfen oder vor\u00fcbergehend sperren?<\/h3>\n<p>In Ihren Goldzino Kontoeinstellungen k\u00f6nnen Sie Ihr Konto schlie\u00dfen oder vor\u00fcbergehend sperren. F\u00fcr sicheres Spielen k\u00f6nnen Sie Tools wie Selbstausschluss oder vor\u00fcbergehende Einschr\u00e4nkungen nutzen. Kontaktieren Sie unser mehrsprachiges Support-Team per Online-Chat oder E-Mail, um eine dauerhafte Schlie\u00dfung oder Unterst\u00fctzung anzufordern. Es wird Sie sicher und schnell durch den gesamten Prozess begleiten.<\/p>\n<h3>Was soll ich tun, wenn mein Konto gesperrt ist?<\/h3>\n<p>Wenn Ihr Gold Zino-Konto gesperrt ist, wenden Sie sich bitte umgehend an unseren Kundendienst. Dieser wird Ihre Identit\u00e4t \u00fcberpr\u00fcfen und Ihnen Empfehlungen zur Wiederherstellung des Zugriffs geben. Konten k\u00f6nnen aus Sicherheitsgr\u00fcnden gesperrt werden, beispielsweise aufgrund fehlgeschlagener Anmeldeversuche oder der Notwendigkeit, Ihre Identit\u00e4t zu \u00fcberpr\u00fcfen. Um den vollst\u00e4ndigen Zugriff sicher wiederherzustellen, wenden Sie sich bitte an den Kundendienst.<\/p>\n<h3>Kann ich mein Passwort oder meine E-Mail-Adresse verwalten?<\/h3>\n<p>Ja, Goldzino-Benutzer k\u00f6nnen ihre Daten in ihren Kontoeinstellungen \u00e4ndern. Sie k\u00f6nnen Ihre E-Mail-Adresse oder Ihr Passwort \u00e4ndern. \u00dcber den Link \u201ePasswort vergessen?\u201c k\u00f6nnen Sie auch Ihr Passwort aktualisieren, damit Sie auf Ihr Konto zugreifen k\u00f6nnen.<\/p>\n<\/div><\/div><\/p>\n","protected":false},"excerpt":{"rendered":"<p>Goldzino Anmeldung Um ein Konto auf unserer Casino-Website zu erstellen, muss jeder den Goldzino Login Prozess durchlaufen. Alle registrierten Benutzer k\u00f6nnen sich mit ihrem Benutzernamen und Passwort \u00fcber einen Browser oder eine mobile App anmelden. Wenn Sie neu sind und noch kein Konto haben, k\u00f6nnen Sie in wenigen Schritten eines erstellen.<\/p>\n","protected":false},"author":1,"featured_media":0,"parent":0,"menu_order":0,"comment_status":"closed","ping_status":"closed","template":"template-builder.php","meta":{"_acf_changed":false,"inline_featured_image":false,"footnotes":""},"class_list":["post-1529","page","type-page","status-publish","hentry"],"acf":[],"yoast_head":"<!-- This site is optimized with the Yoast SEO plugin v27.3 - https:\/\/yoast.com\/product\/yoast-seo-wordpress\/ -->\n<title>Goldzino Casino \u2013 Login &amp; Registrierung<\/title>\n<meta name=\"description\" content=\"Goldzino login oder erstelle dein Konto. Verifiziere dein Profil, setze dein Passwort zur\u00fcck und verwalte dein Konto sicher und schnell in Gold Zino.\" \/>\n<meta name=\"robots\" content=\"index, follow, max-snippet:-1, max-image-preview:large, max-video-preview:-1\" \/>\n<link rel=\"canonical\" href=\"https:\/\/gold-zino.org\/de\/anmeldung-und-registrierung\/\" \/>\n<meta property=\"og:locale\" content=\"de_DE\" \/>\n<meta property=\"og:type\" content=\"article\" \/>\n<meta property=\"og:title\" content=\"Goldzino Casino \u2013 Login &amp; Registrierung\" \/>\n<meta property=\"og:description\" content=\"Goldzino login oder erstelle dein Konto. Verifiziere dein Profil, setze dein Passwort zur\u00fcck und verwalte dein Konto sicher und schnell in Gold Zino.\" \/>\n<meta property=\"og:url\" content=\"https:\/\/gold-zino.org\/de\/anmeldung-und-registrierung\/\" \/>\n<meta property=\"og:site_name\" content=\"goldzino\" \/>\n<meta property=\"article:modified_time\" content=\"2025-10-30T13:09:44+00:00\" \/>\n<meta name=\"twitter:card\" content=\"summary_large_image\" \/>\n<meta name=\"twitter:label1\" content=\"Gesch\u00e4tzte Lesezeit\" \/>\n\t<meta name=\"twitter:data1\" content=\"1\u00a0Minute\" \/>\n<script type=\"application\/ld+json\" class=\"yoast-schema-graph\">{\"@context\":\"https:\\\/\\\/schema.org\",\"@graph\":[{\"@type\":\"WebPage\",\"@id\":\"https:\\\/\\\/gold-zino.org\\\/de\\\/anmeldung-und-registrierung\\\/\",\"url\":\"https:\\\/\\\/gold-zino.org\\\/de\\\/anmeldung-und-registrierung\\\/\",\"name\":\"Goldzino Casino \u2013 Login & Registrierung\",\"isPartOf\":{\"@id\":\"https:\\\/\\\/gold-zino.org\\\/de\\\/#website\"},\"datePublished\":\"2025-10-30T09:09:51+00:00\",\"dateModified\":\"2025-10-30T13:09:44+00:00\",\"description\":\"Goldzino login oder erstelle dein Konto. Verifiziere dein Profil, setze dein Passwort zur\u00fcck und verwalte dein Konto sicher und schnell in Gold Zino.\",\"breadcrumb\":{\"@id\":\"https:\\\/\\\/gold-zino.org\\\/de\\\/anmeldung-und-registrierung\\\/#breadcrumb\"},\"inLanguage\":\"de\",\"potentialAction\":[{\"@type\":\"ReadAction\",\"target\":[\"https:\\\/\\\/gold-zino.org\\\/de\\\/anmeldung-und-registrierung\\\/\"]}]},{\"@type\":\"BreadcrumbList\",\"@id\":\"https:\\\/\\\/gold-zino.org\\\/de\\\/anmeldung-und-registrierung\\\/#breadcrumb\",\"itemListElement\":[{\"@type\":\"ListItem\",\"position\":1,\"name\":\"GoldZino\",\"item\":\"https:\\\/\\\/gold-zino.org\\\/de\\\/\"},{\"@type\":\"ListItem\",\"position\":2,\"name\":\"Anmeldung und Registrierung\"}]},{\"@type\":\"WebSite\",\"@id\":\"https:\\\/\\\/gold-zino.org\\\/de\\\/#website\",\"url\":\"https:\\\/\\\/gold-zino.org\\\/de\\\/\",\"name\":\"GoldZino\",\"description\":\"\",\"publisher\":{\"@id\":\"https:\\\/\\\/gold-zino.org\\\/de\\\/#organization\"},\"potentialAction\":[{\"@type\":\"SearchAction\",\"target\":{\"@type\":\"EntryPoint\",\"urlTemplate\":\"https:\\\/\\\/gold-zino.org\\\/de\\\/?s={search_term_string}\"},\"query-input\":{\"@type\":\"PropertyValueSpecification\",\"valueRequired\":true,\"valueName\":\"search_term_string\"}}],\"inLanguage\":\"de\"},{\"@type\":\"Organization\",\"@id\":\"https:\\\/\\\/gold-zino.org\\\/de\\\/#organization\",\"name\":\"GoldZino\",\"url\":\"https:\\\/\\\/gold-zino.org\\\/de\\\/\",\"logo\":{\"@type\":\"ImageObject\",\"inLanguage\":\"de\",\"@id\":\"https:\\\/\\\/gold-zino.org\\\/de\\\/#\\\/schema\\\/logo\\\/image\\\/\",\"url\":\"https:\\\/\\\/gold-zino.org\\\/wp-content\\\/uploads\\\/2025\\\/08\\\/80u1FaquEZeR6OUTeJCc.png\",\"contentUrl\":\"https:\\\/\\\/gold-zino.org\\\/wp-content\\\/uploads\\\/2025\\\/08\\\/80u1FaquEZeR6OUTeJCc.png\",\"width\":209,\"height\":46,\"caption\":\"GoldZino\"},\"image\":{\"@id\":\"https:\\\/\\\/gold-zino.org\\\/de\\\/#\\\/schema\\\/logo\\\/image\\\/\"}}]}<\/script>\n<!-- \/ Yoast SEO plugin. -->","yoast_head_json":{"title":"Goldzino Casino \u2013 Login & Registrierung","description":"Goldzino login oder erstelle dein Konto. Verifiziere dein Profil, setze dein Passwort zur\u00fcck und verwalte dein Konto sicher und schnell in Gold Zino.","robots":{"index":"index","follow":"follow","max-snippet":"max-snippet:-1","max-image-preview":"max-image-preview:large","max-video-preview":"max-video-preview:-1"},"canonical":"https:\/\/gold-zino.org\/de\/anmeldung-und-registrierung\/","og_locale":"de_DE","og_type":"article","og_title":"Goldzino Casino \u2013 Login & Registrierung","og_description":"Goldzino login oder erstelle dein Konto. Verifiziere dein Profil, setze dein Passwort zur\u00fcck und verwalte dein Konto sicher und schnell in Gold Zino.","og_url":"https:\/\/gold-zino.org\/de\/anmeldung-und-registrierung\/","og_site_name":"goldzino","article_modified_time":"2025-10-30T13:09:44+00:00","twitter_card":"summary_large_image","twitter_misc":{"Gesch\u00e4tzte Lesezeit":"1\u00a0Minute"},"schema":{"@context":"https:\/\/schema.org","@graph":[{"@type":"WebPage","@id":"https:\/\/gold-zino.org\/de\/anmeldung-und-registrierung\/","url":"https:\/\/gold-zino.org\/de\/anmeldung-und-registrierung\/","name":"Goldzino Casino \u2013 Login & Registrierung","isPartOf":{"@id":"https:\/\/gold-zino.org\/de\/#website"},"datePublished":"2025-10-30T09:09:51+00:00","dateModified":"2025-10-30T13:09:44+00:00","description":"Goldzino login oder erstelle dein Konto. Verifiziere dein Profil, setze dein Passwort zur\u00fcck und verwalte dein Konto sicher und schnell in Gold Zino.","breadcrumb":{"@id":"https:\/\/gold-zino.org\/de\/anmeldung-und-registrierung\/#breadcrumb"},"inLanguage":"de","potentialAction":[{"@type":"ReadAction","target":["https:\/\/gold-zino.org\/de\/anmeldung-und-registrierung\/"]}]},{"@type":"BreadcrumbList","@id":"https:\/\/gold-zino.org\/de\/anmeldung-und-registrierung\/#breadcrumb","itemListElement":[{"@type":"ListItem","position":1,"name":"GoldZino","item":"https:\/\/gold-zino.org\/de\/"},{"@type":"ListItem","position":2,"name":"Anmeldung und Registrierung"}]},{"@type":"WebSite","@id":"https:\/\/gold-zino.org\/de\/#website","url":"https:\/\/gold-zino.org\/de\/","name":"GoldZino","description":"","publisher":{"@id":"https:\/\/gold-zino.org\/de\/#organization"},"potentialAction":[{"@type":"SearchAction","target":{"@type":"EntryPoint","urlTemplate":"https:\/\/gold-zino.org\/de\/?s={search_term_string}"},"query-input":{"@type":"PropertyValueSpecification","valueRequired":true,"valueName":"search_term_string"}}],"inLanguage":"de"},{"@type":"Organization","@id":"https:\/\/gold-zino.org\/de\/#organization","name":"GoldZino","url":"https:\/\/gold-zino.org\/de\/","logo":{"@type":"ImageObject","inLanguage":"de","@id":"https:\/\/gold-zino.org\/de\/#\/schema\/logo\/image\/","url":"https:\/\/gold-zino.org\/wp-content\/uploads\/2025\/08\/80u1FaquEZeR6OUTeJCc.png","contentUrl":"https:\/\/gold-zino.org\/wp-content\/uploads\/2025\/08\/80u1FaquEZeR6OUTeJCc.png","width":209,"height":46,"caption":"GoldZino"},"image":{"@id":"https:\/\/gold-zino.org\/de\/#\/schema\/logo\/image\/"}}]}},"_links":{"self":[{"href":"https:\/\/gold-zino.org\/de\/wp-json\/wp\/v2\/pages\/1529","targetHints":{"allow":["GET"]}}],"collection":[{"href":"https:\/\/gold-zino.org\/de\/wp-json\/wp\/v2\/pages"}],"about":[{"href":"https:\/\/gold-zino.org\/de\/wp-json\/wp\/v2\/types\/page"}],"author":[{"embeddable":true,"href":"https:\/\/gold-zino.org\/de\/wp-json\/wp\/v2\/users\/1"}],"replies":[{"embeddable":true,"href":"https:\/\/gold-zino.org\/de\/wp-json\/wp\/v2\/comments?post=1529"}],"version-history":[{"count":2,"href":"https:\/\/gold-zino.org\/de\/wp-json\/wp\/v2\/pages\/1529\/revisions"}],"predecessor-version":[{"id":1815,"href":"https:\/\/gold-zino.org\/de\/wp-json\/wp\/v2\/pages\/1529\/revisions\/1815"}],"wp:attachment":[{"href":"https:\/\/gold-zino.org\/de\/wp-json\/wp\/v2\/media?parent=1529"}],"curies":[{"name":"wp","href":"https:\/\/api.w.org\/{rel}","templated":true}]}}