{"id":1504,"date":"2025-10-30T09:04:37","date_gmt":"2025-10-30T09:04:37","guid":{"rendered":"https:\/\/gold-zino.org\/aplicacao\/"},"modified":"2025-10-31T08:52:13","modified_gmt":"2025-10-31T08:52:13","slug":"aplicacion","status":"publish","type":"page","link":"https:\/\/gold-zino.org\/es\/aplicacion\/","title":{"rendered":"Aplicaci\u00f3n"},"content":{"rendered":"<h1>Aplicaci\u00f3n Goldzino<\/h1>\n<p>La Goldzino app te ofrece una experiencia de casino m\u00f3vil completa directamente en tu dispositivo. Cuenta con m\u00e1s de 6000 juegos: tragamonedas en l\u00ednea, juegos con crupier en vivo, juegos de mesa, juegos instant\u00e1neos y mucho m\u00e1s. La aplicaci\u00f3n m\u00f3vil funciona con alta calidad y los juegos de casino en vivo se transmiten en l\u00ednea sin retrasos. Cualquier usuario puede instalar el software en su dispositivo y jugar en cualquier lugar que le resulte conveniente.<\/p>\n<div class=\"banner-wrap\" aria-label=\"Banner\"><img src=\"https:\/\/gold-zino.org\/wp-content\/uploads\/2025\/10\/Goldzino-Banner-Desktop.webp\" class=\"w-100 d-none d-lg-block img-pc main-banner-img\" alt=\"goldzino bonus desktop\" fetchpriority=\"high\" decoding=\"async\"><img src=\"https:\/\/gold-zino.org\/wp-content\/uploads\/2025\/10\/Gold-zino-Mobile-Banner.webp\" class=\"w-100 d-none d-md-block d-lg-none main-banner-img\" alt=\"goldzino bonus mobile\" fetchpriority=\"high\" decoding=\"async\"><img src=\"https:\/\/gold-zino.org\/wp-content\/uploads\/2025\/10\/Gold-zino-Mobile-Banner.webp\" class=\"w-100 d-md-none\" alt=\"goldzino bonus mobile\" fetchpriority=\"high\" decoding=\"async\"><div class=\"banner-description\">\n<div class=\"banner-title\">Bonos de Bienvenida<\/div>\n<p class=\"banner-header-title\">\u20ac1500<\/p>\n<div class=\"banner-header-AdditionalText\">+ 250 Giros Gratis<\/div>\n<button data-item=\"homepage_banner_link\" class=\"goto m-button m-gradient-border m-button--primary m-button--large banner-button btn-orange\">\n            <div class=\"m-button-content\">\n                <span>Reg\u00edstrate Ahora<\/span>\n                <span><\/span>\n            <\/div>\n        <\/button>\n<\/div>\n<div class=\"WelcomePack\">\n<p><img loading=\"lazy\" decoding=\"async\" class=\"alignnone size-full wp-image-1452\" src=\"https:\/\/gold-zino.org\/wp-content\/uploads\/2025\/10\/welcome-crown.svg\" alt=\"crown\" width=\"25\" height=\"26\" \/><\/p>\n<div class=\"WelcomePack-Info\">Cashback Semanal hasta 25%<\/div>\n<p><img loading=\"lazy\" decoding=\"async\" class=\"alignnone size-full wp-image-1452\" src=\"https:\/\/gold-zino.org\/wp-content\/uploads\/2025\/10\/welcome-crown.svg\" alt=\"crown\" width=\"25\" height=\"26\" \/><\/p>\n<\/div>\n<\/div>\n<h2>Casino m\u00f3vil Goldzino<\/h2>\n<p>La aplicaci\u00f3n m\u00f3vil Gold Zino ofrece a los jugadores espa\u00f1oles las mismas funciones que la versi\u00f3n para PC. Los juegos se cargan r\u00e1pidamente en la aplicaci\u00f3n m\u00f3vil, los gr\u00e1ficos son fluidos y los controles son intuitivos. En la aplicaci\u00f3n, puedes verificar tu cuenta, ponerte en contacto con el equipo de asistencia a trav\u00e9s del chat en vivo, gestionar tu cuenta y mucho m\u00e1s.<\/p>\n<p>La aplicaci\u00f3n Gold Zino permite a los usuarios realizar dep\u00f3sitos, retirar fondos de forma segura y establecer todos los l\u00edmites. Aqu\u00ed puedes gestionar tu cuenta personal, configurar herramientas para un juego responsable y establecer l\u00edmites para ti mismo.<\/p>\n<p>La principal ventaja del software es que puedes jugar en cualquier lugar con la misma funcionalidad. La versi\u00f3n para PC tiene una interfaz m\u00e1s grande para muchos juegos, mientras que la aplicaci\u00f3n m\u00f3vil tiene una interfaz optimizada que se adapta a la pantalla de cualquier dispositivo.<\/p>\n<table>\n<tbody>\n<tr>\n<td>Caracter\u00edstica<\/td>\n<td>Aplicaci\u00f3n m\u00f3vil<\/td>\n<\/tr>\n<tr>\n<td>Acceso al juego<\/td>\n<td>Biblioteca completa, optimizada para pantallas t\u00e1ctiles<\/td>\n<\/tr>\n<tr>\n<td>Proceso de verificaci\u00f3n<\/td>\n<td>Completado de forma segura dentro del software<\/td>\n<\/tr>\n<tr>\n<td>Chat en vivo y equipo de asistencia<\/td>\n<td>Disponible las 24 horas del d\u00eda, los 7 d\u00edas de la semana, totalmente integrado.<\/td>\n<\/tr>\n<tr>\n<td>Pagos<\/td>\n<td>Dep\u00f3sito\/retirada con encriptaci\u00f3n segura<\/td>\n<\/tr>\n<\/tbody>\n<\/table>\n<p><div style=\"clear: both\"><\/div><div class=\"d-flex justify-content-center\"><button data-item=\"decouvrez_link\" data-group=\"website_links\" class=\"goto fw-bold rounded-pill btn btn-orange\" aria-label=\"Descargar la aplicaci\u00f3n Goldzino\" >Descargar la aplicaci\u00f3n Goldzino<\/button><\/div><div class=\"scrollable-content-wrap my-5\"><div class=\"scrollable-content-inner\"><h2>Aplicaci\u00f3n Goldzino para Android<\/h2>\n<p>La aplicaci\u00f3n Goldzino para Android est\u00e1 disponible sin necesidad de descargar archivos APK. Nuestro software te ofrece acceso instant\u00e1neo a todos los juegos, bonificaciones y funciones.<\/p>\n<p>La aplicaci\u00f3n Goldzino para Android es una aplicaci\u00f3n web progresiva (PWA) que se puede descargar a trav\u00e9s de un navegador. Nuestro software ofrece un casino m\u00f3vil optimizado sin necesidad de descargar el archivo APK de Goldzino. Puedes jugar a tus juegos de cartas, juegos de mesa, tragamonedas y juegos con crupier en vivo favoritos en la aplicaci\u00f3n web progresiva para Android.<\/p>\n<p>Aqu\u00ed, los usuarios pueden depositar y retirar fondos, cargar documentos para el proceso de verificaci\u00f3n, gestionar informaci\u00f3n personal y realizar otras funciones.<\/p>\n<p>Nuestros desarrolladores han implementado funciones de cifrado y seguridad en nuestro software para Android con el fin de que sea totalmente seguro para los usuarios.<\/p>\n<p>Goldzino PWA para Android incorpora las tecnolog\u00edas m\u00e1s avanzadas para la transmisi\u00f3n en l\u00ednea de juegos de casino en vivo. Nuestro software consume una cantidad m\u00ednima de los recursos de su dispositivo, lo que lo hace \u00f3ptimo. El proceso de instalaci\u00f3n de Gold Zino PWA es f\u00e1cil:<\/p>\n<ol>\n<li>Despl\u00e1zate hasta el pie de p\u00e1gina de la p\u00e1gina principal de Gold Zino.<\/li>\n<li>Haga clic en el bot\u00f3n \u00abAplicaci\u00f3n del casino\u00bb.<\/li>\n<li>Aparecer\u00e1 una ventana emergente. Haga clic en \u00abInstalar\u00bb.<\/li>\n<\/ol>\n<p><img loading=\"lazy\" decoding=\"async\" class=\"alignnone wp-image-1465 size-full\" src=\"https:\/\/gold-zino.org\/wp-content\/uploads\/2025\/10\/Goldzino-App-Android.webp\" alt=\"Goldzino App Android\" width=\"1248\" height=\"536\" srcset=\"https:\/\/gold-zino.org\/wp-content\/uploads\/2025\/10\/Goldzino-App-Android.webp 1248w, https:\/\/gold-zino.org\/wp-content\/uploads\/2025\/10\/Goldzino-App-Android-300x129.webp 300w, https:\/\/gold-zino.org\/wp-content\/uploads\/2025\/10\/Goldzino-App-Android-1024x440.webp 1024w, https:\/\/gold-zino.org\/wp-content\/uploads\/2025\/10\/Goldzino-App-Android-768x330.webp 768w\" sizes=\"auto, (max-width: 1248px) 100vw, 1248px\" \/><\/p>\n<\/div><\/div><div style=\"clear: both\"><\/div><div class=\"d-flex justify-content-center\"><button data-item=\"decouvrez_link\" data-group=\"website_links\" class=\"goto fw-bold rounded-pill btn btn-orange\" aria-label=\"Descargar Goldzino\" >Descargar Goldzino<\/button><\/div><div class=\"scrollable-content-wrap my-5\"><div class=\"scrollable-content-inner\"><h2>Aplicaci\u00f3n m\u00f3vil iOS<\/h2>\n<p>Para los usuarios de iPhone y iPad, tambi\u00e9n est\u00e1 disponible la aplicaci\u00f3n m\u00f3vil Goldzino. Hemos optimizado todos nuestros juegos espec\u00edficamente para dispositivos iOS. No es necesario buscar la aplicaci\u00f3n Goldzino en la App Store, ya que est\u00e1 disponible para su descarga en su navegador. En la p\u00e1gina de inicio de Goldzino, encontrar\u00e1 una secci\u00f3n especial para descargar nuestro software iOS.<\/p>\n<p>Para instalar la aplicaci\u00f3n Goldzino en tu dispositivo iOS:<\/p>\n<ol>\n<li>Abre el sitio web de Goldzino en tu navegador Safari.<\/li>\n<li>Pulsa el bot\u00f3n \u00abCompartir\u00bb (cuadrado con una flecha hacia arriba).<\/li>\n<li>Selecciona \u00abA\u00f1adir a la pantalla de inicio\u00bb en el men\u00fa.<\/li>\n<li>Confirma haciendo clic en \u00abA\u00f1adir\u00bb.<\/li>\n<\/ol>\n<p>Esto colocar\u00e1 un acceso directo a Goldzino Casino en tu pantalla de inicio para que puedas acceder r\u00e1pidamente sin tener que descargar nada m\u00e1s.<\/p>\n<p>Aqu\u00ed tienes acceso a todas las funciones de nuestro casino m\u00f3vil. Puedes ponerte en contacto con el servicio de asistencia a trav\u00e9s del chat en vivo, gestionar tus cuentas y bonificaciones, y seguir la clasificaci\u00f3n en los torneos. La aplicaci\u00f3n Goldzino es muy eficiente y ofrece a todos los usuarios de iOS una c\u00f3moda experiencia de juego en cualquier lugar y en cualquier dispositivo.<img loading=\"lazy\" decoding=\"async\" class=\"alignnone wp-image-1466 size-full\" src=\"https:\/\/gold-zino.org\/wp-content\/uploads\/2025\/10\/Goldzino-App-iOS.webp\" alt=\"Goldzino App iOS\" width=\"1248\" height=\"536\" srcset=\"https:\/\/gold-zino.org\/wp-content\/uploads\/2025\/10\/Goldzino-App-iOS.webp 1248w, https:\/\/gold-zino.org\/wp-content\/uploads\/2025\/10\/Goldzino-App-iOS-300x129.webp 300w, https:\/\/gold-zino.org\/wp-content\/uploads\/2025\/10\/Goldzino-App-iOS-1024x440.webp 1024w, https:\/\/gold-zino.org\/wp-content\/uploads\/2025\/10\/Goldzino-App-iOS-768x330.webp 768w\" sizes=\"auto, (max-width: 1248px) 100vw, 1248px\" \/><\/p>\n<\/div><\/div><div style=\"clear: both\"><\/div><div class=\"d-flex justify-content-center\"><button data-item=\"decouvrez_link\" data-group=\"website_links\" class=\"goto fw-bold rounded-pill btn btn-orange\" aria-label=\"Descargar la aplicaci\u00f3n Goldzino\" >Descargar la aplicaci\u00f3n Goldzino<\/button><\/div><div class=\"scrollable-content-wrap my-5\"><div class=\"scrollable-content-inner\"><h2>Aplicaci\u00f3n de escritorio de Goldzino Casino para Windows\/macOS<\/h2>\n<p>Con la aplicaci\u00f3n de escritorio Goldzino, puedes jugar a tus tragamonedas en l\u00ednea y juegos de mesa favoritos desde tu ordenador. La plataforma es compatible con los sistemas operativos Windows y macOS. La aplicaci\u00f3n de escritorio Goldzino es estable, f\u00e1cil de navegar y ofrece acceso a todas las funciones del casino.<\/p>\n<p>Solo tienes que abrir cualquier navegador y escribir \u00abGoldzino Casino\u00bb en la barra de b\u00fasqueda. No es necesario instalar ning\u00fan software adicional. Puedes jugar al instante directamente en tu navegador. Sin embargo, para acceder r\u00e1pidamente, los usuarios pueden crear un acceso directo en su escritorio, lo que les permitir\u00e1 iniciar el casino desde la pantalla de inicio de su PC. El acceso directo funciona como una aplicaci\u00f3n independiente y no requiere ninguna descarga.<\/p>\n<p>La aplicaci\u00f3n de escritorio Goldzino no tiene nada que envidiar a otras versiones del casino. Cuenta con todas las funciones necesarias de nuestro casino, gr\u00e1ficos de alta resoluci\u00f3n y carga instant\u00e1nea. El software de escritorio Goldzino est\u00e1 dise\u00f1ado para ofrecer una mayor funcionalidad y rendimiento en los juegos.<\/p>\n<p><img loading=\"lazy\" decoding=\"async\" class=\"alignnone wp-image-1467 size-full\" src=\"https:\/\/gold-zino.org\/wp-content\/uploads\/2025\/10\/Goldzino-App-PC.webp\" alt=\"Goldzino App PC\" width=\"1248\" height=\"536\" srcset=\"https:\/\/gold-zino.org\/wp-content\/uploads\/2025\/10\/Goldzino-App-PC.webp 1248w, https:\/\/gold-zino.org\/wp-content\/uploads\/2025\/10\/Goldzino-App-PC-300x129.webp 300w, https:\/\/gold-zino.org\/wp-content\/uploads\/2025\/10\/Goldzino-App-PC-1024x440.webp 1024w, https:\/\/gold-zino.org\/wp-content\/uploads\/2025\/10\/Goldzino-App-PC-768x330.webp 768w\" sizes=\"auto, (max-width: 1248px) 100vw, 1248px\" \/><\/p>\n<\/div><\/div><div style=\"clear: both\"><\/div><div class=\"d-flex justify-content-center\"><button data-item=\"decouvrez_link\" data-group=\"website_links\" class=\"goto fw-bold rounded-pill btn btn-orange\" aria-label=\"Descargar Goldzino\" >Descargar Goldzino<\/button><\/div><div class=\"scrollable-content-wrap my-5\"><div class=\"scrollable-content-inner\"><h2>Preguntas frecuentes<\/h2>\n<h3>\u00bfD\u00f3nde puedo obtener asistencia al cliente en la aplicaci\u00f3n Goldzino Casino?<\/h3>\n<p>En el men\u00fa principal de la aplicaci\u00f3n Gold Zino, encontrar\u00e1s un icono de asistencia. Al hacer clic en \u00e9l, te conectar\u00e1s con nuestro servicio de asistencia chat en vivo. Tambi\u00e9n puedes ponerte en contacto con nosotros por correo electr\u00f3nico. Nuestro equipo de asistencia multiling\u00fce est\u00e1 disponible las 24 horas del d\u00eda, los 7 d\u00edas de la semana, para responder a cualquier pregunta.<\/p>\n<h3>\u00bfNecesito una cuenta para utilizar la aplicaci\u00f3n Goldzino?<\/h3>\n<p>S\u00ed, es necesario crear una cuenta para jugar en Goldzino Casino. Puedes jugar gratis en modo demo o hacer un dep\u00f3sito y jugar con dinero real. Para utilizar nuestro casino, debes completar el proceso de registro y verificar tu cuenta. Una vez que hayas creado una cuenta, podr\u00e1s utilizar la aplicaci\u00f3n f\u00e1cilmente.<\/p>\n<h3>\u00bfTodos los juegos est\u00e1n disponibles en la aplicaci\u00f3n?<\/h3>\n<p>Todos los juegos de Goldzino Casino est\u00e1n disponibles en la aplicaci\u00f3n Gold Zino. En nuestra aplicaci\u00f3n, puedes jugar a cualquier tragaperras online, juegos con crupieres en vivo, juegos de mesa, juegos crash y mucho m\u00e1s. Hemos optimizado completamente el proceso de juego para la aplicaci\u00f3n, por lo que puedes jugar desde cualquier dispositivo.<\/p>\n<h3>\u00bfC\u00f3mo puedo actualizar la aplicaci\u00f3n Goldzino Casino?<\/h3>\n<p>Goldzino PWA (Progressive Web App) se actualiza autom\u00e1ticamente, mejorando todas sus funciones. Si desea actualizar manualmente su aplicaci\u00f3n de escritorio para PC, puede hacerlo a trav\u00e9s de su navegador en la parte inferior de la p\u00e1gina web, en la secci\u00f3n de aplicaciones.<\/p>\n<\/div><\/div><\/p>\n","protected":false},"excerpt":{"rendered":"<p>Aplicaci\u00f3n Goldzino La Goldzino app te ofrece una experiencia de casino m\u00f3vil completa directamente en tu dispositivo. Cuenta con m\u00e1s de 6000 juegos: tragamonedas en l\u00ednea, juegos con crupier en vivo, juegos de mesa, juegos instant\u00e1neos y mucho m\u00e1s. La aplicaci\u00f3n m\u00f3vil funciona con alta calidad y los juegos de casino en vivo se transmiten [&hellip;]<\/p>\n","protected":false},"author":1,"featured_media":0,"parent":0,"menu_order":0,"comment_status":"closed","ping_status":"closed","template":"template-builder.php","meta":{"_acf_changed":false,"inline_featured_image":false,"footnotes":""},"class_list":["post-1504","page","type-page","status-publish","hentry"],"acf":[],"yoast_head":"<!-- This site is optimized with the Yoast SEO plugin v27.3 - https:\/\/yoast.com\/product\/yoast-seo-wordpress\/ -->\n<title>Goldzino App \u2013 Descarga para iOS y Android<\/title>\n<meta name=\"description\" content=\"Instala Goldzino App en iOS, Android, Windows y macOS para jugar al casino completo desde cualquier lugar. Sincronizaci\u00f3n de cuenta, actualizaciones frecuentes y soporte integrado \u2013 todo en Gold Zino App.\" \/>\n<meta name=\"robots\" content=\"index, follow, max-snippet:-1, max-image-preview:large, max-video-preview:-1\" \/>\n<link rel=\"canonical\" href=\"https:\/\/gold-zino.org\/es\/aplicacion\/\" \/>\n<meta property=\"og:locale\" content=\"es_ES\" \/>\n<meta property=\"og:type\" content=\"article\" \/>\n<meta property=\"og:title\" content=\"Goldzino App \u2013 Descarga para iOS y Android\" \/>\n<meta property=\"og:description\" content=\"Instala Goldzino App en iOS, Android, Windows y macOS para jugar al casino completo desde cualquier lugar. Sincronizaci\u00f3n de cuenta, actualizaciones frecuentes y soporte integrado \u2013 todo en Gold Zino App.\" \/>\n<meta property=\"og:url\" content=\"https:\/\/gold-zino.org\/es\/aplicacion\/\" \/>\n<meta property=\"og:site_name\" content=\"goldzino\" \/>\n<meta property=\"article:modified_time\" content=\"2025-10-31T08:52:13+00:00\" \/>\n<meta name=\"twitter:card\" content=\"summary_large_image\" \/>\n<meta name=\"twitter:label1\" content=\"Est. reading time\" \/>\n\t<meta name=\"twitter:data1\" content=\"2 minutes\" \/>\n<script type=\"application\/ld+json\" class=\"yoast-schema-graph\">{\"@context\":\"https:\\\/\\\/schema.org\",\"@graph\":[{\"@type\":\"WebPage\",\"@id\":\"https:\\\/\\\/gold-zino.org\\\/es\\\/aplicacion\\\/\",\"url\":\"https:\\\/\\\/gold-zino.org\\\/es\\\/aplicacion\\\/\",\"name\":\"Goldzino App \u2013 Descarga para iOS y Android\",\"isPartOf\":{\"@id\":\"https:\\\/\\\/gold-zino.org\\\/es\\\/#website\"},\"datePublished\":\"2025-10-30T09:04:37+00:00\",\"dateModified\":\"2025-10-31T08:52:13+00:00\",\"description\":\"Instala Goldzino App en iOS, Android, Windows y macOS para jugar al casino completo desde cualquier lugar. Sincronizaci\u00f3n de cuenta, actualizaciones frecuentes y soporte integrado \u2013 todo en Gold Zino App.\",\"breadcrumb\":{\"@id\":\"https:\\\/\\\/gold-zino.org\\\/es\\\/aplicacion\\\/#breadcrumb\"},\"inLanguage\":\"es-ES\",\"potentialAction\":[{\"@type\":\"ReadAction\",\"target\":[\"https:\\\/\\\/gold-zino.org\\\/es\\\/aplicacion\\\/\"]}]},{\"@type\":\"BreadcrumbList\",\"@id\":\"https:\\\/\\\/gold-zino.org\\\/es\\\/aplicacion\\\/#breadcrumb\",\"itemListElement\":[{\"@type\":\"ListItem\",\"position\":1,\"name\":\"GoldZino\",\"item\":\"https:\\\/\\\/gold-zino.org\\\/es\\\/\"},{\"@type\":\"ListItem\",\"position\":2,\"name\":\"Aplicaci\u00f3n\"}]},{\"@type\":\"WebSite\",\"@id\":\"https:\\\/\\\/gold-zino.org\\\/es\\\/#website\",\"url\":\"https:\\\/\\\/gold-zino.org\\\/es\\\/\",\"name\":\"GoldZino\",\"description\":\"\",\"publisher\":{\"@id\":\"https:\\\/\\\/gold-zino.org\\\/es\\\/#organization\"},\"potentialAction\":[{\"@type\":\"SearchAction\",\"target\":{\"@type\":\"EntryPoint\",\"urlTemplate\":\"https:\\\/\\\/gold-zino.org\\\/es\\\/?s={search_term_string}\"},\"query-input\":{\"@type\":\"PropertyValueSpecification\",\"valueRequired\":true,\"valueName\":\"search_term_string\"}}],\"inLanguage\":\"es-ES\"},{\"@type\":\"Organization\",\"@id\":\"https:\\\/\\\/gold-zino.org\\\/es\\\/#organization\",\"name\":\"GoldZino\",\"url\":\"https:\\\/\\\/gold-zino.org\\\/es\\\/\",\"logo\":{\"@type\":\"ImageObject\",\"inLanguage\":\"es-ES\",\"@id\":\"https:\\\/\\\/gold-zino.org\\\/es\\\/#\\\/schema\\\/logo\\\/image\\\/\",\"url\":\"https:\\\/\\\/gold-zino.org\\\/wp-content\\\/uploads\\\/2025\\\/08\\\/80u1FaquEZeR6OUTeJCc.png\",\"contentUrl\":\"https:\\\/\\\/gold-zino.org\\\/wp-content\\\/uploads\\\/2025\\\/08\\\/80u1FaquEZeR6OUTeJCc.png\",\"width\":209,\"height\":46,\"caption\":\"GoldZino\"},\"image\":{\"@id\":\"https:\\\/\\\/gold-zino.org\\\/es\\\/#\\\/schema\\\/logo\\\/image\\\/\"}}]}<\/script>\n<!-- \/ Yoast SEO plugin. -->","yoast_head_json":{"title":"Goldzino App \u2013 Descarga para iOS y Android","description":"Instala Goldzino App en iOS, Android, Windows y macOS para jugar al casino completo desde cualquier lugar. Sincronizaci\u00f3n de cuenta, actualizaciones frecuentes y soporte integrado \u2013 todo en Gold Zino App.","robots":{"index":"index","follow":"follow","max-snippet":"max-snippet:-1","max-image-preview":"max-image-preview:large","max-video-preview":"max-video-preview:-1"},"canonical":"https:\/\/gold-zino.org\/es\/aplicacion\/","og_locale":"es_ES","og_type":"article","og_title":"Goldzino App \u2013 Descarga para iOS y Android","og_description":"Instala Goldzino App en iOS, Android, Windows y macOS para jugar al casino completo desde cualquier lugar. Sincronizaci\u00f3n de cuenta, actualizaciones frecuentes y soporte integrado \u2013 todo en Gold Zino App.","og_url":"https:\/\/gold-zino.org\/es\/aplicacion\/","og_site_name":"goldzino","article_modified_time":"2025-10-31T08:52:13+00:00","twitter_card":"summary_large_image","twitter_misc":{"Est. reading time":"2 minutes"},"schema":{"@context":"https:\/\/schema.org","@graph":[{"@type":"WebPage","@id":"https:\/\/gold-zino.org\/es\/aplicacion\/","url":"https:\/\/gold-zino.org\/es\/aplicacion\/","name":"Goldzino App \u2013 Descarga para iOS y Android","isPartOf":{"@id":"https:\/\/gold-zino.org\/es\/#website"},"datePublished":"2025-10-30T09:04:37+00:00","dateModified":"2025-10-31T08:52:13+00:00","description":"Instala Goldzino App en iOS, Android, Windows y macOS para jugar al casino completo desde cualquier lugar. Sincronizaci\u00f3n de cuenta, actualizaciones frecuentes y soporte integrado \u2013 todo en Gold Zino App.","breadcrumb":{"@id":"https:\/\/gold-zino.org\/es\/aplicacion\/#breadcrumb"},"inLanguage":"es-ES","potentialAction":[{"@type":"ReadAction","target":["https:\/\/gold-zino.org\/es\/aplicacion\/"]}]},{"@type":"BreadcrumbList","@id":"https:\/\/gold-zino.org\/es\/aplicacion\/#breadcrumb","itemListElement":[{"@type":"ListItem","position":1,"name":"GoldZino","item":"https:\/\/gold-zino.org\/es\/"},{"@type":"ListItem","position":2,"name":"Aplicaci\u00f3n"}]},{"@type":"WebSite","@id":"https:\/\/gold-zino.org\/es\/#website","url":"https:\/\/gold-zino.org\/es\/","name":"GoldZino","description":"","publisher":{"@id":"https:\/\/gold-zino.org\/es\/#organization"},"potentialAction":[{"@type":"SearchAction","target":{"@type":"EntryPoint","urlTemplate":"https:\/\/gold-zino.org\/es\/?s={search_term_string}"},"query-input":{"@type":"PropertyValueSpecification","valueRequired":true,"valueName":"search_term_string"}}],"inLanguage":"es-ES"},{"@type":"Organization","@id":"https:\/\/gold-zino.org\/es\/#organization","name":"GoldZino","url":"https:\/\/gold-zino.org\/es\/","logo":{"@type":"ImageObject","inLanguage":"es-ES","@id":"https:\/\/gold-zino.org\/es\/#\/schema\/logo\/image\/","url":"https:\/\/gold-zino.org\/wp-content\/uploads\/2025\/08\/80u1FaquEZeR6OUTeJCc.png","contentUrl":"https:\/\/gold-zino.org\/wp-content\/uploads\/2025\/08\/80u1FaquEZeR6OUTeJCc.png","width":209,"height":46,"caption":"GoldZino"},"image":{"@id":"https:\/\/gold-zino.org\/es\/#\/schema\/logo\/image\/"}}]}},"_links":{"self":[{"href":"https:\/\/gold-zino.org\/es\/wp-json\/wp\/v2\/pages\/1504","targetHints":{"allow":["GET"]}}],"collection":[{"href":"https:\/\/gold-zino.org\/es\/wp-json\/wp\/v2\/pages"}],"about":[{"href":"https:\/\/gold-zino.org\/es\/wp-json\/wp\/v2\/types\/page"}],"author":[{"embeddable":true,"href":"https:\/\/gold-zino.org\/es\/wp-json\/wp\/v2\/users\/1"}],"replies":[{"embeddable":true,"href":"https:\/\/gold-zino.org\/es\/wp-json\/wp\/v2\/comments?post=1504"}],"version-history":[{"count":2,"href":"https:\/\/gold-zino.org\/es\/wp-json\/wp\/v2\/pages\/1504\/revisions"}],"predecessor-version":[{"id":2148,"href":"https:\/\/gold-zino.org\/es\/wp-json\/wp\/v2\/pages\/1504\/revisions\/2148"}],"wp:attachment":[{"href":"https:\/\/gold-zino.org\/es\/wp-json\/wp\/v2\/media?parent=1504"}],"curies":[{"name":"wp","href":"https:\/\/api.w.org\/{rel}","templated":true}]}}