{"id":1533,"date":"2025-10-30T09:09:51","date_gmt":"2025-10-30T09:09:51","guid":{"rendered":"https:\/\/gold-zino.org\/login-e-registo\/"},"modified":"2025-10-31T08:54:03","modified_gmt":"2025-10-31T08:54:03","slug":"inicio-de-sesion-y-registro","status":"publish","type":"page","link":"https:\/\/gold-zino.org\/es\/inicio-de-sesion-y-registro\/","title":{"rendered":"Inicio de sesi\u00f3n y registro"},"content":{"rendered":"<h1>Inicio de sesi\u00f3n en Goldzino<\/h1>\n<p>Para crear una cuenta en nuestro sitio web de casino, todos deben pasar por el proceso de Goldzino login. Todos los usuarios registrados pueden iniciar sesi\u00f3n con su nombre de usuario y contrase\u00f1a a trav\u00e9s de un navegador o una aplicaci\u00f3n m\u00f3vil. Si eres nuevo y a\u00fan no tienes una cuenta, puedes crear una en solo unos pocos pasos.<\/p>\n<p><div class=\"banner-wrap\" aria-label=\"Banner\"><img src=\"https:\/\/gold-zino.org\/wp-content\/uploads\/2025\/10\/Goldzino-Banner-Desktop.webp\" class=\"w-100 d-none d-lg-block img-pc main-banner-img\" alt=\"goldzino bonus desktop\" fetchpriority=\"high\" decoding=\"async\"><img src=\"https:\/\/gold-zino.org\/wp-content\/uploads\/2025\/10\/Gold-zino-Mobile-Banner.webp\" class=\"w-100 d-none d-md-block d-lg-none main-banner-img\" alt=\"goldzino bonus mobile\" fetchpriority=\"high\" decoding=\"async\"><img src=\"https:\/\/gold-zino.org\/wp-content\/uploads\/2025\/10\/Gold-zino-Mobile-Banner.webp\" class=\"w-100 d-md-none\" alt=\"goldzino bonus mobile\" fetchpriority=\"high\" decoding=\"async\"><div class=\"banner-description\">\n<div class=\"banner-title\">Bonos de Bienvenida<\/div>\n<p class=\"banner-header-title\">\u20ac1500<\/p>\n<div class=\"banner-header-AdditionalText\">+ 250 Giros Gratis<\/div>\n<button data-item=\"homepage_banner_link\" class=\"goto m-button m-gradient-border m-button--primary m-button--large banner-button btn-orange\">\n            <div class=\"m-button-content\">\n                <span>Reg\u00edstrate Ahora<\/span>\n                <span><\/span>\n            <\/div>\n        <\/button>\n<\/div>\n<div class=\"WelcomePack\">\n<p><img loading=\"lazy\" decoding=\"async\" class=\"alignnone size-full wp-image-1452\" src=\"https:\/\/gold-zino.org\/wp-content\/uploads\/2025\/10\/welcome-crown.svg\" alt=\"crown\" width=\"25\" height=\"26\" \/><\/p>\n<div class=\"WelcomePack-Info\">Cashback Semanal hasta 25%<\/div>\n<p><img loading=\"lazy\" decoding=\"async\" class=\"alignnone size-full wp-image-1452\" src=\"https:\/\/gold-zino.org\/wp-content\/uploads\/2025\/10\/welcome-crown.svg\" alt=\"crown\" width=\"25\" height=\"26\" \/><\/p>\n<\/div>\n<\/div><div class=\"scrollable-content-wrap my-5\"><div class=\"scrollable-content-inner\"><h2>Proceso de registro en Goldzino Casino<\/h2>\n<p>Nuestra plataforma ofrece a sus usuarios espa\u00f1oles acceso a m\u00e1s de 6000 juegos. Cada nuevo usuario registrado recibe un bono de bienvenida de 1500 \u20ac y 250 tiradas gratis. Al crear una cuenta en Gold Zino Casino, obtienes acceso a todas las funciones de nuestro moderno casino online. Una vez que hayas creado una cuenta, podr\u00e1s iniciar sesi\u00f3n desde cualquier dispositivo y realizar cualquier acci\u00f3n desde cualquier dispositivo. Nuestro casino ofrece a sus usuarios la oportunidad de participar en los torneos m\u00e1s avanzados, donde podr\u00e1s entrar en la clasificaci\u00f3n.<\/p>\n<table>\n<tbody>\n<tr>\n<td>Requisito<\/td>\n<td>Detalles<\/td>\n<\/tr>\n<tr>\n<td>Correo electr\u00f3nico<\/td>\n<td>Direcci\u00f3n de correo electr\u00f3nico registrada<\/td>\n<\/tr>\n<tr>\n<td>Contrase\u00f1a<\/td>\n<td>Debe coincidir con el utilizado durante el registro.<\/td>\n<\/tr>\n<tr>\n<td>Verificaci\u00f3n<\/td>\n<td>Complete el proceso de verificaci\u00f3n seg\u00fan sea necesario.<\/td>\n<\/tr>\n<tr>\n<td>Dispositivo<\/td>\n<td>Accesible desde ordenador, m\u00f3vil o tableta.<\/td>\n<\/tr>\n<\/tbody>\n<\/table>\n<h3>Crea tu cuenta<\/h3>\n<p>Para crear una cuenta en Goldzino Casino, sigue estos pasos:<\/p>\n<ol>\n<li>Haga clic en el bot\u00f3n \u00abRegistrarse\u00bb.<\/li>\n<li>Se encuentra en la esquina superior derecha de la p\u00e1gina principal.<\/li>\n<li>Rellene sus datos personales.<\/li>\n<li>Introduce tu direcci\u00f3n de correo electr\u00f3nico y establece una contrase\u00f1a. Si tienes un c\u00f3digo promocional, apl\u00edcalo en este momento.<\/li>\n<li>Confirme que est\u00e1 de acuerdo con nuestras normas. Indique que es mayor de 18 a\u00f1os y que acepta nuestros T\u00e9rminos y condiciones y nuestra Pol\u00edtica de privacidad.<\/li>\n<li>Haga clic en \u00abRegistrarse\u00bb para confirmar.<\/li>\n<li>Recibir\u00e1s un correo electr\u00f3nico. Abre el mensaje y sigue el enlace proporcionado para activar tu cuenta y completar el proceso de inicio de sesi\u00f3n en Goldzino.<\/li>\n<\/ol>\n<p>Una vez que confirmes tu cuenta, te convertir\u00e1s en miembro de pleno derecho de la comunidad de juegos Goldzino.<\/p>\n<h2>Inicio de sesi\u00f3n y gesti\u00f3n de cuentas en Goldzino<\/h2>\n<p>El proceso de inicio de sesi\u00f3n en Goldzino es instant\u00e1neo y seguro. Una vez que inicie sesi\u00f3n en su cuenta, tendr\u00e1 acceso a la gesti\u00f3n. Aqu\u00ed podr\u00e1 gestionar todos los aspectos de su cuenta, incluidos los dep\u00f3sitos, retiradas, bonificaciones y c\u00f3digos promocionales. Los jugadores espa\u00f1oles tambi\u00e9n pueden acceder a la gesti\u00f3n VIP, participar en torneos y ajustar la configuraci\u00f3n de juego responsable en su cuenta. En la secci\u00f3n de juego responsable, puede establecer l\u00edmites de tiempo o autoexcluirse. Los usuarios pueden ponerse en contacto con nuestro equipo de asistencia multiling\u00fce a trav\u00e9s de nuestra aplicaci\u00f3n o del navegador. El equipo de asistencia de Gold Zino est\u00e1 disponible para todos, ya que puede ponerse en contacto con nosotros no solo a trav\u00e9s del chat en vivo en el sitio web o en la aplicaci\u00f3n, sino tambi\u00e9n enviando un correo electr\u00f3nico. Puede ponerse en contacto con el servicio de asistencia si tiene alg\u00fan problema con el proceso de inicio de sesi\u00f3n en Goldzino.<\/p>\n<h3>\u00bfOlvid\u00f3 su contrase\u00f1a?<\/h3>\n<p>Puede ocurrir que olvides tu contrase\u00f1a. En este caso, hay un plan de acci\u00f3n ya preparado. Restaurar tu contrase\u00f1a no es dif\u00edcil y se puede hacer r\u00e1pidamente. Abre la secci\u00f3n Inicio de sesi\u00f3n en Goldzino. Sigue nuestras instrucciones:<\/p>\n<ol>\n<li>Haga clic en el bot\u00f3n \u00abIniciar sesi\u00f3n\u00bb situado en la esquina superior derecha.<\/li>\n<li>Seleccione \u00ab\u00bfOlvid\u00f3 su contrase\u00f1a?\u00bb debajo del formulario.<\/li>\n<li>Introduce la direcci\u00f3n de correo electr\u00f3nico vinculada a tu cuenta de Goldzino.<\/li>\n<li>Sigue el enlace enviado a tu bandeja de entrada para restablecer tu contrase\u00f1a y crear una nueva.<\/li>\n<\/ol>\n<h2>Proceso de verificaci\u00f3n en Goldzino Casino<\/h2>\n<p>En la plataforma Gold Zino, debe pasar por el proceso de verificaci\u00f3n de la cuenta. Los usuarios deben subir su documentaci\u00f3n personal. Deber\u00e1 proporcionar un pasaporte, un documento de identidad, un permiso de conducir o una factura de servicios p\u00fablicos con una antig\u00fcedad inferior a seis meses.<\/p>\n<p>Nuestro equipo revisar\u00e1 tus documentos en menos de 48 horas. Una vez completado el proceso de verificaci\u00f3n, tu cuenta quedar\u00e1 validada. Si tu cuenta es autenticada, podr\u00e1s retirar dinero y bonificaciones. Goldzino Casino cuenta con una pol\u00edtica de \u00abConoce a tu cliente\u00bb (KYC) para proteger a los jugadores contra el fraude.<\/p>\n<p>En el pie de p\u00e1gina del sitio web Goldzino, puede obtener m\u00e1s informaci\u00f3n sobre las normas KYC y el proceso de env\u00edo de documentos. Una vez completado este paso, tendr\u00e1 a su disposici\u00f3n todas las funciones de Goldzino Casino. Podr\u00e1 unirse a nuestro club VIP y participar en torneos.<\/p>\n<h2>Preguntas frecuentes<\/h2>\n<h3>\u00bfQu\u00e9 pasos hay que seguir para verificar la cuenta?<\/h3>\n<p>Para que Goldzino Casino pueda verificar tu cuenta, debes proporcionar documentos que confirmen tu identidad. Por ejemplo, un pasaporte, documento de identidad, permiso de conducir o una factura reciente de servicios p\u00fablicos. Nuestro equipo revisar\u00e1 tus solicitudes en un plazo de 48 horas. Una vez aprobadas, podr\u00e1s utilizar tu cuenta para cualquier fin, incluidos los pagos.<\/p>\n<h3>\u00bfC\u00f3mo cierro o suspendo temporalmente mi cuenta?<\/h3>\n<p>La configuraci\u00f3n de tu cuenta de Goldzino te permite cerrar o bloquear temporalmente tu cuenta. Para jugar de forma segura, puedes utilizar herramientas como la autoexclusi\u00f3n o las restricciones temporales. Ponte en contacto con nuestro equipo de asistencia multiling\u00fce a trav\u00e9s del chat en l\u00ednea o por correo electr\u00f3nico para solicitar el cierre permanente o ayuda. Te guiar\u00e1n a lo largo de todo el proceso de forma segura y r\u00e1pida.<\/p>\n<h3>\u00bfQu\u00e9 debo hacer si mi cuenta est\u00e1 bloqueada?<\/h3>\n<p>Si tu cuenta Gold Zino est\u00e1 bloqueada, ponte en contacto con nuestro equipo de asistencia inmediatamente. Ellos verificar\u00e1n tu identidad y te proporcionar\u00e1n recomendaciones sobre c\u00f3mo restaurar el acceso. Las cuentas pueden bloquearse como medida de seguridad debido a intentos fallidos de inicio de sesi\u00f3n o a la necesidad de verificar tu identidad. Para restaurar el acceso completo de forma segura, ponte en contacto con el servicio de asistencia.<\/p>\n<h3>\u00bfPuedo gestionar mi contrase\u00f1a o mi direcci\u00f3n de correo electr\u00f3nico?<\/h3>\n<p>S\u00ed, los usuarios de Goldzino pueden cambiar sus datos en la configuraci\u00f3n de su cuenta. Puedes cambiar tu direcci\u00f3n de correo electr\u00f3nico o contrase\u00f1a. El enlace \u00ab\u00bfHas olvidado tu contrase\u00f1a?\u00bb tambi\u00e9n te permite actualizar tu contrase\u00f1a para que puedas acceder a tu cuenta.<\/p>\n<\/div><\/div><\/p>\n","protected":false},"excerpt":{"rendered":"<p>Inicio de sesi\u00f3n en Goldzino Para crear una cuenta en nuestro sitio web de casino, todos deben pasar por el proceso de Goldzino login. Todos los usuarios registrados pueden iniciar sesi\u00f3n con su nombre de usuario y contrase\u00f1a a trav\u00e9s de un navegador o una aplicaci\u00f3n m\u00f3vil. Si eres nuevo y a\u00fan no tienes una [&hellip;]<\/p>\n","protected":false},"author":1,"featured_media":0,"parent":0,"menu_order":0,"comment_status":"closed","ping_status":"closed","template":"template-builder.php","meta":{"_acf_changed":false,"inline_featured_image":false,"footnotes":""},"class_list":["post-1533","page","type-page","status-publish","hentry"],"acf":[],"yoast_head":"<!-- This site is optimized with the Yoast SEO plugin v27.3 - https:\/\/yoast.com\/product\/yoast-seo-wordpress\/ -->\n<title>Goldzino Casino \u2013 Login &amp; Registro<\/title>\n<meta name=\"description\" content=\"Goldzino login o crea tu cuenta. Gestiona verificaci\u00f3n, recuperaci\u00f3n de contrase\u00f1a y cierre de cuenta de forma r\u00e1pida y segura en Gold Zino.\" \/>\n<meta name=\"robots\" content=\"index, follow, max-snippet:-1, max-image-preview:large, max-video-preview:-1\" \/>\n<link rel=\"canonical\" href=\"https:\/\/gold-zino.org\/es\/inicio-de-sesion-y-registro\/\" \/>\n<meta property=\"og:locale\" content=\"es_ES\" \/>\n<meta property=\"og:type\" content=\"article\" \/>\n<meta property=\"og:title\" content=\"Goldzino Casino \u2013 Login &amp; Registro\" \/>\n<meta property=\"og:description\" content=\"Goldzino login o crea tu cuenta. Gestiona verificaci\u00f3n, recuperaci\u00f3n de contrase\u00f1a y cierre de cuenta de forma r\u00e1pida y segura en Gold Zino.\" \/>\n<meta property=\"og:url\" content=\"https:\/\/gold-zino.org\/es\/inicio-de-sesion-y-registro\/\" \/>\n<meta property=\"og:site_name\" content=\"goldzino\" \/>\n<meta property=\"article:modified_time\" content=\"2025-10-31T08:54:03+00:00\" \/>\n<meta name=\"twitter:card\" content=\"summary_large_image\" \/>\n<meta name=\"twitter:label1\" content=\"Est. reading time\" \/>\n\t<meta name=\"twitter:data1\" content=\"1 minute\" \/>\n<script type=\"application\/ld+json\" class=\"yoast-schema-graph\">{\"@context\":\"https:\\\/\\\/schema.org\",\"@graph\":[{\"@type\":\"WebPage\",\"@id\":\"https:\\\/\\\/gold-zino.org\\\/es\\\/inicio-de-sesion-y-registro\\\/\",\"url\":\"https:\\\/\\\/gold-zino.org\\\/es\\\/inicio-de-sesion-y-registro\\\/\",\"name\":\"Goldzino Casino \u2013 Login & Registro\",\"isPartOf\":{\"@id\":\"https:\\\/\\\/gold-zino.org\\\/es\\\/#website\"},\"datePublished\":\"2025-10-30T09:09:51+00:00\",\"dateModified\":\"2025-10-31T08:54:03+00:00\",\"description\":\"Goldzino login o crea tu cuenta. Gestiona verificaci\u00f3n, recuperaci\u00f3n de contrase\u00f1a y cierre de cuenta de forma r\u00e1pida y segura en Gold Zino.\",\"breadcrumb\":{\"@id\":\"https:\\\/\\\/gold-zino.org\\\/es\\\/inicio-de-sesion-y-registro\\\/#breadcrumb\"},\"inLanguage\":\"es-ES\",\"potentialAction\":[{\"@type\":\"ReadAction\",\"target\":[\"https:\\\/\\\/gold-zino.org\\\/es\\\/inicio-de-sesion-y-registro\\\/\"]}]},{\"@type\":\"BreadcrumbList\",\"@id\":\"https:\\\/\\\/gold-zino.org\\\/es\\\/inicio-de-sesion-y-registro\\\/#breadcrumb\",\"itemListElement\":[{\"@type\":\"ListItem\",\"position\":1,\"name\":\"GoldZino\",\"item\":\"https:\\\/\\\/gold-zino.org\\\/es\\\/\"},{\"@type\":\"ListItem\",\"position\":2,\"name\":\"Inicio de sesi\u00f3n y registro\"}]},{\"@type\":\"WebSite\",\"@id\":\"https:\\\/\\\/gold-zino.org\\\/es\\\/#website\",\"url\":\"https:\\\/\\\/gold-zino.org\\\/es\\\/\",\"name\":\"GoldZino\",\"description\":\"\",\"publisher\":{\"@id\":\"https:\\\/\\\/gold-zino.org\\\/es\\\/#organization\"},\"potentialAction\":[{\"@type\":\"SearchAction\",\"target\":{\"@type\":\"EntryPoint\",\"urlTemplate\":\"https:\\\/\\\/gold-zino.org\\\/es\\\/?s={search_term_string}\"},\"query-input\":{\"@type\":\"PropertyValueSpecification\",\"valueRequired\":true,\"valueName\":\"search_term_string\"}}],\"inLanguage\":\"es-ES\"},{\"@type\":\"Organization\",\"@id\":\"https:\\\/\\\/gold-zino.org\\\/es\\\/#organization\",\"name\":\"GoldZino\",\"url\":\"https:\\\/\\\/gold-zino.org\\\/es\\\/\",\"logo\":{\"@type\":\"ImageObject\",\"inLanguage\":\"es-ES\",\"@id\":\"https:\\\/\\\/gold-zino.org\\\/es\\\/#\\\/schema\\\/logo\\\/image\\\/\",\"url\":\"https:\\\/\\\/gold-zino.org\\\/wp-content\\\/uploads\\\/2025\\\/08\\\/80u1FaquEZeR6OUTeJCc.png\",\"contentUrl\":\"https:\\\/\\\/gold-zino.org\\\/wp-content\\\/uploads\\\/2025\\\/08\\\/80u1FaquEZeR6OUTeJCc.png\",\"width\":209,\"height\":46,\"caption\":\"GoldZino\"},\"image\":{\"@id\":\"https:\\\/\\\/gold-zino.org\\\/es\\\/#\\\/schema\\\/logo\\\/image\\\/\"}}]}<\/script>\n<!-- \/ Yoast SEO plugin. -->","yoast_head_json":{"title":"Goldzino Casino \u2013 Login & Registro","description":"Goldzino login o crea tu cuenta. Gestiona verificaci\u00f3n, recuperaci\u00f3n de contrase\u00f1a y cierre de cuenta de forma r\u00e1pida y segura en Gold Zino.","robots":{"index":"index","follow":"follow","max-snippet":"max-snippet:-1","max-image-preview":"max-image-preview:large","max-video-preview":"max-video-preview:-1"},"canonical":"https:\/\/gold-zino.org\/es\/inicio-de-sesion-y-registro\/","og_locale":"es_ES","og_type":"article","og_title":"Goldzino Casino \u2013 Login & Registro","og_description":"Goldzino login o crea tu cuenta. Gestiona verificaci\u00f3n, recuperaci\u00f3n de contrase\u00f1a y cierre de cuenta de forma r\u00e1pida y segura en Gold Zino.","og_url":"https:\/\/gold-zino.org\/es\/inicio-de-sesion-y-registro\/","og_site_name":"goldzino","article_modified_time":"2025-10-31T08:54:03+00:00","twitter_card":"summary_large_image","twitter_misc":{"Est. reading time":"1 minute"},"schema":{"@context":"https:\/\/schema.org","@graph":[{"@type":"WebPage","@id":"https:\/\/gold-zino.org\/es\/inicio-de-sesion-y-registro\/","url":"https:\/\/gold-zino.org\/es\/inicio-de-sesion-y-registro\/","name":"Goldzino Casino \u2013 Login & Registro","isPartOf":{"@id":"https:\/\/gold-zino.org\/es\/#website"},"datePublished":"2025-10-30T09:09:51+00:00","dateModified":"2025-10-31T08:54:03+00:00","description":"Goldzino login o crea tu cuenta. Gestiona verificaci\u00f3n, recuperaci\u00f3n de contrase\u00f1a y cierre de cuenta de forma r\u00e1pida y segura en Gold Zino.","breadcrumb":{"@id":"https:\/\/gold-zino.org\/es\/inicio-de-sesion-y-registro\/#breadcrumb"},"inLanguage":"es-ES","potentialAction":[{"@type":"ReadAction","target":["https:\/\/gold-zino.org\/es\/inicio-de-sesion-y-registro\/"]}]},{"@type":"BreadcrumbList","@id":"https:\/\/gold-zino.org\/es\/inicio-de-sesion-y-registro\/#breadcrumb","itemListElement":[{"@type":"ListItem","position":1,"name":"GoldZino","item":"https:\/\/gold-zino.org\/es\/"},{"@type":"ListItem","position":2,"name":"Inicio de sesi\u00f3n y registro"}]},{"@type":"WebSite","@id":"https:\/\/gold-zino.org\/es\/#website","url":"https:\/\/gold-zino.org\/es\/","name":"GoldZino","description":"","publisher":{"@id":"https:\/\/gold-zino.org\/es\/#organization"},"potentialAction":[{"@type":"SearchAction","target":{"@type":"EntryPoint","urlTemplate":"https:\/\/gold-zino.org\/es\/?s={search_term_string}"},"query-input":{"@type":"PropertyValueSpecification","valueRequired":true,"valueName":"search_term_string"}}],"inLanguage":"es-ES"},{"@type":"Organization","@id":"https:\/\/gold-zino.org\/es\/#organization","name":"GoldZino","url":"https:\/\/gold-zino.org\/es\/","logo":{"@type":"ImageObject","inLanguage":"es-ES","@id":"https:\/\/gold-zino.org\/es\/#\/schema\/logo\/image\/","url":"https:\/\/gold-zino.org\/wp-content\/uploads\/2025\/08\/80u1FaquEZeR6OUTeJCc.png","contentUrl":"https:\/\/gold-zino.org\/wp-content\/uploads\/2025\/08\/80u1FaquEZeR6OUTeJCc.png","width":209,"height":46,"caption":"GoldZino"},"image":{"@id":"https:\/\/gold-zino.org\/es\/#\/schema\/logo\/image\/"}}]}},"_links":{"self":[{"href":"https:\/\/gold-zino.org\/es\/wp-json\/wp\/v2\/pages\/1533","targetHints":{"allow":["GET"]}}],"collection":[{"href":"https:\/\/gold-zino.org\/es\/wp-json\/wp\/v2\/pages"}],"about":[{"href":"https:\/\/gold-zino.org\/es\/wp-json\/wp\/v2\/types\/page"}],"author":[{"embeddable":true,"href":"https:\/\/gold-zino.org\/es\/wp-json\/wp\/v2\/users\/1"}],"replies":[{"embeddable":true,"href":"https:\/\/gold-zino.org\/es\/wp-json\/wp\/v2\/comments?post=1533"}],"version-history":[{"count":2,"href":"https:\/\/gold-zino.org\/es\/wp-json\/wp\/v2\/pages\/1533\/revisions"}],"predecessor-version":[{"id":2150,"href":"https:\/\/gold-zino.org\/es\/wp-json\/wp\/v2\/pages\/1533\/revisions\/2150"}],"wp:attachment":[{"href":"https:\/\/gold-zino.org\/es\/wp-json\/wp\/v2\/media?parent=1533"}],"curies":[{"name":"wp","href":"https:\/\/api.w.org\/{rel}","templated":true}]}}