{"id":1494,"date":"2025-10-30T09:04:37","date_gmt":"2025-10-30T09:04:37","guid":{"rendered":"https:\/\/gold-zino.org\/aplicacao\/"},"modified":"2025-12-23T20:34:01","modified_gmt":"2025-12-23T20:34:01","slug":"app","status":"publish","type":"page","link":"https:\/\/gold-zino.org\/fr\/app\/","title":{"rendered":"App"},"content":{"rendered":"<h1>Application Goldzino<\/h1>\n<p>La Goldzino app vous offre une exp\u00e9rience de casino mobile compl\u00e8te directement sur votre appareil. Elle propose plus de 6 000 jeux : machines \u00e0 sous en ligne, jeux avec croupier en direct, jeux de table, jeux instantan\u00e9s, et bien plus encore. L&rsquo;application mobile fonctionne en haute qualit\u00e9 et les jeux de casino en direct sont diffus\u00e9s en ligne sans aucun d\u00e9calage. Tout utilisateur peut installer le logiciel sur son appareil et jouer o\u00f9 bon lui semble.<\/p>\n<div class=\"banner-wrap\" aria-label=\"Banner\"><img src=\"https:\/\/gold-zino.org\/wp-content\/uploads\/2025\/10\/Goldzino-Banner-Desktop.webp\" class=\"w-100 d-none d-lg-block img-pc main-banner-img\" alt=\"goldzino bonus desktop\" fetchpriority=\"high\" decoding=\"async\"><img src=\"https:\/\/gold-zino.org\/wp-content\/uploads\/2025\/10\/Gold-zino-Mobile-Banner.webp\" class=\"w-100 d-none d-md-block d-lg-none main-banner-img\" alt=\"goldzino bonus mobile\" fetchpriority=\"high\" decoding=\"async\"><img src=\"https:\/\/gold-zino.org\/wp-content\/uploads\/2025\/10\/Gold-zino-Mobile-Banner.webp\" class=\"w-100 d-md-none\" alt=\"goldzino bonus mobile\" fetchpriority=\"high\" decoding=\"async\"><div class=\"banner-description\">\n<div class=\"banner-title\">Bonus de Bienvenue<\/div>\n<p class=\"banner-header-title\">\u20ac1000<\/p>\n<div class=\"banner-header-AdditionalText\">+ 100 Tours Gratuits<\/div>\n<button data-item=\"homepage_banner_link\" class=\"goto m-button m-gradient-border m-button--primary m-button--large banner-button btn-orange\">\n            <div class=\"m-button-content\">\n                <span>Inscrivez-vous d\u00e8s maintenant<\/span>\n                <span><\/span>\n            <\/div>\n        <\/button>\n<\/div>\n<div class=\"WelcomePack\">\n<p><img loading=\"lazy\" decoding=\"async\" class=\"alignnone size-full wp-image-1452\" src=\"https:\/\/gold-zino.org\/wp-content\/uploads\/2025\/10\/welcome-crown.svg\" alt=\"crown\" width=\"25\" height=\"26\" \/><\/p>\n<div class=\"WelcomePack-Info\">Cashback hebdomadaire jusqu&rsquo;\u00e0 25%<\/div>\n<p><img loading=\"lazy\" decoding=\"async\" class=\"alignnone size-full wp-image-1452\" src=\"https:\/\/gold-zino.org\/wp-content\/uploads\/2025\/10\/welcome-crown.svg\" alt=\"crown\" width=\"25\" height=\"26\" \/><\/p>\n<\/div>\n<\/div>\n<h2>Casino mobile Goldzino<\/h2>\n<p>L&rsquo;application mobile Gold Zino offre aux joueurs toutes les m\u00eames fonctionnalit\u00e9s que la version PC. Les jeux se chargent rapidement dans l&rsquo;application mobile, les graphismes sont fluides et les commandes sont intuitives. Dans l&rsquo;application, vous pouvez v\u00e9rifier votre compte, contacter l&rsquo;\u00e9quipe d&rsquo;assistance via le chat en direct, g\u00e9rer votre compte, et plus encore.<\/p>\n<p>L&rsquo;application Gold Zino permet aux utilisateurs d&rsquo;effectuer des d\u00e9p\u00f4ts, de retirer des fonds en toute s\u00e9curit\u00e9 et de d\u00e9finir toutes les limites. Vous pouvez y g\u00e9rer votre compte personnel, configurer des outils pour un jeu responsable et d\u00e9finir vos propres limites.<\/p>\n<p>Le principal avantage du logiciel est que vous pouvez jouer n&rsquo;importe o\u00f9 avec les m\u00eames fonctionnalit\u00e9s. La version PC dispose d&rsquo;une interface plus grande pour de nombreux jeux, tandis que l&rsquo;application mobile dispose d&rsquo;une interface optimis\u00e9e qui s&rsquo;adapte \u00e0 l&rsquo;\u00e9cran de n&rsquo;importe quel appareil.<\/p>\n<table>\n<tbody>\n<tr>\n<td>Fonctionnalit\u00e9<\/td>\n<td>Application mobile<\/td>\n<\/tr>\n<tr>\n<td>Acc\u00e8s au jeu<\/td>\n<td>Biblioth\u00e8que compl\u00e8te, optimis\u00e9e pour le tactile<\/td>\n<\/tr>\n<tr>\n<td>Processus de v\u00e9rification<\/td>\n<td>R\u00e9alis\u00e9 en toute s\u00e9curit\u00e9 dans le logiciel<\/td>\n<\/tr>\n<tr>\n<td>\u00c9quipe d&rsquo;assistance et de chat en direct<\/td>\n<td>Disponible 24 heures sur 24, 7 jours sur 7, enti\u00e8rement int\u00e9gr\u00e9<\/td>\n<\/tr>\n<tr>\n<td>Paiements<\/td>\n<td>D\u00e9p\u00f4t\/retrait avec cryptage s\u00e9curis\u00e9<\/td>\n<\/tr>\n<\/tbody>\n<\/table>\n<p><div style=\"clear: both\"><\/div><div class=\"d-flex justify-content-center\"><button data-item=\"decouvrez_link\" data-group=\"website_links\" class=\"goto fw-bold rounded-pill btn btn-orange\" aria-label=\"T\u00e9l\u00e9chargez l&#039;application Goldzino\" >T\u00e9l\u00e9chargez l&#039;application Goldzino<\/button><\/div><div class=\"scrollable-content-wrap my-5\"><div class=\"scrollable-content-inner\"><h2>Application Goldzino pour Android<\/h2>\n<p>L&rsquo;application Goldzino pour Android est disponible sans t\u00e9l\u00e9chargement de fichiers APK. Notre logiciel vous donne un acc\u00e8s instantan\u00e9 \u00e0 tous les jeux, bonus et fonctionnalit\u00e9s.<\/p>\n<p>L&rsquo;application Goldzino pour Android est une application web progressive (PWA) qui peut \u00eatre t\u00e9l\u00e9charg\u00e9e via un navigateur. Notre logiciel offre un casino mobile optimis\u00e9 sans qu&rsquo;il soit n\u00e9cessaire de t\u00e9l\u00e9charger le fichier APK Goldzino. Vous pouvez jouer \u00e0 vos jeux de cartes, jeux de table, machines \u00e0 sous et jeux avec croupier en direct pr\u00e9f\u00e9r\u00e9s dans l&rsquo;application web progressive pour Android.<\/p>\n<p>Ici, les utilisateurs peuvent d\u00e9poser et retirer des fonds, t\u00e9l\u00e9charger des documents pour le processus de v\u00e9rification, g\u00e9rer leurs informations personnelles et effectuer d&rsquo;autres op\u00e9rations.<\/p>\n<p>Nos d\u00e9veloppeurs ont mis en place des fonctionnalit\u00e9s de cryptage et de s\u00e9curit\u00e9 pour notre logiciel Android afin de le rendre totalement s\u00fbr pour les utilisateurs.<\/p>\n<p>Goldzino PWA pour Android int\u00e8gre les technologies les plus avanc\u00e9es pour le streaming en ligne de jeux de casino en direct. Notre logiciel consomme une quantit\u00e9 minimale de ressources de votre appareil, ce qui le rend optimal. Le processus d&rsquo;installation de Gold Zino PWA est simple :<\/p>\n<ol>\n<li>Faites d\u00e9filer jusqu&rsquo;au bas de la page principale de Gold Zino.<\/li>\n<li>Cliquez sur le bouton \u00ab Application Casino \u00bb.<\/li>\n<li>Une fen\u00eatre appara\u00eetra. Cliquez sur \u00ab Installer \u00bb.<\/li>\n<\/ol>\n<p><img loading=\"lazy\" decoding=\"async\" class=\"alignnone wp-image-1465 size-full\" src=\"https:\/\/gold-zino.org\/wp-content\/uploads\/2025\/10\/Goldzino-App-Android.webp\" alt=\"Goldzino App Android\" width=\"1248\" height=\"536\" srcset=\"https:\/\/gold-zino.org\/wp-content\/uploads\/2025\/10\/Goldzino-App-Android.webp 1248w, https:\/\/gold-zino.org\/wp-content\/uploads\/2025\/10\/Goldzino-App-Android-300x129.webp 300w, https:\/\/gold-zino.org\/wp-content\/uploads\/2025\/10\/Goldzino-App-Android-1024x440.webp 1024w, https:\/\/gold-zino.org\/wp-content\/uploads\/2025\/10\/Goldzino-App-Android-768x330.webp 768w\" sizes=\"auto, (max-width: 1248px) 100vw, 1248px\" \/><\/p>\n<\/div><\/div><div style=\"clear: both\"><\/div><div class=\"d-flex justify-content-center\"><button data-item=\"decouvrez_link\" data-group=\"website_links\" class=\"goto fw-bold rounded-pill btn btn-orange\" aria-label=\"T\u00e9l\u00e9charger Goldzino\" >T\u00e9l\u00e9charger Goldzino<\/button><\/div><div class=\"scrollable-content-wrap my-5\"><div class=\"scrollable-content-inner\"><h2>Application mobile iOS<\/h2>\n<p>Pour les utilisateurs d&rsquo;iPhone et d&rsquo;iPad, l&rsquo;application mobile Goldzino est \u00e9galement disponible. Nous avons optimis\u00e9 tous nos jeux sp\u00e9cialement pour les appareils iOS. Vous n&rsquo;avez pas besoin de rechercher l&rsquo;application Goldzino dans l&rsquo;App Store, car elle est disponible en t\u00e9l\u00e9chargement dans votre navigateur. Sur la page d&rsquo;accueil de Goldzino, vous trouverez une section sp\u00e9ciale pour t\u00e9l\u00e9charger notre logiciel iOS.<\/p>\n<p>Pour installer l&rsquo;application Goldzino sur votre appareil iOS :<\/p>\n<ol>\n<li>Ouvrez le site Web Goldzino dans votre navigateur Safari.<\/li>\n<li>Appuyez sur le bouton \u00ab Partager \u00bb (carr\u00e9 avec une fl\u00e8che vers le haut).<\/li>\n<li>S\u00e9lectionnez \u00ab Ajouter \u00e0 l&rsquo;\u00e9cran d&rsquo;accueil \u00bb dans le menu.<\/li>\n<li>Confirmez en cliquant sur \u00ab Ajouter \u00bb.<\/li>\n<\/ol>\n<p>Cela cr\u00e9era un raccourci vers Goldzino Casino sur votre \u00e9cran d&rsquo;accueil afin que vous puissiez y acc\u00e9der rapidement sans avoir \u00e0 t\u00e9l\u00e9charger quoi que ce soit d&rsquo;autre.<\/p>\n<p>Vous avez ici acc\u00e8s \u00e0 toutes les fonctionnalit\u00e9s de notre casino mobile. Vous pouvez contacter le service d&rsquo;assistance via le chat en direct, g\u00e9rer vos comptes et vos bonus, et suivre le classement dans les tournois. L&rsquo;application Goldzino est tr\u00e8s efficace et offre \u00e0 tous les utilisateurs iOS une exp\u00e9rience de jeu pratique, partout et sur n&rsquo;importe quel appareil.<\/p>\n<p><img loading=\"lazy\" decoding=\"async\" class=\"alignnone wp-image-1466 size-full\" src=\"https:\/\/gold-zino.org\/wp-content\/uploads\/2025\/10\/Goldzino-App-iOS.webp\" alt=\"Goldzino App iOS\" width=\"1248\" height=\"536\" srcset=\"https:\/\/gold-zino.org\/wp-content\/uploads\/2025\/10\/Goldzino-App-iOS.webp 1248w, https:\/\/gold-zino.org\/wp-content\/uploads\/2025\/10\/Goldzino-App-iOS-300x129.webp 300w, https:\/\/gold-zino.org\/wp-content\/uploads\/2025\/10\/Goldzino-App-iOS-1024x440.webp 1024w, https:\/\/gold-zino.org\/wp-content\/uploads\/2025\/10\/Goldzino-App-iOS-768x330.webp 768w\" sizes=\"auto, (max-width: 1248px) 100vw, 1248px\" \/><\/p>\n<\/div><\/div><div style=\"clear: both\"><\/div><div class=\"d-flex justify-content-center\"><button data-item=\"decouvrez_link\" data-group=\"website_links\" class=\"goto fw-bold rounded-pill btn btn-orange\" aria-label=\"T\u00e9l\u00e9chargez l&#039;application Goldzino\" >T\u00e9l\u00e9chargez l&#039;application Goldzino<\/button><\/div><div class=\"scrollable-content-wrap my-5\"><div class=\"scrollable-content-inner\"><h2>Application Goldzino Casino pour Windows\/macOS<\/h2>\n<p>Avec l&rsquo;application de bureau Goldzino, vous pouvez jouer \u00e0 vos machines \u00e0 sous en ligne et jeux de table pr\u00e9f\u00e9r\u00e9s depuis votre ordinateur. La plateforme est compatible avec les syst\u00e8mes d&rsquo;exploitation Windows et macOS. L&rsquo;application de bureau Goldzino est stable, facile \u00e0 naviguer et offre un acc\u00e8s \u00e0 toutes les fonctionnalit\u00e9s du casino.<\/p>\n<p>Il suffit d&rsquo;ouvrir n&rsquo;importe quel navigateur et de taper \u00ab Goldzino Casino \u00bb dans la barre de recherche. Aucune installation de logiciel suppl\u00e9mentaire n&rsquo;est n\u00e9cessaire. Vous pouvez jouer instantan\u00e9ment directement dans votre navigateur. Cependant, pour un acc\u00e8s rapide, les utilisateurs peuvent cr\u00e9er un raccourci sur leur bureau, ce qui leur permettra de lancer le casino depuis l&rsquo;\u00e9cran d&rsquo;accueil de leur PC. Le raccourci d&rsquo;acc\u00e8s rapide fonctionne comme une application distincte et ne n\u00e9cessite aucun t\u00e9l\u00e9chargement.<\/p>\n<p>L&rsquo;application de bureau Goldzino n&rsquo;a rien \u00e0 envier aux autres versions du casino. Elle dispose de toutes les fonctionnalit\u00e9s n\u00e9cessaires de notre casino, de graphismes haute r\u00e9solution et d&rsquo;un chargement instantan\u00e9. Le logiciel de bureau Goldzino est con\u00e7u pour offrir des fonctionnalit\u00e9s et des performances de jeu accrues.<\/p>\n<p><img loading=\"lazy\" decoding=\"async\" class=\"alignnone wp-image-1467 size-full\" src=\"https:\/\/gold-zino.org\/wp-content\/uploads\/2025\/10\/Goldzino-App-PC.webp\" alt=\"Goldzino App PC\" width=\"1248\" height=\"536\" srcset=\"https:\/\/gold-zino.org\/wp-content\/uploads\/2025\/10\/Goldzino-App-PC.webp 1248w, https:\/\/gold-zino.org\/wp-content\/uploads\/2025\/10\/Goldzino-App-PC-300x129.webp 300w, https:\/\/gold-zino.org\/wp-content\/uploads\/2025\/10\/Goldzino-App-PC-1024x440.webp 1024w, https:\/\/gold-zino.org\/wp-content\/uploads\/2025\/10\/Goldzino-App-PC-768x330.webp 768w\" sizes=\"auto, (max-width: 1248px) 100vw, 1248px\" \/><\/p>\n<\/div><\/div><div style=\"clear: both\"><\/div><div class=\"d-flex justify-content-center\"><button data-item=\"decouvrez_link\" data-group=\"website_links\" class=\"goto fw-bold rounded-pill btn btn-orange\" aria-label=\"T\u00e9l\u00e9charger Goldzino\" >T\u00e9l\u00e9charger Goldzino<\/button><\/div><div class=\"scrollable-content-wrap my-5\"><div class=\"scrollable-content-inner\"><h2>FAQ<\/h2>\n<h3>O\u00f9 puis-je obtenir une assistance client\u00e8le dans l&rsquo;application Goldzino Casino ?<\/h3>\n<p>Dans le menu principal de l&rsquo;application Gold Zino, vous trouverez une ic\u00f4ne d&rsquo;assistance. En cliquant dessus, vous serez connect\u00e9 \u00e0 notre assistance chat en direct. Vous pouvez \u00e9galement nous contacter par e-mail. Notre \u00e9quipe d&rsquo;assistance multilingue est pr\u00eate \u00e0 r\u00e9pondre \u00e0 toutes vos questions 24 heures sur 24, 7 jours sur 7.<\/p>\n<h3>Ai-je besoin d&rsquo;un compte pour utiliser l&rsquo;application Goldzino ?<\/h3>\n<p>Oui, vous devez cr\u00e9er un compte pour jouer aux jeux du casino Goldzino. Vous pouvez jouer gratuitement en mode d\u00e9mo, ou vous pouvez effectuer un d\u00e9p\u00f4t et jouer avec de l&rsquo;argent r\u00e9el. Pour utiliser notre casino, vous devez suivre la proc\u00e9dure d&rsquo;inscription et v\u00e9rifier votre compte. Une fois votre compte cr\u00e9\u00e9, vous pouvez facilement utiliser l&rsquo;application.<\/p>\n<h3>Tous les jeux sont-ils disponibles dans l&rsquo;application ?<\/h3>\n<p>Tous les jeux Goldzino Casino sont disponibles dans l&rsquo;application Gold Zino. Dans notre application, vous pouvez jouer \u00e0 toutes les machines \u00e0 sous en ligne, aux jeux avec croupiers en direct, aux jeux de table, aux jeux crash et bien plus encore. Nous avons enti\u00e8rement optimis\u00e9 le processus de jeu pour l&rsquo;application, afin que vous puissiez jouer depuis n&rsquo;importe quel appareil.<\/p>\n<h3>Comment puis-je mettre \u00e0 jour l&rsquo;application Goldzino Casino ?<\/h3>\n<p>Goldzino PWA (Progressive Web App) se met \u00e0 jour automatiquement, am\u00e9liorant ainsi toutes ses fonctionnalit\u00e9s. Si vous souhaitez mettre \u00e0 jour manuellement votre application de bureau pour PC, vous pouvez le faire via votre navigateur en bas de la page Web dans la section application.<\/p>\n<\/div><\/div><\/p>\n","protected":false},"excerpt":{"rendered":"<p>Application Goldzino La Goldzino app vous offre une exp\u00e9rience de casino mobile compl\u00e8te directement sur votre appareil. Elle propose plus de 6 000 jeux : machines \u00e0 sous en ligne, jeux avec croupier en direct, jeux de table, jeux instantan\u00e9s, et bien plus encore. L&rsquo;application mobile fonctionne en haute qualit\u00e9 et les jeux de casino [&hellip;]<\/p>\n","protected":false},"author":1,"featured_media":0,"parent":0,"menu_order":0,"comment_status":"closed","ping_status":"closed","template":"template-builder.php","meta":{"_acf_changed":false,"inline_featured_image":false,"footnotes":""},"class_list":["post-1494","page","type-page","status-publish","hentry"],"acf":[],"yoast_head":"<!-- This site is optimized with the Yoast SEO plugin v27.3 - https:\/\/yoast.com\/product\/yoast-seo-wordpress\/ -->\n<title>Goldzino App \u2013 T\u00e9l\u00e9chargement iOS &amp; Android<\/title>\n<meta name=\"description\" content=\"Installez Goldzino App sur iOS, Android, Windows et macOS pour profiter du casino complet partout. Synchronisation du compte, mises \u00e0 jour fr\u00e9quentes et assistance int\u00e9gr\u00e9e \u2013 tout dans Gold Zino App.\" \/>\n<meta name=\"robots\" content=\"index, follow, max-snippet:-1, max-image-preview:large, max-video-preview:-1\" \/>\n<link rel=\"canonical\" href=\"https:\/\/gold-zino.org\/fr\/app\/\" \/>\n<meta property=\"og:locale\" content=\"fr_FR\" \/>\n<meta property=\"og:type\" content=\"article\" \/>\n<meta property=\"og:title\" content=\"Goldzino App \u2013 T\u00e9l\u00e9chargement iOS &amp; Android\" \/>\n<meta property=\"og:description\" content=\"Installez Goldzino App sur iOS, Android, Windows et macOS pour profiter du casino complet partout. Synchronisation du compte, mises \u00e0 jour fr\u00e9quentes et assistance int\u00e9gr\u00e9e \u2013 tout dans Gold Zino App.\" \/>\n<meta property=\"og:url\" content=\"https:\/\/gold-zino.org\/fr\/app\/\" \/>\n<meta property=\"og:site_name\" content=\"goldzino\" \/>\n<meta property=\"article:modified_time\" content=\"2025-12-23T20:34:01+00:00\" \/>\n<meta name=\"twitter:card\" content=\"summary_large_image\" \/>\n<meta name=\"twitter:label1\" content=\"Dur\u00e9e de lecture estim\u00e9e\" \/>\n\t<meta name=\"twitter:data1\" content=\"2 minutes\" \/>\n<script type=\"application\/ld+json\" class=\"yoast-schema-graph\">{\"@context\":\"https:\\\/\\\/schema.org\",\"@graph\":[{\"@type\":\"WebPage\",\"@id\":\"https:\\\/\\\/gold-zino.org\\\/fr\\\/app\\\/\",\"url\":\"https:\\\/\\\/gold-zino.org\\\/fr\\\/app\\\/\",\"name\":\"Goldzino App \u2013 T\u00e9l\u00e9chargement iOS & Android\",\"isPartOf\":{\"@id\":\"https:\\\/\\\/gold-zino.org\\\/fr\\\/#website\"},\"datePublished\":\"2025-10-30T09:04:37+00:00\",\"dateModified\":\"2025-12-23T20:34:01+00:00\",\"description\":\"Installez Goldzino App sur iOS, Android, Windows et macOS pour profiter du casino complet partout. Synchronisation du compte, mises \u00e0 jour fr\u00e9quentes et assistance int\u00e9gr\u00e9e \u2013 tout dans Gold Zino App.\",\"breadcrumb\":{\"@id\":\"https:\\\/\\\/gold-zino.org\\\/fr\\\/app\\\/#breadcrumb\"},\"inLanguage\":\"fr-FR\",\"potentialAction\":[{\"@type\":\"ReadAction\",\"target\":[\"https:\\\/\\\/gold-zino.org\\\/fr\\\/app\\\/\"]}]},{\"@type\":\"BreadcrumbList\",\"@id\":\"https:\\\/\\\/gold-zino.org\\\/fr\\\/app\\\/#breadcrumb\",\"itemListElement\":[{\"@type\":\"ListItem\",\"position\":1,\"name\":\"GoldZino\",\"item\":\"https:\\\/\\\/gold-zino.org\\\/fr\\\/\"},{\"@type\":\"ListItem\",\"position\":2,\"name\":\"App\"}]},{\"@type\":\"WebSite\",\"@id\":\"https:\\\/\\\/gold-zino.org\\\/fr\\\/#website\",\"url\":\"https:\\\/\\\/gold-zino.org\\\/fr\\\/\",\"name\":\"GoldZino\",\"description\":\"\",\"publisher\":{\"@id\":\"https:\\\/\\\/gold-zino.org\\\/fr\\\/#organization\"},\"potentialAction\":[{\"@type\":\"SearchAction\",\"target\":{\"@type\":\"EntryPoint\",\"urlTemplate\":\"https:\\\/\\\/gold-zino.org\\\/fr\\\/?s={search_term_string}\"},\"query-input\":{\"@type\":\"PropertyValueSpecification\",\"valueRequired\":true,\"valueName\":\"search_term_string\"}}],\"inLanguage\":\"fr-FR\"},{\"@type\":\"Organization\",\"@id\":\"https:\\\/\\\/gold-zino.org\\\/fr\\\/#organization\",\"name\":\"GoldZino\",\"url\":\"https:\\\/\\\/gold-zino.org\\\/fr\\\/\",\"logo\":{\"@type\":\"ImageObject\",\"inLanguage\":\"fr-FR\",\"@id\":\"https:\\\/\\\/gold-zino.org\\\/fr\\\/#\\\/schema\\\/logo\\\/image\\\/\",\"url\":\"https:\\\/\\\/gold-zino.org\\\/wp-content\\\/uploads\\\/2025\\\/08\\\/80u1FaquEZeR6OUTeJCc.png\",\"contentUrl\":\"https:\\\/\\\/gold-zino.org\\\/wp-content\\\/uploads\\\/2025\\\/08\\\/80u1FaquEZeR6OUTeJCc.png\",\"width\":209,\"height\":46,\"caption\":\"GoldZino\"},\"image\":{\"@id\":\"https:\\\/\\\/gold-zino.org\\\/fr\\\/#\\\/schema\\\/logo\\\/image\\\/\"}}]}<\/script>\n<!-- \/ Yoast SEO plugin. -->","yoast_head_json":{"title":"Goldzino App \u2013 T\u00e9l\u00e9chargement iOS & Android","description":"Installez Goldzino App sur iOS, Android, Windows et macOS pour profiter du casino complet partout. Synchronisation du compte, mises \u00e0 jour fr\u00e9quentes et assistance int\u00e9gr\u00e9e \u2013 tout dans Gold Zino App.","robots":{"index":"index","follow":"follow","max-snippet":"max-snippet:-1","max-image-preview":"max-image-preview:large","max-video-preview":"max-video-preview:-1"},"canonical":"https:\/\/gold-zino.org\/fr\/app\/","og_locale":"fr_FR","og_type":"article","og_title":"Goldzino App \u2013 T\u00e9l\u00e9chargement iOS & Android","og_description":"Installez Goldzino App sur iOS, Android, Windows et macOS pour profiter du casino complet partout. Synchronisation du compte, mises \u00e0 jour fr\u00e9quentes et assistance int\u00e9gr\u00e9e \u2013 tout dans Gold Zino App.","og_url":"https:\/\/gold-zino.org\/fr\/app\/","og_site_name":"goldzino","article_modified_time":"2025-12-23T20:34:01+00:00","twitter_card":"summary_large_image","twitter_misc":{"Dur\u00e9e de lecture estim\u00e9e":"2 minutes"},"schema":{"@context":"https:\/\/schema.org","@graph":[{"@type":"WebPage","@id":"https:\/\/gold-zino.org\/fr\/app\/","url":"https:\/\/gold-zino.org\/fr\/app\/","name":"Goldzino App \u2013 T\u00e9l\u00e9chargement iOS & Android","isPartOf":{"@id":"https:\/\/gold-zino.org\/fr\/#website"},"datePublished":"2025-10-30T09:04:37+00:00","dateModified":"2025-12-23T20:34:01+00:00","description":"Installez Goldzino App sur iOS, Android, Windows et macOS pour profiter du casino complet partout. Synchronisation du compte, mises \u00e0 jour fr\u00e9quentes et assistance int\u00e9gr\u00e9e \u2013 tout dans Gold Zino App.","breadcrumb":{"@id":"https:\/\/gold-zino.org\/fr\/app\/#breadcrumb"},"inLanguage":"fr-FR","potentialAction":[{"@type":"ReadAction","target":["https:\/\/gold-zino.org\/fr\/app\/"]}]},{"@type":"BreadcrumbList","@id":"https:\/\/gold-zino.org\/fr\/app\/#breadcrumb","itemListElement":[{"@type":"ListItem","position":1,"name":"GoldZino","item":"https:\/\/gold-zino.org\/fr\/"},{"@type":"ListItem","position":2,"name":"App"}]},{"@type":"WebSite","@id":"https:\/\/gold-zino.org\/fr\/#website","url":"https:\/\/gold-zino.org\/fr\/","name":"GoldZino","description":"","publisher":{"@id":"https:\/\/gold-zino.org\/fr\/#organization"},"potentialAction":[{"@type":"SearchAction","target":{"@type":"EntryPoint","urlTemplate":"https:\/\/gold-zino.org\/fr\/?s={search_term_string}"},"query-input":{"@type":"PropertyValueSpecification","valueRequired":true,"valueName":"search_term_string"}}],"inLanguage":"fr-FR"},{"@type":"Organization","@id":"https:\/\/gold-zino.org\/fr\/#organization","name":"GoldZino","url":"https:\/\/gold-zino.org\/fr\/","logo":{"@type":"ImageObject","inLanguage":"fr-FR","@id":"https:\/\/gold-zino.org\/fr\/#\/schema\/logo\/image\/","url":"https:\/\/gold-zino.org\/wp-content\/uploads\/2025\/08\/80u1FaquEZeR6OUTeJCc.png","contentUrl":"https:\/\/gold-zino.org\/wp-content\/uploads\/2025\/08\/80u1FaquEZeR6OUTeJCc.png","width":209,"height":46,"caption":"GoldZino"},"image":{"@id":"https:\/\/gold-zino.org\/fr\/#\/schema\/logo\/image\/"}}]}},"_links":{"self":[{"href":"https:\/\/gold-zino.org\/fr\/wp-json\/wp\/v2\/pages\/1494","targetHints":{"allow":["GET"]}}],"collection":[{"href":"https:\/\/gold-zino.org\/fr\/wp-json\/wp\/v2\/pages"}],"about":[{"href":"https:\/\/gold-zino.org\/fr\/wp-json\/wp\/v2\/types\/page"}],"author":[{"embeddable":true,"href":"https:\/\/gold-zino.org\/fr\/wp-json\/wp\/v2\/users\/1"}],"replies":[{"embeddable":true,"href":"https:\/\/gold-zino.org\/fr\/wp-json\/wp\/v2\/comments?post=1494"}],"version-history":[{"count":3,"href":"https:\/\/gold-zino.org\/fr\/wp-json\/wp\/v2\/pages\/1494\/revisions"}],"predecessor-version":[{"id":2205,"href":"https:\/\/gold-zino.org\/fr\/wp-json\/wp\/v2\/pages\/1494\/revisions\/2205"}],"wp:attachment":[{"href":"https:\/\/gold-zino.org\/fr\/wp-json\/wp\/v2\/media?parent=1494"}],"curies":[{"name":"wp","href":"https:\/\/api.w.org\/{rel}","templated":true}]}}