{"id":1528,"date":"2025-10-30T09:09:51","date_gmt":"2025-10-30T09:09:51","guid":{"rendered":"https:\/\/gold-zino.org\/login-e-registo\/"},"modified":"2025-12-23T20:34:27","modified_gmt":"2025-12-23T20:34:27","slug":"connexion-et-inscription","status":"publish","type":"page","link":"https:\/\/gold-zino.org\/fr\/connexion-et-inscription\/","title":{"rendered":"Connexion et Inscription"},"content":{"rendered":"<h1>Connexion Goldzino<\/h1>\n<p>Pour cr\u00e9er un compte sur notre site Web de casino, tout le monde doit passer par le processus de Goldzino login. Tous les utilisateurs enregistr\u00e9s peuvent se connecter \u00e0 l&rsquo;aide de leur nom d&rsquo;utilisateur et de leur mot de passe via un navigateur ou une application mobile. Si vous \u00eates nouveau et que vous n&rsquo;avez pas encore de compte, vous pouvez en cr\u00e9er un en quelques \u00e9tapes seulement.<\/p>\n<p><div class=\"banner-wrap\" aria-label=\"Banner\"><img src=\"https:\/\/gold-zino.org\/wp-content\/uploads\/2025\/10\/Goldzino-Banner-Desktop.webp\" class=\"w-100 d-none d-lg-block img-pc main-banner-img\" alt=\"goldzino bonus desktop\" fetchpriority=\"high\" decoding=\"async\"><img src=\"https:\/\/gold-zino.org\/wp-content\/uploads\/2025\/10\/Gold-zino-Mobile-Banner.webp\" class=\"w-100 d-none d-md-block d-lg-none main-banner-img\" alt=\"goldzino bonus mobile\" fetchpriority=\"high\" decoding=\"async\"><img src=\"https:\/\/gold-zino.org\/wp-content\/uploads\/2025\/10\/Gold-zino-Mobile-Banner.webp\" class=\"w-100 d-md-none\" alt=\"goldzino bonus mobile\" fetchpriority=\"high\" decoding=\"async\"><div class=\"banner-description\">\n<div class=\"banner-title\">Bonus de Bienvenue<\/div>\n<p class=\"banner-header-title\">\u20ac1000<\/p>\n<div class=\"banner-header-AdditionalText\">+ 100 Tours Gratuits<\/div>\n<button data-item=\"homepage_banner_link\" class=\"goto m-button m-gradient-border m-button--primary m-button--large banner-button btn-orange\">\n            <div class=\"m-button-content\">\n                <span>Inscrivez-vous d\u00e8s maintenant<\/span>\n                <span><\/span>\n            <\/div>\n        <\/button>\n<\/div>\n<div class=\"WelcomePack\">\n<p><img loading=\"lazy\" decoding=\"async\" class=\"alignnone size-full wp-image-1452\" src=\"https:\/\/gold-zino.org\/wp-content\/uploads\/2025\/10\/welcome-crown.svg\" alt=\"crown\" width=\"25\" height=\"26\" \/><\/p>\n<div class=\"WelcomePack-Info\">Cashback hebdomadaire jusqu&rsquo;\u00e0 25%<\/div>\n<p><img loading=\"lazy\" decoding=\"async\" class=\"alignnone size-full wp-image-1452\" src=\"https:\/\/gold-zino.org\/wp-content\/uploads\/2025\/10\/welcome-crown.svg\" alt=\"crown\" width=\"25\" height=\"26\" \/><\/p>\n<\/div>\n<\/div><div class=\"scrollable-content-wrap my-5\"><div class=\"scrollable-content-inner\"><h2>Processus d&rsquo;inscription au casino Goldzino<\/h2>\n<p>Notre plateforme donne \u00e0 ses utilisateurs acc\u00e8s \u00e0 plus de 6 000 jeux. Chaque nouvel utilisateur inscrit re\u00e7oit un bonus de bienvenue de 1 000 \u20ac et 100 tours gratuits. En cr\u00e9ant un compte sur Gold Zino Casino, vous avez acc\u00e8s \u00e0 toutes les fonctionnalit\u00e9s de notre casino en ligne moderne. Une fois votre compte cr\u00e9\u00e9, vous pouvez vous connecter depuis n&rsquo;importe quel appareil et effectuer toutes les actions que vous souhaitez. Notre casino offre \u00e0 ses utilisateurs la possibilit\u00e9 de participer aux tournois les plus avanc\u00e9s, o\u00f9 vous pouvez entrer dans le classement.<\/p>\n<table>\n<tbody>\n<tr>\n<td>Exigence<\/td>\n<td>D\u00e9tails<\/td>\n<\/tr>\n<tr>\n<td>Courriel<\/td>\n<td>Adresse e-mail enregistr\u00e9e<\/td>\n<\/tr>\n<tr>\n<td>Mot de passe<\/td>\n<td>Doit correspondre \u00e0 celui utilis\u00e9 lors de l&rsquo;inscription<\/td>\n<\/tr>\n<tr>\n<td>V\u00e9rification<\/td>\n<td>Effectuez le processus de v\u00e9rification comme requis.<\/td>\n<\/tr>\n<tr>\n<td>Dispositif<\/td>\n<td>Accessible sur ordinateur, mobile ou tablette<\/td>\n<\/tr>\n<\/tbody>\n<\/table>\n<h3>Cr\u00e9ez votre compte<\/h3>\n<p>Pour cr\u00e9er un compte sur Goldzino Casino, proc\u00e9dez comme suit :<\/p>\n<ol>\n<li>Cliquez sur le bouton \u00ab S&rsquo;inscrire \u00bb.<\/li>\n<li>Il se trouve dans le coin sup\u00e9rieur droit de la page principale.<\/li>\n<li>Remplissez vos informations personnelles.<\/li>\n<li>Entrez votre adresse e-mail et d\u00e9finissez un mot de passe. Si vous disposez d&rsquo;un code promotionnel, appliquez-le \u00e0 ce stade.<\/li>\n<li>Confirmez votre accord avec nos r\u00e8gles. Indiquez que vous avez plus de 18 ans et que vous acceptez nos conditions g\u00e9n\u00e9rales et notre politique de confidentialit\u00e9.<\/li>\n<li>Cliquez sur \u00ab S&rsquo;inscrire \u00bb pour confirmer.<\/li>\n<li>Vous recevrez un e-mail. Ouvrez le message et suivez le lien fourni pour activer votre compte et terminer le processus de connexion \u00e0 Goldzino.<\/li>\n<\/ol>\n<p>Une fois votre compte confirm\u00e9, vous devenez membre \u00e0 part enti\u00e8re de la communaut\u00e9 de joueurs Goldzino.<\/p>\n<h2>Connexion \u00e0 Goldzino et gestion du compte<\/h2>\n<p>Le processus de connexion \u00e0 Goldzino est instantan\u00e9 et s\u00e9curis\u00e9. Une fois connect\u00e9 \u00e0 votre compte, vous aurez acc\u00e8s \u00e0 la gestion. Vous pourrez y g\u00e9rer tous les aspects de votre compte, y compris les d\u00e9p\u00f4ts, les retraits, les bonus et les codes promotionnels. Les joueurs peuvent \u00e9galement acc\u00e9der \u00e0 la gestion VIP, participer \u00e0 des tournois et ajuster les param\u00e8tres de jeu responsable dans leur compte. Dans la section jeu responsable, vous pouvez d\u00e9finir des limites de temps ou vous auto-exclure. Les utilisateurs peuvent contacter notre \u00e9quipe d&rsquo;assistance multilingue via notre application ou notre navigateur. L&rsquo;\u00e9quipe d&rsquo;assistance Gold Zino est accessible \u00e0 tous, car vous pouvez nous contacter non seulement via le chat en direct sur le site web ou dans l&rsquo;application, mais aussi en envoyant un e-mail. Vous pouvez contacter l&rsquo;assistance si vous rencontrez des probl\u00e8mes avec le processus de connexion \u00e0 Goldzino.<\/p>\n<h3>Mot de passe oubli\u00e9 ?<\/h3>\n<p>Il peut arriver que vous oubliez votre mot de passe. Dans ce cas, il existe une proc\u00e9dure toute pr\u00eate. La restauration de votre mot de passe n&rsquo;est pas difficile et peut \u00eatre effectu\u00e9e rapidement. Ouvrez la section Connexion \u00e0 Goldzino. Suivez nos instructions :<\/p>\n<ol>\n<li>Cliquez sur le bouton \u00ab Connexion \u00bb dans le coin sup\u00e9rieur droit.<\/li>\n<li>S\u00e9lectionnez \u00ab Mot de passe oubli\u00e9 ? \u00bb sous le formulaire.<\/li>\n<li>Entrez l&rsquo;adresse e-mail associ\u00e9e \u00e0 votre compte Goldzino.<\/li>\n<li>Suivez le lien envoy\u00e9 dans votre bo\u00eete de r\u00e9ception pour r\u00e9initialiser votre mot de passe et en cr\u00e9er un nouveau.<\/li>\n<\/ol>\n<h2>Processus de v\u00e9rification chez Goldzino Casino<\/h2>\n<p>Sur la plateforme Gold Zino, vous devez passer par le processus de v\u00e9rification du compte. Les utilisateurs doivent t\u00e9l\u00e9charger leurs documents personnels. Vous devrez fournir un passeport, une carte d&rsquo;identit\u00e9, un permis de conduire ou une facture de services publics datant de moins de six mois.<\/p>\n<p>Notre \u00e9quipe examinera vos documents en moins de 48 heures. Une fois le processus de v\u00e9rification termin\u00e9, votre compte sera valid\u00e9. Si votre compte est authentifi\u00e9, vous pourrez retirer de l&rsquo;argent et des bonus. Goldzino Casino applique une politique \u00ab Know Your Customer \u00bb (KYC) afin de prot\u00e9ger les joueurs contre la fraude.<\/p>\n<p>Dans le pied de page du site Web Goldzino, vous trouverez plus d&rsquo;informations sur les r\u00e8gles KYC et le processus de soumission des documents. Une fois cette \u00e9tape termin\u00e9e, toutes les fonctionnalit\u00e9s du Goldzino Casino vous seront accessibles. Vous pourrez rejoindre notre club VIP et participer \u00e0 des tournois.<\/p>\n<h2>FAQ<\/h2>\n<h3>Quelles sont les \u00e9tapes \u00e0 suivre pour v\u00e9rifier un compte ?<\/h3>\n<p>Afin que Goldzino Casino puisse v\u00e9rifier votre compte, vous devez fournir des documents confirmant votre identit\u00e9. Par exemple, un passeport, une carte d&rsquo;identit\u00e9, un permis de conduire ou une facture r\u00e9cente de services publics. Notre \u00e9quipe examinera votre demande dans les 48 heures. Une fois votre compte approuv\u00e9, vous pourrez l&rsquo;utiliser \u00e0 toutes fins, y compris pour effectuer des paiements.<\/p>\n<h3>Comment puis-je fermer ou suspendre temporairement mon compte ?<\/h3>\n<p>Les param\u00e8tres de votre compte Goldzino vous permettent de fermer ou de bloquer temporairement votre compte. Pour jouer en toute s\u00e9curit\u00e9, vous pouvez utiliser des outils tels que l&rsquo;auto-exclusion ou les restrictions temporaires. Contactez notre \u00e9quipe d&rsquo;assistance multilingue via le chat en ligne ou par e-mail pour demander la fermeture d\u00e9finitive de votre compte ou obtenir de l&rsquo;aide. Elle vous guidera tout au long du processus de mani\u00e8re s\u00fbre et rapide.<\/p>\n<h3>Que dois-je faire si mon compte est bloqu\u00e9 ?<\/h3>\n<p>Si votre compte Gold Zino est verrouill\u00e9, veuillez contacter imm\u00e9diatement notre \u00e9quipe d&rsquo;assistance. Elle v\u00e9rifiera votre identit\u00e9 et vous fournira des recommandations pour r\u00e9tablir l&rsquo;acc\u00e8s. Les comptes peuvent \u00eatre bloqu\u00e9s par mesure de s\u00e9curit\u00e9 en raison d&rsquo;\u00e9checs de connexion ou de la n\u00e9cessit\u00e9 de v\u00e9rifier votre identit\u00e9. Pour r\u00e9tablir l&rsquo;acc\u00e8s complet en toute s\u00e9curit\u00e9, veuillez contacter l&rsquo;assistance.<\/p>\n<h3>Puis-je g\u00e9rer mon mot de passe ou mon adresse e-mail ?<\/h3>\n<p>Oui, les utilisateurs de Goldzino peuvent modifier leurs informations personnelles dans les param\u00e8tres de leur compte. Vous pouvez modifier votre adresse e-mail ou votre mot de passe. Le lien \u00ab Mot de passe oubli\u00e9 ? \u00bb vous permet \u00e9galement de mettre \u00e0 jour votre mot de passe afin de pouvoir acc\u00e9der \u00e0 votre compte.<\/p>\n<\/div><\/div><\/p>\n","protected":false},"excerpt":{"rendered":"<p>Connexion Goldzino Pour cr\u00e9er un compte sur notre site Web de casino, tout le monde doit passer par le processus de Goldzino login. Tous les utilisateurs enregistr\u00e9s peuvent se connecter \u00e0 l&rsquo;aide de leur nom d&rsquo;utilisateur et de leur mot de passe via un navigateur ou une application mobile. Si vous \u00eates nouveau et que [&hellip;]<\/p>\n","protected":false},"author":1,"featured_media":0,"parent":0,"menu_order":0,"comment_status":"closed","ping_status":"closed","template":"template-builder.php","meta":{"_acf_changed":false,"inline_featured_image":false,"footnotes":""},"class_list":["post-1528","page","type-page","status-publish","hentry"],"acf":[],"yoast_head":"<!-- This site is optimized with the Yoast SEO plugin v27.3 - https:\/\/yoast.com\/product\/yoast-seo-wordpress\/ -->\n<title>Goldzino Casino \u2013 Login &amp; Inscription<\/title>\n<meta name=\"description\" content=\"Goldzino login ou cr\u00e9ez votre compte. G\u00e9rez la v\u00e9rification, la r\u00e9cup\u00e9ration du mot de passe et la fermeture du compte rapidement et en toute s\u00e9curit\u00e9 dans Gold Zino.\" \/>\n<meta name=\"robots\" content=\"index, follow, max-snippet:-1, max-image-preview:large, max-video-preview:-1\" \/>\n<link rel=\"canonical\" href=\"https:\/\/gold-zino.org\/fr\/connexion-et-inscription\/\" \/>\n<meta property=\"og:locale\" content=\"fr_FR\" \/>\n<meta property=\"og:type\" content=\"article\" \/>\n<meta property=\"og:title\" content=\"Goldzino Casino \u2013 Login &amp; Inscription\" \/>\n<meta property=\"og:description\" content=\"Goldzino login ou cr\u00e9ez votre compte. G\u00e9rez la v\u00e9rification, la r\u00e9cup\u00e9ration du mot de passe et la fermeture du compte rapidement et en toute s\u00e9curit\u00e9 dans Gold Zino.\" \/>\n<meta property=\"og:url\" content=\"https:\/\/gold-zino.org\/fr\/connexion-et-inscription\/\" \/>\n<meta property=\"og:site_name\" content=\"goldzino\" \/>\n<meta property=\"article:modified_time\" content=\"2025-12-23T20:34:27+00:00\" \/>\n<meta name=\"twitter:card\" content=\"summary_large_image\" \/>\n<meta name=\"twitter:label1\" content=\"Dur\u00e9e de lecture estim\u00e9e\" \/>\n\t<meta name=\"twitter:data1\" content=\"1 minute\" \/>\n<script type=\"application\/ld+json\" class=\"yoast-schema-graph\">{\"@context\":\"https:\\\/\\\/schema.org\",\"@graph\":[{\"@type\":\"WebPage\",\"@id\":\"https:\\\/\\\/gold-zino.org\\\/fr\\\/connexion-et-inscription\\\/\",\"url\":\"https:\\\/\\\/gold-zino.org\\\/fr\\\/connexion-et-inscription\\\/\",\"name\":\"Goldzino Casino \u2013 Login & Inscription\",\"isPartOf\":{\"@id\":\"https:\\\/\\\/gold-zino.org\\\/fr\\\/#website\"},\"datePublished\":\"2025-10-30T09:09:51+00:00\",\"dateModified\":\"2025-12-23T20:34:27+00:00\",\"description\":\"Goldzino login ou cr\u00e9ez votre compte. G\u00e9rez la v\u00e9rification, la r\u00e9cup\u00e9ration du mot de passe et la fermeture du compte rapidement et en toute s\u00e9curit\u00e9 dans Gold Zino.\",\"breadcrumb\":{\"@id\":\"https:\\\/\\\/gold-zino.org\\\/fr\\\/connexion-et-inscription\\\/#breadcrumb\"},\"inLanguage\":\"fr-FR\",\"potentialAction\":[{\"@type\":\"ReadAction\",\"target\":[\"https:\\\/\\\/gold-zino.org\\\/fr\\\/connexion-et-inscription\\\/\"]}]},{\"@type\":\"BreadcrumbList\",\"@id\":\"https:\\\/\\\/gold-zino.org\\\/fr\\\/connexion-et-inscription\\\/#breadcrumb\",\"itemListElement\":[{\"@type\":\"ListItem\",\"position\":1,\"name\":\"GoldZino\",\"item\":\"https:\\\/\\\/gold-zino.org\\\/fr\\\/\"},{\"@type\":\"ListItem\",\"position\":2,\"name\":\"Connexion et Inscription\"}]},{\"@type\":\"WebSite\",\"@id\":\"https:\\\/\\\/gold-zino.org\\\/fr\\\/#website\",\"url\":\"https:\\\/\\\/gold-zino.org\\\/fr\\\/\",\"name\":\"GoldZino\",\"description\":\"\",\"publisher\":{\"@id\":\"https:\\\/\\\/gold-zino.org\\\/fr\\\/#organization\"},\"potentialAction\":[{\"@type\":\"SearchAction\",\"target\":{\"@type\":\"EntryPoint\",\"urlTemplate\":\"https:\\\/\\\/gold-zino.org\\\/fr\\\/?s={search_term_string}\"},\"query-input\":{\"@type\":\"PropertyValueSpecification\",\"valueRequired\":true,\"valueName\":\"search_term_string\"}}],\"inLanguage\":\"fr-FR\"},{\"@type\":\"Organization\",\"@id\":\"https:\\\/\\\/gold-zino.org\\\/fr\\\/#organization\",\"name\":\"GoldZino\",\"url\":\"https:\\\/\\\/gold-zino.org\\\/fr\\\/\",\"logo\":{\"@type\":\"ImageObject\",\"inLanguage\":\"fr-FR\",\"@id\":\"https:\\\/\\\/gold-zino.org\\\/fr\\\/#\\\/schema\\\/logo\\\/image\\\/\",\"url\":\"https:\\\/\\\/gold-zino.org\\\/wp-content\\\/uploads\\\/2025\\\/08\\\/80u1FaquEZeR6OUTeJCc.png\",\"contentUrl\":\"https:\\\/\\\/gold-zino.org\\\/wp-content\\\/uploads\\\/2025\\\/08\\\/80u1FaquEZeR6OUTeJCc.png\",\"width\":209,\"height\":46,\"caption\":\"GoldZino\"},\"image\":{\"@id\":\"https:\\\/\\\/gold-zino.org\\\/fr\\\/#\\\/schema\\\/logo\\\/image\\\/\"}}]}<\/script>\n<!-- \/ Yoast SEO plugin. -->","yoast_head_json":{"title":"Goldzino Casino \u2013 Login & Inscription","description":"Goldzino login ou cr\u00e9ez votre compte. G\u00e9rez la v\u00e9rification, la r\u00e9cup\u00e9ration du mot de passe et la fermeture du compte rapidement et en toute s\u00e9curit\u00e9 dans Gold Zino.","robots":{"index":"index","follow":"follow","max-snippet":"max-snippet:-1","max-image-preview":"max-image-preview:large","max-video-preview":"max-video-preview:-1"},"canonical":"https:\/\/gold-zino.org\/fr\/connexion-et-inscription\/","og_locale":"fr_FR","og_type":"article","og_title":"Goldzino Casino \u2013 Login & Inscription","og_description":"Goldzino login ou cr\u00e9ez votre compte. G\u00e9rez la v\u00e9rification, la r\u00e9cup\u00e9ration du mot de passe et la fermeture du compte rapidement et en toute s\u00e9curit\u00e9 dans Gold Zino.","og_url":"https:\/\/gold-zino.org\/fr\/connexion-et-inscription\/","og_site_name":"goldzino","article_modified_time":"2025-12-23T20:34:27+00:00","twitter_card":"summary_large_image","twitter_misc":{"Dur\u00e9e de lecture estim\u00e9e":"1 minute"},"schema":{"@context":"https:\/\/schema.org","@graph":[{"@type":"WebPage","@id":"https:\/\/gold-zino.org\/fr\/connexion-et-inscription\/","url":"https:\/\/gold-zino.org\/fr\/connexion-et-inscription\/","name":"Goldzino Casino \u2013 Login & Inscription","isPartOf":{"@id":"https:\/\/gold-zino.org\/fr\/#website"},"datePublished":"2025-10-30T09:09:51+00:00","dateModified":"2025-12-23T20:34:27+00:00","description":"Goldzino login ou cr\u00e9ez votre compte. G\u00e9rez la v\u00e9rification, la r\u00e9cup\u00e9ration du mot de passe et la fermeture du compte rapidement et en toute s\u00e9curit\u00e9 dans Gold Zino.","breadcrumb":{"@id":"https:\/\/gold-zino.org\/fr\/connexion-et-inscription\/#breadcrumb"},"inLanguage":"fr-FR","potentialAction":[{"@type":"ReadAction","target":["https:\/\/gold-zino.org\/fr\/connexion-et-inscription\/"]}]},{"@type":"BreadcrumbList","@id":"https:\/\/gold-zino.org\/fr\/connexion-et-inscription\/#breadcrumb","itemListElement":[{"@type":"ListItem","position":1,"name":"GoldZino","item":"https:\/\/gold-zino.org\/fr\/"},{"@type":"ListItem","position":2,"name":"Connexion et Inscription"}]},{"@type":"WebSite","@id":"https:\/\/gold-zino.org\/fr\/#website","url":"https:\/\/gold-zino.org\/fr\/","name":"GoldZino","description":"","publisher":{"@id":"https:\/\/gold-zino.org\/fr\/#organization"},"potentialAction":[{"@type":"SearchAction","target":{"@type":"EntryPoint","urlTemplate":"https:\/\/gold-zino.org\/fr\/?s={search_term_string}"},"query-input":{"@type":"PropertyValueSpecification","valueRequired":true,"valueName":"search_term_string"}}],"inLanguage":"fr-FR"},{"@type":"Organization","@id":"https:\/\/gold-zino.org\/fr\/#organization","name":"GoldZino","url":"https:\/\/gold-zino.org\/fr\/","logo":{"@type":"ImageObject","inLanguage":"fr-FR","@id":"https:\/\/gold-zino.org\/fr\/#\/schema\/logo\/image\/","url":"https:\/\/gold-zino.org\/wp-content\/uploads\/2025\/08\/80u1FaquEZeR6OUTeJCc.png","contentUrl":"https:\/\/gold-zino.org\/wp-content\/uploads\/2025\/08\/80u1FaquEZeR6OUTeJCc.png","width":209,"height":46,"caption":"GoldZino"},"image":{"@id":"https:\/\/gold-zino.org\/fr\/#\/schema\/logo\/image\/"}}]}},"_links":{"self":[{"href":"https:\/\/gold-zino.org\/fr\/wp-json\/wp\/v2\/pages\/1528","targetHints":{"allow":["GET"]}}],"collection":[{"href":"https:\/\/gold-zino.org\/fr\/wp-json\/wp\/v2\/pages"}],"about":[{"href":"https:\/\/gold-zino.org\/fr\/wp-json\/wp\/v2\/types\/page"}],"author":[{"embeddable":true,"href":"https:\/\/gold-zino.org\/fr\/wp-json\/wp\/v2\/users\/1"}],"replies":[{"embeddable":true,"href":"https:\/\/gold-zino.org\/fr\/wp-json\/wp\/v2\/comments?post=1528"}],"version-history":[{"count":3,"href":"https:\/\/gold-zino.org\/fr\/wp-json\/wp\/v2\/pages\/1528\/revisions"}],"predecessor-version":[{"id":2206,"href":"https:\/\/gold-zino.org\/fr\/wp-json\/wp\/v2\/pages\/1528\/revisions\/2206"}],"wp:attachment":[{"href":"https:\/\/gold-zino.org\/fr\/wp-json\/wp\/v2\/media?parent=1528"}],"curies":[{"name":"wp","href":"https:\/\/api.w.org\/{rel}","templated":true}]}}