{"id":1500,"date":"2025-10-30T09:04:37","date_gmt":"2025-10-30T09:04:37","guid":{"rendered":"https:\/\/gold-zino.org\/aplicacao\/"},"modified":"2025-10-30T14:37:55","modified_gmt":"2025-10-30T14:37:55","slug":"app","status":"publish","type":"page","link":"https:\/\/gold-zino.org\/it\/app\/","title":{"rendered":"App"},"content":{"rendered":"<h1>Applicazione Goldzino<\/h1>\n<p>La Goldzino app ti offre un&#8217;esperienza di casin\u00f2 mobile completa direttamente sul tuo dispositivo. Offre oltre 6.000 giochi: slot online, giochi con croupier dal vivo, giochi da tavolo, giochi istantanei e altro ancora. L&#8217;app mobile funziona in alta qualit\u00e0 e i giochi di casin\u00f2 dal vivo sono trasmessi in streaming online senza ritardi. Qualsiasi utente pu\u00f2 installare il software sul proprio dispositivo e giocare ovunque sia pi\u00f9 comodo.<\/p>\n<div class=\"banner-wrap\" aria-label=\"Banner\"><img src=\"https:\/\/gold-zino.org\/wp-content\/uploads\/2025\/10\/Goldzino-Banner-Desktop.webp\" class=\"w-100 d-none d-lg-block img-pc main-banner-img\" alt=\"goldzino bonus desktop\" fetchpriority=\"high\" decoding=\"async\"><img src=\"https:\/\/gold-zino.org\/wp-content\/uploads\/2025\/10\/Gold-zino-Mobile-Banner.webp\" class=\"w-100 d-none d-md-block d-lg-none main-banner-img\" alt=\"goldzino bonus mobile\" fetchpriority=\"high\" decoding=\"async\"><img src=\"https:\/\/gold-zino.org\/wp-content\/uploads\/2025\/10\/Gold-zino-Mobile-Banner.webp\" class=\"w-100 d-md-none\" alt=\"goldzino bonus mobile\" fetchpriority=\"high\" decoding=\"async\"><div class=\"banner-description\">\n<div class=\"banner-title\">Bonus di Benvenuto<\/div>\n<p class=\"banner-header-title\">\u20ac1500<\/p>\n<div class=\"banner-header-AdditionalText\">+ 250 Giri Gratuiti<\/div>\n<button data-item=\"homepage_banner_link\" class=\"goto m-button m-gradient-border m-button--primary m-button--large banner-button btn-orange\">\n            <div class=\"m-button-content\">\n                <span>Registrati ora<\/span>\n                <span><\/span>\n            <\/div>\n        <\/button>\n<\/div>\n<div class=\"WelcomePack\">\n<p><img loading=\"lazy\" decoding=\"async\" class=\"alignnone size-full wp-image-1452\" src=\"https:\/\/gold-zino.org\/wp-content\/uploads\/2025\/10\/welcome-crown.svg\" alt=\"crown\" width=\"25\" height=\"26\" \/><\/p>\n<div class=\"WelcomePack-Info\">Cashback settimanale fino al 25%<\/div>\n<p><img loading=\"lazy\" decoding=\"async\" class=\"alignnone size-full wp-image-1452\" src=\"https:\/\/gold-zino.org\/wp-content\/uploads\/2025\/10\/welcome-crown.svg\" alt=\"crown\" width=\"25\" height=\"26\" \/><\/p>\n<\/div>\n<\/div>\n<h2>Goldzino Mobile Casino<\/h2>\n<p>L&#8217;app mobile Gold Zino offre ai giocatori italiani tutte le stesse funzionalit\u00e0 della versione per PC. I giochi si caricano rapidamente nell&#8217;app mobile, la grafica \u00e8 fluida e i comandi sono intuitivi. Nell&#8217;app \u00e8 possibile verificare il proprio account, contattare il team di assistenza tramite live chat, gestire il proprio account e altro ancora.<\/p>\n<p>L&#8217;app Gold Zino consente agli utenti di effettuare depositi, prelevare fondi in modo sicuro e impostare tutti i limiti. Qui puoi gestire il tuo conto personale, configurare strumenti per il gioco responsabile e impostare i limiti per te stesso.<\/p>\n<p>Il vantaggio principale del software \u00e8 che puoi giocare ovunque con le stesse funzionalit\u00e0. La versione per PC ha un&#8217;interfaccia pi\u00f9 ampia per molti giochi, mentre l&#8217;app mobile ha un&#8217;interfaccia ottimizzata che si adatta allo schermo di qualsiasi dispositivo.<\/p>\n<table>\n<tbody>\n<tr>\n<td>Caratteristica<\/td>\n<td>App mobile<\/td>\n<\/tr>\n<tr>\n<td>Accesso al gioco<\/td>\n<td>Libreria completa, ottimizzata per il touch<\/td>\n<\/tr>\n<tr>\n<td>Processo di verifica<\/td>\n<td>Completato in modo sicuro all&#8217;interno del software<\/td>\n<\/tr>\n<tr>\n<td>Chat live e team di assistenza<\/td>\n<td>Disponibile 24 ore su 24, 7 giorni su 7, completamente integrato<\/td>\n<\/tr>\n<tr>\n<td>Pagamenti<\/td>\n<td>Deposito\/prelievo con crittografia sicura<\/td>\n<\/tr>\n<\/tbody>\n<\/table>\n<p><div style=\"clear: both\"><\/div><div class=\"d-flex justify-content-center\"><button data-item=\"decouvrez_link\" data-group=\"website_links\" class=\"goto fw-bold rounded-pill btn btn-orange\" aria-label=\"Scarica l&#039;applicazione Goldzino\" >Scarica l&#039;applicazione Goldzino<\/button><\/div><div class=\"scrollable-content-wrap my-5\"><div class=\"scrollable-content-inner\"><h2>App Goldzino per Android<\/h2>\n<p>L&#8217;app Goldzino per Android \u00e8 disponibile senza bisogno di scaricare file APK. Il nostro software ti offre accesso immediato a tutti i giochi, i bonus e le funzionalit\u00e0.<\/p>\n<p>L&#8217;app Goldzino per Android \u00e8 una Progressive Web App (PWA) che pu\u00f2 essere scaricata tramite un browser. Il nostro software offre un casin\u00f2 mobile ottimizzato senza la necessit\u00e0 di scaricare il file APK Goldzino. Puoi giocare ai tuoi giochi di carte, giochi da tavolo, slot e giochi con croupier dal vivo preferiti nella Progressive Web App per Android.<\/p>\n<p>Qui gli utenti possono depositare e prelevare fondi, caricare documenti per il processo di verifica, gestire le informazioni personali ed eseguire altre funzioni.<\/p>\n<p>I nostri sviluppatori hanno implementato funzioni di crittografia e sicurezza nel nostro software Android per renderlo completamente sicuro per gli utenti.<\/p>\n<p>Goldzino PWA per Android incorpora le tecnologie pi\u00f9 avanzate per lo streaming online dei giochi da casin\u00f2 dal vivo. Il nostro software consuma una quantit\u00e0 minima delle risorse del tuo dispositivo, rendendolo ottimale. Il processo di installazione di Gold Zino PWA \u00e8 facile:<\/p>\n<ol>\n<li>Scorri fino alla fine della pagina principale di Gold Zino.<\/li>\n<li>Clicca sul pulsante &#8220;App Casin\u00f2&#8221;.<\/li>\n<li>Si aprir\u00e0 una finestra. Clicca su &#8220;Installa&#8221;.<\/li>\n<\/ol>\n<p><img loading=\"lazy\" decoding=\"async\" class=\"alignnone wp-image-1465 size-full\" src=\"https:\/\/gold-zino.org\/wp-content\/uploads\/2025\/10\/Goldzino-App-Android.webp\" alt=\"Goldzino App Android\" width=\"1248\" height=\"536\" srcset=\"https:\/\/gold-zino.org\/wp-content\/uploads\/2025\/10\/Goldzino-App-Android.webp 1248w, https:\/\/gold-zino.org\/wp-content\/uploads\/2025\/10\/Goldzino-App-Android-300x129.webp 300w, https:\/\/gold-zino.org\/wp-content\/uploads\/2025\/10\/Goldzino-App-Android-1024x440.webp 1024w, https:\/\/gold-zino.org\/wp-content\/uploads\/2025\/10\/Goldzino-App-Android-768x330.webp 768w\" sizes=\"auto, (max-width: 1248px) 100vw, 1248px\" \/><\/p>\n<\/div><\/div><div style=\"clear: both\"><\/div><div class=\"d-flex justify-content-center\"><button data-item=\"decouvrez_link\" data-group=\"website_links\" class=\"goto fw-bold rounded-pill btn btn-orange\" aria-label=\"Scarica Goldzino\" >Scarica Goldzino<\/button><\/div><div class=\"scrollable-content-wrap my-5\"><div class=\"scrollable-content-inner\"><h2>Applicazione mobile iOS<\/h2>\n<p>Per gli utenti iPhone e iPad \u00e8 disponibile anche l&#8217;app mobile Goldzino. Abbiamo ottimizzato tutti i nostri giochi appositamente per i dispositivi iOS. Non \u00e8 necessario cercare l&#8217;app Goldzino nell&#8217;App Store, poich\u00e9 \u00e8 disponibile per il download nel browser. Nella homepage di Goldzino troverai una sezione speciale per il download del nostro software iOS.<\/p>\n<p>Per installare l&#8217;app Goldzino sul tuo dispositivo iOS:<\/p>\n<ol>\n<li>Apri il sito web Goldzino nel tuo browser Safari.<\/li>\n<li>Tocca il pulsante &#8220;Condividi&#8221; (quadrato con una freccia rivolta verso l&#8217;alto).<\/li>\n<li>Seleziona &#8220;Aggiungi alla schermata Home&#8221; dal menu.<\/li>\n<li>Conferma cliccando su &#8220;Aggiungi&#8221;.<\/li>\n<\/ol>\n<p>Questo creer\u00e0 un collegamento a Goldzino Casino sulla tua schermata iniziale, cos\u00ec potrai accedervi rapidamente senza dover scaricare altro.<\/p>\n<p>Qui hai accesso a tutte le funzionalit\u00e0 del nostro casin\u00f2 mobile. Puoi contattare l&#8217;assistenza tramite live chat, gestire i tuoi account e bonus e seguire la classifica nei tornei. L&#8217;app Goldzino \u00e8 altamente efficiente e offre a tutti gli utenti iOS una comoda esperienza di gioco ovunque e su qualsiasi dispositivo.<\/p>\n<p><img loading=\"lazy\" decoding=\"async\" class=\"alignnone wp-image-1466 size-full\" src=\"https:\/\/gold-zino.org\/wp-content\/uploads\/2025\/10\/Goldzino-App-iOS.webp\" alt=\"Goldzino App iOS\" width=\"1248\" height=\"536\" srcset=\"https:\/\/gold-zino.org\/wp-content\/uploads\/2025\/10\/Goldzino-App-iOS.webp 1248w, https:\/\/gold-zino.org\/wp-content\/uploads\/2025\/10\/Goldzino-App-iOS-300x129.webp 300w, https:\/\/gold-zino.org\/wp-content\/uploads\/2025\/10\/Goldzino-App-iOS-1024x440.webp 1024w, https:\/\/gold-zino.org\/wp-content\/uploads\/2025\/10\/Goldzino-App-iOS-768x330.webp 768w\" sizes=\"auto, (max-width: 1248px) 100vw, 1248px\" \/><\/p>\n<\/div><\/div><div style=\"clear: both\"><\/div><div class=\"d-flex justify-content-center\"><button data-item=\"decouvrez_link\" data-group=\"website_links\" class=\"goto fw-bold rounded-pill btn btn-orange\" aria-label=\"Scarica l&#039;app Goldzino\" >Scarica l&#039;app Goldzino<\/button><\/div><div class=\"scrollable-content-wrap my-5\"><div class=\"scrollable-content-inner\"><h2>App desktop Goldzino Casino per Windows\/macOS<\/h2>\n<p>Con l&#8217;app desktop Goldzino, puoi giocare alle tue slot online e ai tuoi giochi da tavolo preferiti dal tuo computer. La piattaforma \u00e8 compatibile con i sistemi operativi Windows e macOS. L&#8217;app desktop Goldzino \u00e8 stabile, facile da navigare e offre accesso a tutte le funzionalit\u00e0 del casin\u00f2.<\/p>\n<p>Basta aprire qualsiasi browser e digitare Goldzino Casino nella barra di ricerca. Non \u00e8 richiesta alcuna installazione di software aggiuntivo. \u00c8 possibile giocare immediatamente direttamente dal browser. Tuttavia, per un accesso rapido, gli utenti possono creare un collegamento sul desktop, che consentir\u00e0 loro di avviare il casin\u00f2 dalla schermata iniziale del PC. Il collegamento di accesso rapido funziona come un&#8217;applicazione separata e non richiede alcun download.<\/p>\n<p>L&#8217;applicazione desktop Goldzino non \u00e8 affatto inferiore alle altre versioni del casin\u00f2. Ha tutte le caratteristiche necessarie del nostro casin\u00f2, grafica ad alta risoluzione e caricamento istantaneo. Il software desktop Goldzino \u00e8 progettato per aumentare la funzionalit\u00e0 e le prestazioni di gioco.<\/p>\n<p><img loading=\"lazy\" decoding=\"async\" class=\"alignnone wp-image-1467 size-full\" src=\"https:\/\/gold-zino.org\/wp-content\/uploads\/2025\/10\/Goldzino-App-PC.webp\" alt=\"Goldzino App PC\" width=\"1248\" height=\"536\" srcset=\"https:\/\/gold-zino.org\/wp-content\/uploads\/2025\/10\/Goldzino-App-PC.webp 1248w, https:\/\/gold-zino.org\/wp-content\/uploads\/2025\/10\/Goldzino-App-PC-300x129.webp 300w, https:\/\/gold-zino.org\/wp-content\/uploads\/2025\/10\/Goldzino-App-PC-1024x440.webp 1024w, https:\/\/gold-zino.org\/wp-content\/uploads\/2025\/10\/Goldzino-App-PC-768x330.webp 768w\" sizes=\"auto, (max-width: 1248px) 100vw, 1248px\" \/><\/p>\n<\/div><\/div><div style=\"clear: both\"><\/div><div class=\"d-flex justify-content-center\"><button data-item=\"decouvrez_link\" data-group=\"website_links\" class=\"goto fw-bold rounded-pill btn btn-orange\" aria-label=\"Scarica Goldzino\" >Scarica Goldzino<\/button><\/div><div class=\"scrollable-content-wrap my-5\"><div class=\"scrollable-content-inner\"><h2>Domande frequenti<\/h2>\n<h3>Dove posso trovare assistenza clienti nell&#8217;app Goldzino Casino?<\/h3>\n<p>Nel menu principale dell&#8217;app Gold Zino troverai un&#8217;icona di assistenza. Cliccandoci sopra verrai collegato alla nostra assistenza tramite chat live. Puoi anche contattarci via e-mail. Il nostro team di assistenza multilingue \u00e8 pronto a rispondere a qualsiasi domanda 24 ore su 24, 7 giorni su 7.<\/p>\n<h3>Ho bisogno di un account per utilizzare l&#8217;app Goldzino?<\/h3>\n<p>S\u00ec, \u00e8 necessario creare un account per giocare su Goldzino Casino. \u00c8 possibile giocare gratuitamente in modalit\u00e0 demo oppure effettuare un deposito e giocare con denaro reale. Per utilizzare il nostro casin\u00f2, \u00e8 necessario completare la procedura di registrazione e verificare il proprio account. Una volta creato un account, \u00e8 possibile utilizzare facilmente l&#8217;app.<\/p>\n<h3>Tutti i giochi sono disponibili nell&#8217;app?<\/h3>\n<p>Tutti i giochi di Goldzino Casino sono disponibili nell&#8217;app Gold Zino. Nella nostra app puoi giocare a qualsiasi slot online, giochi con croupier dal vivo, giochi da tavolo, crash game e altro ancora. Abbiamo ottimizzato completamente il processo di gioco per l&#8217;app, cos\u00ec potrai giocare da qualsiasi dispositivo.<\/p>\n<h3>Come posso aggiornare l&#8217;app Goldzino Casino?<\/h3>\n<p>Goldzino PWA (Progressive Web App) si aggiorna automaticamente, migliorando tutte le sue funzionalit\u00e0. Se desideri aggiornare manualmente la tua app desktop per PC, puoi farlo tramite il browser nella parte inferiore della pagina web nella sezione app.<\/p>\n<\/div><\/div><\/p>\n","protected":false},"excerpt":{"rendered":"<p>Applicazione Goldzino La Goldzino app ti offre un&#8217;esperienza di casin\u00f2 mobile completa direttamente sul tuo dispositivo. Offre oltre 6.000 giochi: slot online, giochi con croupier dal vivo, giochi da tavolo, giochi istantanei e altro ancora. L&#8217;app mobile funziona in alta qualit\u00e0 e i giochi di casin\u00f2 dal vivo sono trasmessi in streaming online senza ritardi. [&hellip;]<\/p>\n","protected":false},"author":1,"featured_media":0,"parent":0,"menu_order":0,"comment_status":"closed","ping_status":"closed","template":"template-builder.php","meta":{"_acf_changed":false,"inline_featured_image":false,"footnotes":""},"class_list":["post-1500","page","type-page","status-publish","hentry"],"acf":[],"yoast_head":"<!-- This site is optimized with the Yoast SEO plugin v27.3 - https:\/\/yoast.com\/product\/yoast-seo-wordpress\/ -->\n<title>Goldzino App \u2013 Download per iOS e Android<\/title>\n<meta name=\"description\" content=\"Installa Goldzino App su iOS, Android, Windows e macOS per giocare all\u2019intero casin\u00f2 ovunque. Sincronizzazione account, aggiornamenti frequenti e supporto in-app inclusi \u2013 tutto in Gold Zino App.\" \/>\n<meta name=\"robots\" content=\"index, follow, max-snippet:-1, max-image-preview:large, max-video-preview:-1\" \/>\n<link rel=\"canonical\" href=\"https:\/\/gold-zino.org\/it\/app\/\" \/>\n<meta property=\"og:locale\" content=\"it_IT\" \/>\n<meta property=\"og:type\" content=\"article\" \/>\n<meta property=\"og:title\" content=\"Goldzino App \u2013 Download per iOS e Android\" \/>\n<meta property=\"og:description\" content=\"Installa Goldzino App su iOS, Android, Windows e macOS per giocare all\u2019intero casin\u00f2 ovunque. Sincronizzazione account, aggiornamenti frequenti e supporto in-app inclusi \u2013 tutto in Gold Zino App.\" \/>\n<meta property=\"og:url\" content=\"https:\/\/gold-zino.org\/it\/app\/\" \/>\n<meta property=\"og:site_name\" content=\"goldzino\" \/>\n<meta property=\"article:modified_time\" content=\"2025-10-30T14:37:55+00:00\" \/>\n<meta name=\"twitter:card\" content=\"summary_large_image\" \/>\n<meta name=\"twitter:label1\" content=\"Est. reading time\" \/>\n\t<meta name=\"twitter:data1\" content=\"2 minutes\" \/>\n<script type=\"application\/ld+json\" class=\"yoast-schema-graph\">{\"@context\":\"https:\\\/\\\/schema.org\",\"@graph\":[{\"@type\":\"WebPage\",\"@id\":\"https:\\\/\\\/gold-zino.org\\\/it\\\/app\\\/\",\"url\":\"https:\\\/\\\/gold-zino.org\\\/it\\\/app\\\/\",\"name\":\"Goldzino App \u2013 Download per iOS e Android\",\"isPartOf\":{\"@id\":\"https:\\\/\\\/gold-zino.org\\\/it\\\/#website\"},\"datePublished\":\"2025-10-30T09:04:37+00:00\",\"dateModified\":\"2025-10-30T14:37:55+00:00\",\"description\":\"Installa Goldzino App su iOS, Android, Windows e macOS per giocare all\u2019intero casin\u00f2 ovunque. Sincronizzazione account, aggiornamenti frequenti e supporto in-app inclusi \u2013 tutto in Gold Zino App.\",\"breadcrumb\":{\"@id\":\"https:\\\/\\\/gold-zino.org\\\/it\\\/app\\\/#breadcrumb\"},\"inLanguage\":\"it-IT\",\"potentialAction\":[{\"@type\":\"ReadAction\",\"target\":[\"https:\\\/\\\/gold-zino.org\\\/it\\\/app\\\/\"]}]},{\"@type\":\"BreadcrumbList\",\"@id\":\"https:\\\/\\\/gold-zino.org\\\/it\\\/app\\\/#breadcrumb\",\"itemListElement\":[{\"@type\":\"ListItem\",\"position\":1,\"name\":\"GoldZino\",\"item\":\"https:\\\/\\\/gold-zino.org\\\/it\\\/\"},{\"@type\":\"ListItem\",\"position\":2,\"name\":\"App\"}]},{\"@type\":\"WebSite\",\"@id\":\"https:\\\/\\\/gold-zino.org\\\/it\\\/#website\",\"url\":\"https:\\\/\\\/gold-zino.org\\\/it\\\/\",\"name\":\"GoldZino\",\"description\":\"\",\"publisher\":{\"@id\":\"https:\\\/\\\/gold-zino.org\\\/it\\\/#organization\"},\"potentialAction\":[{\"@type\":\"SearchAction\",\"target\":{\"@type\":\"EntryPoint\",\"urlTemplate\":\"https:\\\/\\\/gold-zino.org\\\/it\\\/?s={search_term_string}\"},\"query-input\":{\"@type\":\"PropertyValueSpecification\",\"valueRequired\":true,\"valueName\":\"search_term_string\"}}],\"inLanguage\":\"it-IT\"},{\"@type\":\"Organization\",\"@id\":\"https:\\\/\\\/gold-zino.org\\\/it\\\/#organization\",\"name\":\"GoldZino\",\"url\":\"https:\\\/\\\/gold-zino.org\\\/it\\\/\",\"logo\":{\"@type\":\"ImageObject\",\"inLanguage\":\"it-IT\",\"@id\":\"https:\\\/\\\/gold-zino.org\\\/it\\\/#\\\/schema\\\/logo\\\/image\\\/\",\"url\":\"https:\\\/\\\/gold-zino.org\\\/wp-content\\\/uploads\\\/2025\\\/08\\\/80u1FaquEZeR6OUTeJCc.png\",\"contentUrl\":\"https:\\\/\\\/gold-zino.org\\\/wp-content\\\/uploads\\\/2025\\\/08\\\/80u1FaquEZeR6OUTeJCc.png\",\"width\":209,\"height\":46,\"caption\":\"GoldZino\"},\"image\":{\"@id\":\"https:\\\/\\\/gold-zino.org\\\/it\\\/#\\\/schema\\\/logo\\\/image\\\/\"}}]}<\/script>\n<!-- \/ Yoast SEO plugin. -->","yoast_head_json":{"title":"Goldzino App \u2013 Download per iOS e Android","description":"Installa Goldzino App su iOS, Android, Windows e macOS per giocare all\u2019intero casin\u00f2 ovunque. Sincronizzazione account, aggiornamenti frequenti e supporto in-app inclusi \u2013 tutto in Gold Zino App.","robots":{"index":"index","follow":"follow","max-snippet":"max-snippet:-1","max-image-preview":"max-image-preview:large","max-video-preview":"max-video-preview:-1"},"canonical":"https:\/\/gold-zino.org\/it\/app\/","og_locale":"it_IT","og_type":"article","og_title":"Goldzino App \u2013 Download per iOS e Android","og_description":"Installa Goldzino App su iOS, Android, Windows e macOS per giocare all\u2019intero casin\u00f2 ovunque. Sincronizzazione account, aggiornamenti frequenti e supporto in-app inclusi \u2013 tutto in Gold Zino App.","og_url":"https:\/\/gold-zino.org\/it\/app\/","og_site_name":"goldzino","article_modified_time":"2025-10-30T14:37:55+00:00","twitter_card":"summary_large_image","twitter_misc":{"Est. reading time":"2 minutes"},"schema":{"@context":"https:\/\/schema.org","@graph":[{"@type":"WebPage","@id":"https:\/\/gold-zino.org\/it\/app\/","url":"https:\/\/gold-zino.org\/it\/app\/","name":"Goldzino App \u2013 Download per iOS e Android","isPartOf":{"@id":"https:\/\/gold-zino.org\/it\/#website"},"datePublished":"2025-10-30T09:04:37+00:00","dateModified":"2025-10-30T14:37:55+00:00","description":"Installa Goldzino App su iOS, Android, Windows e macOS per giocare all\u2019intero casin\u00f2 ovunque. Sincronizzazione account, aggiornamenti frequenti e supporto in-app inclusi \u2013 tutto in Gold Zino App.","breadcrumb":{"@id":"https:\/\/gold-zino.org\/it\/app\/#breadcrumb"},"inLanguage":"it-IT","potentialAction":[{"@type":"ReadAction","target":["https:\/\/gold-zino.org\/it\/app\/"]}]},{"@type":"BreadcrumbList","@id":"https:\/\/gold-zino.org\/it\/app\/#breadcrumb","itemListElement":[{"@type":"ListItem","position":1,"name":"GoldZino","item":"https:\/\/gold-zino.org\/it\/"},{"@type":"ListItem","position":2,"name":"App"}]},{"@type":"WebSite","@id":"https:\/\/gold-zino.org\/it\/#website","url":"https:\/\/gold-zino.org\/it\/","name":"GoldZino","description":"","publisher":{"@id":"https:\/\/gold-zino.org\/it\/#organization"},"potentialAction":[{"@type":"SearchAction","target":{"@type":"EntryPoint","urlTemplate":"https:\/\/gold-zino.org\/it\/?s={search_term_string}"},"query-input":{"@type":"PropertyValueSpecification","valueRequired":true,"valueName":"search_term_string"}}],"inLanguage":"it-IT"},{"@type":"Organization","@id":"https:\/\/gold-zino.org\/it\/#organization","name":"GoldZino","url":"https:\/\/gold-zino.org\/it\/","logo":{"@type":"ImageObject","inLanguage":"it-IT","@id":"https:\/\/gold-zino.org\/it\/#\/schema\/logo\/image\/","url":"https:\/\/gold-zino.org\/wp-content\/uploads\/2025\/08\/80u1FaquEZeR6OUTeJCc.png","contentUrl":"https:\/\/gold-zino.org\/wp-content\/uploads\/2025\/08\/80u1FaquEZeR6OUTeJCc.png","width":209,"height":46,"caption":"GoldZino"},"image":{"@id":"https:\/\/gold-zino.org\/it\/#\/schema\/logo\/image\/"}}]}},"_links":{"self":[{"href":"https:\/\/gold-zino.org\/it\/wp-json\/wp\/v2\/pages\/1500","targetHints":{"allow":["GET"]}}],"collection":[{"href":"https:\/\/gold-zino.org\/it\/wp-json\/wp\/v2\/pages"}],"about":[{"href":"https:\/\/gold-zino.org\/it\/wp-json\/wp\/v2\/types\/page"}],"author":[{"embeddable":true,"href":"https:\/\/gold-zino.org\/it\/wp-json\/wp\/v2\/users\/1"}],"replies":[{"embeddable":true,"href":"https:\/\/gold-zino.org\/it\/wp-json\/wp\/v2\/comments?post=1500"}],"version-history":[{"count":2,"href":"https:\/\/gold-zino.org\/it\/wp-json\/wp\/v2\/pages\/1500\/revisions"}],"predecessor-version":[{"id":2002,"href":"https:\/\/gold-zino.org\/it\/wp-json\/wp\/v2\/pages\/1500\/revisions\/2002"}],"wp:attachment":[{"href":"https:\/\/gold-zino.org\/it\/wp-json\/wp\/v2\/media?parent=1500"}],"curies":[{"name":"wp","href":"https:\/\/api.w.org\/{rel}","templated":true}]}}