{"id":1531,"date":"2025-10-30T09:09:51","date_gmt":"2025-10-30T09:09:51","guid":{"rendered":"https:\/\/gold-zino.org\/login-e-registo\/"},"modified":"2025-10-30T14:39:46","modified_gmt":"2025-10-30T14:39:46","slug":"accesso-e-registrazione","status":"publish","type":"page","link":"https:\/\/gold-zino.org\/it\/accesso-e-registrazione\/","title":{"rendered":"Accesso e Registrazione"},"content":{"rendered":"<h1>Accesso a Goldzino<\/h1>\n<p>Per creare un account sul nostro sito web del casin\u00f2, tutti devono seguire la procedura di Goldzino login. Tutti gli utenti registrati possono effettuare il login utilizzando il proprio nome utente e password tramite un browser o un&#8217;app mobile. Se sei nuovo e non hai ancora un account, puoi crearne uno in pochi semplici passaggi.<\/p>\n<p><div class=\"banner-wrap\" aria-label=\"Banner\"><img src=\"https:\/\/gold-zino.org\/wp-content\/uploads\/2025\/10\/Goldzino-Banner-Desktop.webp\" class=\"w-100 d-none d-lg-block img-pc main-banner-img\" alt=\"goldzino bonus desktop\" fetchpriority=\"high\" decoding=\"async\"><img src=\"https:\/\/gold-zino.org\/wp-content\/uploads\/2025\/10\/Gold-zino-Mobile-Banner.webp\" class=\"w-100 d-none d-md-block d-lg-none main-banner-img\" alt=\"goldzino bonus mobile\" fetchpriority=\"high\" decoding=\"async\"><img src=\"https:\/\/gold-zino.org\/wp-content\/uploads\/2025\/10\/Gold-zino-Mobile-Banner.webp\" class=\"w-100 d-md-none\" alt=\"goldzino bonus mobile\" fetchpriority=\"high\" decoding=\"async\"><div class=\"banner-description\">\n<div class=\"banner-title\">Bonus di Benvenuto<\/div>\n<p class=\"banner-header-title\">\u20ac1500<\/p>\n<div class=\"banner-header-AdditionalText\">+ 250 Giri Gratuiti<\/div>\n<button data-item=\"homepage_banner_link\" class=\"goto m-button m-gradient-border m-button--primary m-button--large banner-button btn-orange\">\n            <div class=\"m-button-content\">\n                <span>Registrati ora<\/span>\n                <span><\/span>\n            <\/div>\n        <\/button>\n<\/div>\n<div class=\"WelcomePack\">\n<p><img loading=\"lazy\" decoding=\"async\" class=\"alignnone size-full wp-image-1452\" src=\"https:\/\/gold-zino.org\/wp-content\/uploads\/2025\/10\/welcome-crown.svg\" alt=\"crown\" width=\"25\" height=\"26\" \/><\/p>\n<div class=\"WelcomePack-Info\">Cashback settimanale fino al 25%<\/div>\n<p><img loading=\"lazy\" decoding=\"async\" class=\"alignnone size-full wp-image-1452\" src=\"https:\/\/gold-zino.org\/wp-content\/uploads\/2025\/10\/welcome-crown.svg\" alt=\"crown\" width=\"25\" height=\"26\" \/><\/p>\n<\/div>\n<\/div><div class=\"scrollable-content-wrap my-5\"><div class=\"scrollable-content-inner\"><h2>Procedura di registrazione al casin\u00f2 Goldzino<\/h2>\n<p>La nostra piattaforma offre ai propri utenti l&#8217;accesso a oltre 6.000 giochi. Ogni nuovo utente registrato riceve un bonus di benvenuto di 1.500 \u20ac e 250 giri gratuiti. Creando un account su Gold Zino Casino, avrai accesso a tutte le funzionalit\u00e0 del nostro moderno casin\u00f2 online. Una volta creato un account, potrai effettuare il login da qualsiasi dispositivo ed eseguire qualsiasi azione da qualsiasi dispositivo. Il nostro casin\u00f2 offre agli utenti italiani l&#8217;opportunit\u00e0 di partecipare ai tornei pi\u00f9 avanzati, dove \u00e8 possibile entrare nella classifica.<\/p>\n<table>\n<tbody>\n<tr>\n<td>Requisito<\/td>\n<td>Dettagli<\/td>\n<\/tr>\n<tr>\n<td>E-mail<\/td>\n<td>Indirizzo e-mail registrato<\/td>\n<\/tr>\n<tr>\n<td>Password<\/td>\n<td>Deve corrispondere a quello utilizzato durante la registrazione<\/td>\n<\/tr>\n<tr>\n<td>Verifica<\/td>\n<td>Completa il processo di verifica come richiesto.<\/td>\n<\/tr>\n<tr>\n<td>Dispositivo<\/td>\n<td>Accessibile su desktop, cellulare o tablet<\/td>\n<\/tr>\n<\/tbody>\n<\/table>\n<h3>Crea il tuo account<\/h3>\n<p>Per creare un account su Goldzino Casino, segui questi passaggi:<\/p>\n<ol>\n<li>Clicca sul pulsante &#8220;Registrati&#8221;.<\/li>\n<li>Si trova nell&#8217;angolo in alto a destra della pagina principale.<\/li>\n<li>Inserisci i tuoi dati personali.<\/li>\n<li>Inserisci il tuo indirizzo e-mail e imposta una password. Se hai un codice promozionale, inseriscilo in questa fase.<\/li>\n<li>Conferma la tua accettazione delle nostre regole. Indica che hai pi\u00f9 di 18 anni e che accetti i nostri Termini e condizioni e la nostra Informativa sulla privacy.<\/li>\n<li>Clicca su &#8220;Registrati&#8221; per confermare.<\/li>\n<li>Riceverai un&#8217;e-mail. Apri il messaggio e segui il link fornito per attivare il tuo account e completare la procedura di login su Goldzino.<\/li>\n<\/ol>\n<p>Una volta confermato il tuo account, diventerai membro a pieno titolo della comunit\u00e0 di gioco Goldzino.<\/p>\n<h2>Accesso e gestione dell&#8217;account Goldzino<\/h2>\n<p>Il processo di login a Goldzino \u00e8 immediato e sicuro. Una volta effettuato l&#8217;accesso al tuo account, avrai accesso alla gestione. Qui potrai gestire tutti gli aspetti del tuo account, inclusi depositi, prelievi, bonus e codici promozionali. I giocatori possono anche accedere alla gestione VIP, partecipare a tornei e modificare le impostazioni di gioco responsabile nel proprio account. Nella sezione dedicata al gioco responsabile, puoi impostare limiti di tempo o autoescluderti. Gli utenti possono contattare il nostro team di assistenza multilingue tramite la nostra app o il browser. Il team di assistenza Gold Zino \u00e8 a disposizione di tutti, poich\u00e9 \u00e8 possibile contattarci non solo tramite la live chat sul sito web o nell&#8217;app, ma anche inviando un&#8217;e-mail. Puoi contattare l&#8217;assistenza se hai problemi con il processo di login a Goldzino.<\/p>\n<h3>Hai dimenticato la password?<\/h3>\n<p>Pu\u00f2 capitare di dimenticare la password. In questo caso, esiste una procedura gi\u00e0 pronta. Il ripristino della password non \u00e8 difficile e pu\u00f2 essere effettuato rapidamente. Apri la sezione Accesso a Goldzino. Segui le nostre istruzioni:<\/p>\n<ol>\n<li>Clicca sul pulsante &#8220;Accedi&#8221; nell&#8217;angolo in alto a destra.<\/li>\n<li>Seleziona &#8220;Hai dimenticato la password?&#8221; sotto il modulo.<\/li>\n<li>Inserisci l&#8217;indirizzo e-mail collegato al tuo account Goldzino.<\/li>\n<li>Segui il link inviato alla tua casella di posta elettronica per reimpostare la password e crearne una nuova.<\/li>\n<\/ol>\n<h2>Processo di verifica presso Goldzino Casino<\/h2>\n<p>Sulla piattaforma Gold Zino, \u00e8 necessario seguire la procedura di verifica dell&#8217;account. Gli utenti devono caricare la propria documentazione personale. Sar\u00e0 necessario fornire un passaporto, una carta d&#8217;identit\u00e0, una patente di guida o una bolletta emessa negli ultimi sei mesi.<\/p>\n<p>Il nostro team esaminer\u00e0 i tuoi documenti in meno di 48 ore. Una volta completato il processo di verifica, il tuo account sar\u00e0 convalidato. Se il tuo account \u00e8 autenticato, potrai prelevare denaro e bonus. Goldzino Casino applica una politica &#8220;Know Your Customer&#8221; (KYC) per proteggere i giocatori dalle frodi.<\/p>\n<p>Nel pi\u00e8 di pagina del sito web Goldzino puoi trovare ulteriori informazioni sulle regole KYC e sulla procedura di invio dei documenti. Una volta completato questo passaggio, tutte le funzionalit\u00e0 di Goldzino Casino saranno a tua disposizione. Potrai iscriverti al nostro club VIP e partecipare ai tornei.<\/p>\n<h2>Domande frequenti<\/h2>\n<h3>Quali passaggi \u00e8 necessario seguire per la verifica dell&#8217;account?<\/h3>\n<p>Affinch\u00e9 Goldzino Casino possa verificare il tuo account, devi fornire documenti che confermino la tua identit\u00e0. Ad esempio, un passaporto, una carta d&#8217;identit\u00e0, una patente di guida o una bolletta recente. Il nostro team esaminer\u00e0 la tua richiesta entro 48 ore. Una volta approvata, potrai utilizzare il tuo account per qualsiasi scopo, compresi i pagamenti.<\/p>\n<h3>Come posso chiudere o sospendere temporaneamente il mio account?<\/h3>\n<p>Le impostazioni del tuo account Goldzino ti consentono di chiudere o bloccare temporaneamente il tuo account. Per giocare in sicurezza, puoi utilizzare strumenti quali l&#8217;autoesclusione o le restrizioni temporanee. Contatta il nostro team di assistenza multilingue tramite chat online o e-mail per richiedere la chiusura definitiva o assistenza. Ti guideranno attraverso l&#8217;intero processo in modo sicuro e rapido.<\/p>\n<h3>Cosa devo fare se il mio account \u00e8 bloccato?<\/h3>\n<p>Se il tuo account Gold Zino \u00e8 bloccato, contatta immediatamente il nostro team di assistenza. Verificheranno la tua identit\u00e0 e ti forniranno consigli su come ripristinare l&#8217;accesso. Gli account possono essere bloccati come misura di sicurezza a causa di tentativi di accesso non riusciti o della necessit\u00e0 di verificare la tua identit\u00e0. Per ripristinare in modo sicuro l&#8217;accesso completo, contatta l&#8217;assistenza.<\/p>\n<h3>Posso gestire la mia password o il mio indirizzo e-mail?<\/h3>\n<p>S\u00ec, gli utenti di Goldzino possono modificare i propri dati nelle impostazioni dell&#8217;account. \u00c8 possibile modificare l&#8217;indirizzo e-mail o la password. Il link &#8220;Hai dimenticato la password?&#8221; consente inoltre di aggiornare la password in modo da poter accedere al proprio account.<\/p>\n<\/div><\/div><\/p>\n","protected":false},"excerpt":{"rendered":"<p>Accesso a Goldzino Per creare un account sul nostro sito web del casin\u00f2, tutti devono seguire la procedura di Goldzino login. Tutti gli utenti registrati possono effettuare il login utilizzando il proprio nome utente e password tramite un browser o un&#8217;app mobile. Se sei nuovo e non hai ancora un account, puoi crearne uno in [&hellip;]<\/p>\n","protected":false},"author":1,"featured_media":0,"parent":0,"menu_order":0,"comment_status":"closed","ping_status":"closed","template":"template-builder.php","meta":{"_acf_changed":false,"inline_featured_image":false,"footnotes":""},"class_list":["post-1531","page","type-page","status-publish","hentry"],"acf":[],"yoast_head":"<!-- This site is optimized with the Yoast SEO plugin v27.3 - https:\/\/yoast.com\/product\/yoast-seo-wordpress\/ -->\n<title>Goldzino Casino \u2013 Login e Registrazione<\/title>\n<meta name=\"description\" content=\"Goldzino login o crea il tuo account. Gestisci verifica, recupero password e chiusura dell\u2019account in modo rapido e sicuro in Gold Zino.\" \/>\n<meta name=\"robots\" content=\"index, follow, max-snippet:-1, max-image-preview:large, max-video-preview:-1\" \/>\n<link rel=\"canonical\" href=\"https:\/\/gold-zino.org\/it\/accesso-e-registrazione\/\" \/>\n<meta property=\"og:locale\" content=\"it_IT\" \/>\n<meta property=\"og:type\" content=\"article\" \/>\n<meta property=\"og:title\" content=\"Goldzino Casino \u2013 Login e Registrazione\" \/>\n<meta property=\"og:description\" content=\"Goldzino login o crea il tuo account. Gestisci verifica, recupero password e chiusura dell\u2019account in modo rapido e sicuro in Gold Zino.\" \/>\n<meta property=\"og:url\" content=\"https:\/\/gold-zino.org\/it\/accesso-e-registrazione\/\" \/>\n<meta property=\"og:site_name\" content=\"goldzino\" \/>\n<meta property=\"article:modified_time\" content=\"2025-10-30T14:39:46+00:00\" \/>\n<meta name=\"twitter:card\" content=\"summary_large_image\" \/>\n<meta name=\"twitter:label1\" content=\"Est. reading time\" \/>\n\t<meta name=\"twitter:data1\" content=\"1 minute\" \/>\n<script type=\"application\/ld+json\" class=\"yoast-schema-graph\">{\"@context\":\"https:\\\/\\\/schema.org\",\"@graph\":[{\"@type\":\"WebPage\",\"@id\":\"https:\\\/\\\/gold-zino.org\\\/it\\\/accesso-e-registrazione\\\/\",\"url\":\"https:\\\/\\\/gold-zino.org\\\/it\\\/accesso-e-registrazione\\\/\",\"name\":\"Goldzino Casino \u2013 Login e Registrazione\",\"isPartOf\":{\"@id\":\"https:\\\/\\\/gold-zino.org\\\/it\\\/#website\"},\"datePublished\":\"2025-10-30T09:09:51+00:00\",\"dateModified\":\"2025-10-30T14:39:46+00:00\",\"description\":\"Goldzino login o crea il tuo account. Gestisci verifica, recupero password e chiusura dell\u2019account in modo rapido e sicuro in Gold Zino.\",\"breadcrumb\":{\"@id\":\"https:\\\/\\\/gold-zino.org\\\/it\\\/accesso-e-registrazione\\\/#breadcrumb\"},\"inLanguage\":\"it-IT\",\"potentialAction\":[{\"@type\":\"ReadAction\",\"target\":[\"https:\\\/\\\/gold-zino.org\\\/it\\\/accesso-e-registrazione\\\/\"]}]},{\"@type\":\"BreadcrumbList\",\"@id\":\"https:\\\/\\\/gold-zino.org\\\/it\\\/accesso-e-registrazione\\\/#breadcrumb\",\"itemListElement\":[{\"@type\":\"ListItem\",\"position\":1,\"name\":\"GoldZino\",\"item\":\"https:\\\/\\\/gold-zino.org\\\/it\\\/\"},{\"@type\":\"ListItem\",\"position\":2,\"name\":\"Accesso e Registrazione\"}]},{\"@type\":\"WebSite\",\"@id\":\"https:\\\/\\\/gold-zino.org\\\/it\\\/#website\",\"url\":\"https:\\\/\\\/gold-zino.org\\\/it\\\/\",\"name\":\"GoldZino\",\"description\":\"\",\"publisher\":{\"@id\":\"https:\\\/\\\/gold-zino.org\\\/it\\\/#organization\"},\"potentialAction\":[{\"@type\":\"SearchAction\",\"target\":{\"@type\":\"EntryPoint\",\"urlTemplate\":\"https:\\\/\\\/gold-zino.org\\\/it\\\/?s={search_term_string}\"},\"query-input\":{\"@type\":\"PropertyValueSpecification\",\"valueRequired\":true,\"valueName\":\"search_term_string\"}}],\"inLanguage\":\"it-IT\"},{\"@type\":\"Organization\",\"@id\":\"https:\\\/\\\/gold-zino.org\\\/it\\\/#organization\",\"name\":\"GoldZino\",\"url\":\"https:\\\/\\\/gold-zino.org\\\/it\\\/\",\"logo\":{\"@type\":\"ImageObject\",\"inLanguage\":\"it-IT\",\"@id\":\"https:\\\/\\\/gold-zino.org\\\/it\\\/#\\\/schema\\\/logo\\\/image\\\/\",\"url\":\"https:\\\/\\\/gold-zino.org\\\/wp-content\\\/uploads\\\/2025\\\/08\\\/80u1FaquEZeR6OUTeJCc.png\",\"contentUrl\":\"https:\\\/\\\/gold-zino.org\\\/wp-content\\\/uploads\\\/2025\\\/08\\\/80u1FaquEZeR6OUTeJCc.png\",\"width\":209,\"height\":46,\"caption\":\"GoldZino\"},\"image\":{\"@id\":\"https:\\\/\\\/gold-zino.org\\\/it\\\/#\\\/schema\\\/logo\\\/image\\\/\"}}]}<\/script>\n<!-- \/ Yoast SEO plugin. -->","yoast_head_json":{"title":"Goldzino Casino \u2013 Login e Registrazione","description":"Goldzino login o crea il tuo account. Gestisci verifica, recupero password e chiusura dell\u2019account in modo rapido e sicuro in Gold Zino.","robots":{"index":"index","follow":"follow","max-snippet":"max-snippet:-1","max-image-preview":"max-image-preview:large","max-video-preview":"max-video-preview:-1"},"canonical":"https:\/\/gold-zino.org\/it\/accesso-e-registrazione\/","og_locale":"it_IT","og_type":"article","og_title":"Goldzino Casino \u2013 Login e Registrazione","og_description":"Goldzino login o crea il tuo account. Gestisci verifica, recupero password e chiusura dell\u2019account in modo rapido e sicuro in Gold Zino.","og_url":"https:\/\/gold-zino.org\/it\/accesso-e-registrazione\/","og_site_name":"goldzino","article_modified_time":"2025-10-30T14:39:46+00:00","twitter_card":"summary_large_image","twitter_misc":{"Est. reading time":"1 minute"},"schema":{"@context":"https:\/\/schema.org","@graph":[{"@type":"WebPage","@id":"https:\/\/gold-zino.org\/it\/accesso-e-registrazione\/","url":"https:\/\/gold-zino.org\/it\/accesso-e-registrazione\/","name":"Goldzino Casino \u2013 Login e Registrazione","isPartOf":{"@id":"https:\/\/gold-zino.org\/it\/#website"},"datePublished":"2025-10-30T09:09:51+00:00","dateModified":"2025-10-30T14:39:46+00:00","description":"Goldzino login o crea il tuo account. Gestisci verifica, recupero password e chiusura dell\u2019account in modo rapido e sicuro in Gold Zino.","breadcrumb":{"@id":"https:\/\/gold-zino.org\/it\/accesso-e-registrazione\/#breadcrumb"},"inLanguage":"it-IT","potentialAction":[{"@type":"ReadAction","target":["https:\/\/gold-zino.org\/it\/accesso-e-registrazione\/"]}]},{"@type":"BreadcrumbList","@id":"https:\/\/gold-zino.org\/it\/accesso-e-registrazione\/#breadcrumb","itemListElement":[{"@type":"ListItem","position":1,"name":"GoldZino","item":"https:\/\/gold-zino.org\/it\/"},{"@type":"ListItem","position":2,"name":"Accesso e Registrazione"}]},{"@type":"WebSite","@id":"https:\/\/gold-zino.org\/it\/#website","url":"https:\/\/gold-zino.org\/it\/","name":"GoldZino","description":"","publisher":{"@id":"https:\/\/gold-zino.org\/it\/#organization"},"potentialAction":[{"@type":"SearchAction","target":{"@type":"EntryPoint","urlTemplate":"https:\/\/gold-zino.org\/it\/?s={search_term_string}"},"query-input":{"@type":"PropertyValueSpecification","valueRequired":true,"valueName":"search_term_string"}}],"inLanguage":"it-IT"},{"@type":"Organization","@id":"https:\/\/gold-zino.org\/it\/#organization","name":"GoldZino","url":"https:\/\/gold-zino.org\/it\/","logo":{"@type":"ImageObject","inLanguage":"it-IT","@id":"https:\/\/gold-zino.org\/it\/#\/schema\/logo\/image\/","url":"https:\/\/gold-zino.org\/wp-content\/uploads\/2025\/08\/80u1FaquEZeR6OUTeJCc.png","contentUrl":"https:\/\/gold-zino.org\/wp-content\/uploads\/2025\/08\/80u1FaquEZeR6OUTeJCc.png","width":209,"height":46,"caption":"GoldZino"},"image":{"@id":"https:\/\/gold-zino.org\/it\/#\/schema\/logo\/image\/"}}]}},"_links":{"self":[{"href":"https:\/\/gold-zino.org\/it\/wp-json\/wp\/v2\/pages\/1531","targetHints":{"allow":["GET"]}}],"collection":[{"href":"https:\/\/gold-zino.org\/it\/wp-json\/wp\/v2\/pages"}],"about":[{"href":"https:\/\/gold-zino.org\/it\/wp-json\/wp\/v2\/types\/page"}],"author":[{"embeddable":true,"href":"https:\/\/gold-zino.org\/it\/wp-json\/wp\/v2\/users\/1"}],"replies":[{"embeddable":true,"href":"https:\/\/gold-zino.org\/it\/wp-json\/wp\/v2\/comments?post=1531"}],"version-history":[{"count":2,"href":"https:\/\/gold-zino.org\/it\/wp-json\/wp\/v2\/pages\/1531\/revisions"}],"predecessor-version":[{"id":2004,"href":"https:\/\/gold-zino.org\/it\/wp-json\/wp\/v2\/pages\/1531\/revisions\/2004"}],"wp:attachment":[{"href":"https:\/\/gold-zino.org\/it\/wp-json\/wp\/v2\/media?parent=1531"}],"curies":[{"name":"wp","href":"https:\/\/api.w.org\/{rel}","templated":true}]}}