{"id":1502,"date":"2025-10-30T09:04:37","date_gmt":"2025-10-30T09:04:37","guid":{"rendered":"https:\/\/gold-zino.org\/aplicacao\/"},"modified":"2025-10-31T07:56:18","modified_gmt":"2025-10-31T07:56:18","slug":"aplikacja","status":"publish","type":"page","link":"https:\/\/gold-zino.org\/pl\/aplikacja\/","title":{"rendered":"Aplikacja"},"content":{"rendered":"<h1>Aplikacja Goldzino<\/h1>\n<p>Goldzino app zapewnia pe\u0142ni\u0119 wra\u017ce\u0144 z kasyna mobilnego bezpo\u015brednio na Twoim urz\u0105dzeniu. Oferuje ponad 6000 gier: automaty online, gry z krupierem na \u017cywo, gry sto\u0142owe, gry b\u0142yskawiczne i wiele innych. Aplikacja mobilna dzia\u0142a w wysokiej jako\u015bci, a gry kasynowe na \u017cywo s\u0105 transmitowane online bez op\u00f3\u017anie\u0144. Ka\u017cdy u\u017cytkownik mo\u017ce zainstalowa\u0107 oprogramowanie na swoim urz\u0105dzeniu i gra\u0107 w dowolnym dogodnym miejscu.<\/p>\n<div class=\"banner-wrap\" aria-label=\"Banner\"><img src=\"https:\/\/gold-zino.org\/wp-content\/uploads\/2025\/10\/Goldzino-Banner-Desktop.webp\" class=\"w-100 d-none d-lg-block img-pc main-banner-img\" alt=\"goldzino bonus desktop\" fetchpriority=\"high\" decoding=\"async\"><img src=\"https:\/\/gold-zino.org\/wp-content\/uploads\/2025\/10\/Gold-zino-Mobile-Banner.webp\" class=\"w-100 d-none d-md-block d-lg-none main-banner-img\" alt=\"goldzino bonus mobile\" fetchpriority=\"high\" decoding=\"async\"><img src=\"https:\/\/gold-zino.org\/wp-content\/uploads\/2025\/10\/Gold-zino-Mobile-Banner.webp\" class=\"w-100 d-md-none\" alt=\"goldzino bonus mobile\" fetchpriority=\"high\" decoding=\"async\"><div class=\"banner-description\">\n<div class=\"banner-title\">Bonusy Powitalne<\/div>\n<p class=\"banner-header-title\">\u20ac1500<\/p>\n<div class=\"banner-header-AdditionalText\">+ 250 Darmowych Spin\u00f3w<\/div>\n<button data-item=\"homepage_banner_link\" class=\"goto m-button m-gradient-border m-button--primary m-button--large banner-button btn-orange\">\n            <div class=\"m-button-content\">\n                <span>Zarejestruj si\u0119 teraz<\/span>\n                <span><\/span>\n            <\/div>\n        <\/button>\n<\/div>\n<div class=\"WelcomePack\">\n<p><img loading=\"lazy\" decoding=\"async\" class=\"alignnone size-full wp-image-1452\" src=\"https:\/\/gold-zino.org\/wp-content\/uploads\/2025\/10\/welcome-crown.svg\" alt=\"crown\" width=\"25\" height=\"26\" \/><\/p>\n<div class=\"WelcomePack-Info\">Cotygodniowy zwrot got\u00f3wki do 25%<\/div>\n<p><img loading=\"lazy\" decoding=\"async\" class=\"alignnone size-full wp-image-1452\" src=\"https:\/\/gold-zino.org\/wp-content\/uploads\/2025\/10\/welcome-crown.svg\" alt=\"crown\" width=\"25\" height=\"26\" \/><\/p>\n<\/div>\n<\/div>\n<h2>Kasyno mobilne Goldzino<\/h2>\n<p>Aplikacja mobilna Gold Zino oferuje polskim graczom wszystkie te same funkcje, co wersja na komputery PC. Gry \u0142aduj\u0105 si\u0119 szybko w aplikacji mobilnej, grafika jest p\u0142ynna, a sterowanie intuicyjne. W aplikacji mo\u017cna zweryfikowa\u0107 swoje konto, skontaktowa\u0107 si\u0119 z zespo\u0142em pomocy technicznej za po\u015brednictwem czatu na \u017cywo, zarz\u0105dza\u0107 swoim kontem i nie tylko.<\/p>\n<p>Aplikacja Gold Zino pozwala u\u017cytkownikom na dokonywanie wp\u0142at, bezpieczne wyp\u0142acanie \u015brodk\u00f3w oraz ustalanie wszelkich limit\u00f3w. Tutaj mo\u017cesz zarz\u0105dza\u0107 swoim kontem osobistym, konfigurowa\u0107 narz\u0119dzia odpowiedzialnej gry oraz ustala\u0107 limity dla siebie.<\/p>\n<p>G\u0142\u00f3wn\u0105 zalet\u0105 oprogramowania jest to, \u017ce mo\u017cna gra\u0107 w dowolnym miejscu, korzystaj\u0105c z tych samych funkcji. Wersja na komputery PC ma wi\u0119kszy interfejs dla wielu gier, natomiast aplikacja mobilna ma zoptymalizowany interfejs, kt\u00f3ry dostosowuje si\u0119 do ekranu ka\u017cdego urz\u0105dzenia.<\/p>\n<table>\n<tbody>\n<tr>\n<td>Funkcja<\/td>\n<td>Aplikacja mobilna<\/td>\n<\/tr>\n<tr>\n<td>Dost\u0119p do gry<\/td>\n<td>Pe\u0142na biblioteka, zoptymalizowana pod k\u0105tem obs\u0142ugi dotykowej<\/td>\n<\/tr>\n<tr>\n<td>Proces weryfikacji<\/td>\n<td>Bezpiecznie zako\u0144czone w oprogramowaniu<\/td>\n<\/tr>\n<tr>\n<td>Czat na \u017cywo i zesp\u00f3\u0142 pomocy technicznej<\/td>\n<td>Dost\u0119pne 24 godziny na dob\u0119, 7 dni w tygodniu, w pe\u0142ni zintegrowane<\/td>\n<\/tr>\n<tr>\n<td>P\u0142atno\u015bci<\/td>\n<td>Wp\u0142aty\/wyp\u0142aty z bezpiecznym szyfrowaniem<\/td>\n<\/tr>\n<\/tbody>\n<\/table>\n<p><div style=\"clear: both\"><\/div><div class=\"d-flex justify-content-center\"><button data-item=\"decouvrez_link\" data-group=\"website_links\" class=\"goto fw-bold rounded-pill btn btn-orange\" aria-label=\"Pobierz aplikacj\u0119 Goldzino\" >Pobierz aplikacj\u0119 Goldzino<\/button><\/div><div class=\"scrollable-content-wrap my-5\"><div class=\"scrollable-content-inner\"><h2>Aplikacja Goldzino dla systemu Android<\/h2>\n<p>Aplikacja Goldzino na Androida jest dost\u0119pna bez konieczno\u015bci pobierania plik\u00f3w APK. Nasze oprogramowanie zapewnia natychmiastowy dost\u0119p do wszystkich gier, bonus\u00f3w i funkcji.<\/p>\n<p>Aplikacja Goldzino na Androida to progresywna aplikacja internetowa (PWA), kt\u00f3r\u0105 mo\u017cna pobra\u0107 za pomoc\u0105 przegl\u0105darki. Nasze oprogramowanie zapewnia zoptymalizowane kasyno mobilne bez konieczno\u015bci pobierania pliku APK Goldzino. W progresywnej aplikacji internetowej na Androida mo\u017cesz gra\u0107 w swoje ulubione gry karciane, gry sto\u0142owe, automaty i gry z krupierem na \u017cywo.<\/p>\n<p>W tym miejscu u\u017cytkownicy mog\u0105 wp\u0142aca\u0107 i wyp\u0142aca\u0107 \u015brodki, przesy\u0142a\u0107 dokumenty do procesu weryfikacji, zarz\u0105dza\u0107 danymi osobowymi oraz wykonywa\u0107 inne czynno\u015bci.<\/p>\n<p>Nasi programi\u015bci wdro\u017cyli funkcje szyfrowania i zabezpiecze\u0144 w naszym oprogramowaniu dla systemu Android, aby zapewni\u0107 u\u017cytkownikom ca\u0142kowite bezpiecze\u0144stwo.<\/p>\n<p>Goldzino PWA dla systemu Android wykorzystuje najbardziej zaawansowane technologie do strumieniowego przesy\u0142ania gier kasynowych na \u017cywo. Nasze oprogramowanie zu\u017cywa minimaln\u0105 ilo\u015b\u0107 zasob\u00f3w urz\u0105dzenia, dzi\u0119ki czemu jest optymalne. Proces instalacji Gold Zino PWA jest prosty:<\/p>\n<ol>\n<li>Przewi\u0144 do samego do\u0142u strony g\u0142\u00f3wnej Gold Zino.<\/li>\n<li>Kliknij przycisk \u201eAplikacja kasyna\u201d.<\/li>\n<li>Pojawi si\u0119 okno. Kliknij \u201eZainstaluj\u201d.<\/li>\n<\/ol>\n<p><img loading=\"lazy\" decoding=\"async\" class=\"alignnone wp-image-1465 size-full\" src=\"https:\/\/gold-zino.org\/wp-content\/uploads\/2025\/10\/Goldzino-App-Android.webp\" alt=\"Goldzino App Android\" width=\"1248\" height=\"536\" srcset=\"https:\/\/gold-zino.org\/wp-content\/uploads\/2025\/10\/Goldzino-App-Android.webp 1248w, https:\/\/gold-zino.org\/wp-content\/uploads\/2025\/10\/Goldzino-App-Android-300x129.webp 300w, https:\/\/gold-zino.org\/wp-content\/uploads\/2025\/10\/Goldzino-App-Android-1024x440.webp 1024w, https:\/\/gold-zino.org\/wp-content\/uploads\/2025\/10\/Goldzino-App-Android-768x330.webp 768w\" sizes=\"auto, (max-width: 1248px) 100vw, 1248px\" \/><\/p>\n<\/div><\/div><div style=\"clear: both\"><\/div><div class=\"d-flex justify-content-center\"><button data-item=\"decouvrez_link\" data-group=\"website_links\" class=\"goto fw-bold rounded-pill btn btn-orange\" aria-label=\"Pobierz Goldzino\" >Pobierz Goldzino<\/button><\/div><div class=\"scrollable-content-wrap my-5\"><div class=\"scrollable-content-inner\"><h2>Aplikacja mobilna na iOS<\/h2>\n<p>Dla u\u017cytkownik\u00f3w iPhone&#8217;\u00f3w i iPad\u00f3w dost\u0119pna jest r\u00f3wnie\u017c aplikacja mobilna Goldzino. Wszystkie nasze gry zosta\u0142y zoptymalizowane specjalnie pod k\u0105tem urz\u0105dze\u0144 z systemem iOS. Nie musisz szuka\u0107 aplikacji Goldzino w App Store, poniewa\u017c jest ona dost\u0119pna do pobrania w przegl\u0105darce. Na stronie g\u0142\u00f3wnej Goldzino znajdziesz specjaln\u0105 sekcj\u0119 po\u015bwi\u0119con\u0105 pobieraniu naszego oprogramowania dla systemu iOS.<\/p>\n<p>Aby zainstalowa\u0107 aplikacj\u0119 Goldzino na urz\u0105dzeniu z systemem iOS:<\/p>\n<ol>\n<li>Otw\u00f3rz stron\u0119 Goldzino w przegl\u0105darce Safari.<\/li>\n<li>Naci\u015bnij przycisk \u201eUdost\u0119pnij\u201d (kwadrat z strza\u0142k\u0105 skierowan\u0105 w g\u00f3r\u0119).<\/li>\n<li>Wybierz opcj\u0119 \u201eDodaj do ekranu g\u0142\u00f3wnego\u201d z menu.<\/li>\n<li>Potwierd\u017a, klikaj\u0105c \u201eDodaj\u201d.<\/li>\n<\/ol>\n<p>Spowoduje to umieszczenie skr\u00f3tu do kasyna Goldzino na ekranie g\u0142\u00f3wnym, dzi\u0119ki czemu b\u0119dziesz m\u00f3g\u0142 szybko uzyska\u0107 do niego dost\u0119p bez konieczno\u015bci pobierania dodatkowych plik\u00f3w.<\/p>\n<p>Tutaj masz dost\u0119p do wszystkich funkcji naszego kasyna mobilnego. Mo\u017cesz skontaktowa\u0107 si\u0119 z obs\u0142ug\u0105 klienta za po\u015brednictwem czatu na \u017cywo, zarz\u0105dza\u0107 swoimi kontami i bonusami oraz \u015bledzi\u0107 tabel\u0119 wynik\u00f3w w turniejach. Aplikacja Goldzino jest bardzo wydajna i zapewnia wszystkim u\u017cytkownikom iOS wygodn\u0105 rozrywk\u0119 w dowolnym miejscu i na dowolnym urz\u0105dzeniu.<\/p>\n<p><img loading=\"lazy\" decoding=\"async\" class=\"alignnone wp-image-1466 size-full\" src=\"https:\/\/gold-zino.org\/wp-content\/uploads\/2025\/10\/Goldzino-App-iOS.webp\" alt=\"Goldzino App iOS\" width=\"1248\" height=\"536\" srcset=\"https:\/\/gold-zino.org\/wp-content\/uploads\/2025\/10\/Goldzino-App-iOS.webp 1248w, https:\/\/gold-zino.org\/wp-content\/uploads\/2025\/10\/Goldzino-App-iOS-300x129.webp 300w, https:\/\/gold-zino.org\/wp-content\/uploads\/2025\/10\/Goldzino-App-iOS-1024x440.webp 1024w, https:\/\/gold-zino.org\/wp-content\/uploads\/2025\/10\/Goldzino-App-iOS-768x330.webp 768w\" sizes=\"auto, (max-width: 1248px) 100vw, 1248px\" \/><\/p>\n<\/div><\/div><div style=\"clear: both\"><\/div><div class=\"d-flex justify-content-center\"><button data-item=\"decouvrez_link\" data-group=\"website_links\" class=\"goto fw-bold rounded-pill btn btn-orange\" aria-label=\"Pobierz aplikacj\u0119 Goldzino\" >Pobierz aplikacj\u0119 Goldzino<\/button><\/div><div class=\"scrollable-content-wrap my-5\"><div class=\"scrollable-content-inner\"><h2>Aplikacja Goldzino Casino na komputery z systemem Windows\/macOS<\/h2>\n<p>Dzi\u0119ki aplikacji Goldzino na komputery stacjonarne mo\u017cesz gra\u0107 w swoje ulubione automaty online i gry sto\u0142owe na komputerze. Platforma jest kompatybilna z systemami operacyjnymi Windows i macOS. Aplikacja Goldzino na komputery stacjonarne jest stabilna, \u0142atwa w nawigacji i oferuje dost\u0119p do wszystkich funkcji kasyna.<\/p>\n<p>Wystarczy otworzy\u0107 dowoln\u0105 przegl\u0105dark\u0119 i wpisa\u0107 \u201eGoldzino Casino\u201d w pasku wyszukiwania. Nie jest wymagana instalacja \u017cadnego dodatkowego oprogramowania. Mo\u017cesz gra\u0107 od razu w przegl\u0105darce. Jednak aby uzyska\u0107 szybki dost\u0119p, u\u017cytkownicy mog\u0105 utworzy\u0107 skr\u00f3t na pulpicie, kt\u00f3ry pozwoli im uruchomi\u0107 kasyno z ekranu g\u0142\u00f3wnego komputera. Skr\u00f3t szybkiego dost\u0119pu dzia\u0142a jako oddzielna aplikacja i nie wymaga \u017cadnych pobra\u0144.<\/p>\n<p>Aplikacja Goldzino na komputery stacjonarne nie ust\u0119puje w niczym innym wersjom kasyna. Posiada wszystkie niezb\u0119dne funkcje naszego kasyna, grafik\u0119 w wysokiej rozdzielczo\u015bci i natychmiastowe \u0142adowanie. Oprogramowanie Goldzino na komputery stacjonarne zosta\u0142o zaprojektowane z my\u015bl\u0105 o zwi\u0119kszonej funkcjonalno\u015bci i wydajno\u015bci gier.<\/p>\n<p><img loading=\"lazy\" decoding=\"async\" class=\"alignnone wp-image-1467 size-full\" src=\"https:\/\/gold-zino.org\/wp-content\/uploads\/2025\/10\/Goldzino-App-PC.webp\" alt=\"Goldzino App PC\" width=\"1248\" height=\"536\" srcset=\"https:\/\/gold-zino.org\/wp-content\/uploads\/2025\/10\/Goldzino-App-PC.webp 1248w, https:\/\/gold-zino.org\/wp-content\/uploads\/2025\/10\/Goldzino-App-PC-300x129.webp 300w, https:\/\/gold-zino.org\/wp-content\/uploads\/2025\/10\/Goldzino-App-PC-1024x440.webp 1024w, https:\/\/gold-zino.org\/wp-content\/uploads\/2025\/10\/Goldzino-App-PC-768x330.webp 768w\" sizes=\"auto, (max-width: 1248px) 100vw, 1248px\" \/><\/p>\n<\/div><\/div><div style=\"clear: both\"><\/div><div class=\"d-flex justify-content-center\"><button data-item=\"decouvrez_link\" data-group=\"website_links\" class=\"goto fw-bold rounded-pill btn btn-orange\" aria-label=\"Pobierz Goldzino\" >Pobierz Goldzino<\/button><\/div><div class=\"scrollable-content-wrap my-5\"><div class=\"scrollable-content-inner\"><h2>Cz\u0119sto zadawane pytania<\/h2>\n<h3>Gdzie mog\u0119 uzyska\u0107 pomoc techniczn\u0105 w aplikacji Goldzino Casino?<\/h3>\n<p>W menu g\u0142\u00f3wnym aplikacji Gold Zino znajduje si\u0119 ikona pomocy technicznej. Klikni\u0119cie na ni\u0105 spowoduje po\u0142\u0105czenie z naszym czatem na \u017cywo. Mo\u017cna r\u00f3wnie\u017c skontaktowa\u0107 si\u0119 z nami za po\u015brednictwem poczty elektronicznej. Nasz wieloj\u0119zyczny zesp\u00f3\u0142 pomocy technicznej jest gotowy odpowiedzie\u0107 na wszelkie pytania 24 godziny na dob\u0119, 7 dni w tygodniu.<\/p>\n<h3>Czy potrzebuj\u0119 konta, aby korzysta\u0107 z aplikacji Goldzino?<\/h3>\n<p>Tak, aby gra\u0107 w gry w kasynie Goldzino, musisz utworzy\u0107 konto. Mo\u017cesz gra\u0107 za darmo w trybie demo lub dokona\u0107 wp\u0142aty i gra\u0107 na prawdziwe pieni\u0105dze. Aby korzysta\u0107 z naszego kasyna, musisz przej\u015b\u0107 proces rejestracji i zweryfikowa\u0107 swoje konto. Po utworzeniu konta mo\u017cesz z \u0142atwo\u015bci\u0105 korzysta\u0107 z aplikacji.<\/p>\n<h3>Czy wszystkie gry s\u0105 dost\u0119pne w aplikacji?<\/h3>\n<p>Wszystkie gry Goldzino Casino s\u0105 dost\u0119pne w aplikacji Gold Zino. W naszej aplikacji mo\u017cesz gra\u0107 w dowolne automaty online, gry z krupierami na \u017cywo, gry sto\u0142owe, gry typu crash i wiele innych. W pe\u0142ni zoptymalizowali\u015bmy proces gry w aplikacji, dzi\u0119ki czemu mo\u017cesz gra\u0107 na dowolnym urz\u0105dzeniu.<\/p>\n<h3>Jak mog\u0119 zaktualizowa\u0107 aplikacj\u0119 Goldzino Casino?<\/h3>\n<p>Goldzino PWA (Progressive Web App) aktualizuje si\u0119 automatycznie, ulepszaj\u0105c wszystkie swoje funkcje. Je\u015bli chcesz r\u0119cznie zaktualizowa\u0107 aplikacj\u0119 na komputer PC, mo\u017cesz to zrobi\u0107 za pomoc\u0105 przegl\u0105darki internetowej w dolnej cz\u0119\u015bci strony internetowej w sekcji aplikacji.<\/p>\n<\/div><\/div><\/p>\n","protected":false},"excerpt":{"rendered":"<p>Aplikacja Goldzino Goldzino app zapewnia pe\u0142ni\u0119 wra\u017ce\u0144 z kasyna mobilnego bezpo\u015brednio na Twoim urz\u0105dzeniu. Oferuje ponad 6000 gier: automaty online, gry z krupierem na \u017cywo, gry sto\u0142owe, gry b\u0142yskawiczne i wiele innych. Aplikacja mobilna dzia\u0142a w wysokiej jako\u015bci, a gry kasynowe na \u017cywo s\u0105 transmitowane online bez op\u00f3\u017anie\u0144. Ka\u017cdy u\u017cytkownik mo\u017ce zainstalowa\u0107 oprogramowanie na swoim [&hellip;]<\/p>\n","protected":false},"author":1,"featured_media":0,"parent":0,"menu_order":0,"comment_status":"closed","ping_status":"closed","template":"template-builder.php","meta":{"_acf_changed":false,"inline_featured_image":false,"footnotes":""},"class_list":["post-1502","page","type-page","status-publish","hentry"],"acf":[],"yoast_head":"<!-- This site is optimized with the Yoast SEO plugin v27.3 - https:\/\/yoast.com\/product\/yoast-seo-wordpress\/ -->\n<title>Goldzino App \u2013 Pobierz na iOS i Android<\/title>\n<meta name=\"description\" content=\"Zainstaluj Goldzino App na iOS, Androidzie, Windowsie i macOS, aby gra\u0107 w ca\u0142e kasyno gdziekolwiek jeste\u015b. Synchronizacja konta, cz\u0119ste aktualizacje i wsparcie w aplikacji \u2013 wszystko w Gold Zino App.\" \/>\n<meta name=\"robots\" content=\"index, follow, max-snippet:-1, max-image-preview:large, max-video-preview:-1\" \/>\n<link rel=\"canonical\" href=\"https:\/\/gold-zino.org\/pl\/aplikacja\/\" \/>\n<meta property=\"og:locale\" content=\"pl_PL\" \/>\n<meta property=\"og:type\" content=\"article\" \/>\n<meta property=\"og:title\" content=\"Goldzino App \u2013 Pobierz na iOS i Android\" \/>\n<meta property=\"og:description\" content=\"Zainstaluj Goldzino App na iOS, Androidzie, Windowsie i macOS, aby gra\u0107 w ca\u0142e kasyno gdziekolwiek jeste\u015b. Synchronizacja konta, cz\u0119ste aktualizacje i wsparcie w aplikacji \u2013 wszystko w Gold Zino App.\" \/>\n<meta property=\"og:url\" content=\"https:\/\/gold-zino.org\/pl\/aplikacja\/\" \/>\n<meta property=\"og:site_name\" content=\"goldzino\" \/>\n<meta property=\"article:modified_time\" content=\"2025-10-31T07:56:18+00:00\" \/>\n<meta name=\"twitter:card\" content=\"summary_large_image\" \/>\n<meta name=\"twitter:label1\" content=\"Est. reading time\" \/>\n\t<meta name=\"twitter:data1\" content=\"2 minutes\" \/>\n<script type=\"application\/ld+json\" class=\"yoast-schema-graph\">{\"@context\":\"https:\\\/\\\/schema.org\",\"@graph\":[{\"@type\":\"WebPage\",\"@id\":\"https:\\\/\\\/gold-zino.org\\\/pl\\\/aplikacja\\\/\",\"url\":\"https:\\\/\\\/gold-zino.org\\\/pl\\\/aplikacja\\\/\",\"name\":\"Goldzino App \u2013 Pobierz na iOS i Android\",\"isPartOf\":{\"@id\":\"https:\\\/\\\/gold-zino.org\\\/pl\\\/#website\"},\"datePublished\":\"2025-10-30T09:04:37+00:00\",\"dateModified\":\"2025-10-31T07:56:18+00:00\",\"description\":\"Zainstaluj Goldzino App na iOS, Androidzie, Windowsie i macOS, aby gra\u0107 w ca\u0142e kasyno gdziekolwiek jeste\u015b. Synchronizacja konta, cz\u0119ste aktualizacje i wsparcie w aplikacji \u2013 wszystko w Gold Zino App.\",\"breadcrumb\":{\"@id\":\"https:\\\/\\\/gold-zino.org\\\/pl\\\/aplikacja\\\/#breadcrumb\"},\"inLanguage\":\"pl-PL\",\"potentialAction\":[{\"@type\":\"ReadAction\",\"target\":[\"https:\\\/\\\/gold-zino.org\\\/pl\\\/aplikacja\\\/\"]}]},{\"@type\":\"BreadcrumbList\",\"@id\":\"https:\\\/\\\/gold-zino.org\\\/pl\\\/aplikacja\\\/#breadcrumb\",\"itemListElement\":[{\"@type\":\"ListItem\",\"position\":1,\"name\":\"GoldZino\",\"item\":\"https:\\\/\\\/gold-zino.org\\\/pl\\\/\"},{\"@type\":\"ListItem\",\"position\":2,\"name\":\"Aplikacja\"}]},{\"@type\":\"WebSite\",\"@id\":\"https:\\\/\\\/gold-zino.org\\\/pl\\\/#website\",\"url\":\"https:\\\/\\\/gold-zino.org\\\/pl\\\/\",\"name\":\"GoldZino\",\"description\":\"\",\"publisher\":{\"@id\":\"https:\\\/\\\/gold-zino.org\\\/pl\\\/#organization\"},\"potentialAction\":[{\"@type\":\"SearchAction\",\"target\":{\"@type\":\"EntryPoint\",\"urlTemplate\":\"https:\\\/\\\/gold-zino.org\\\/pl\\\/?s={search_term_string}\"},\"query-input\":{\"@type\":\"PropertyValueSpecification\",\"valueRequired\":true,\"valueName\":\"search_term_string\"}}],\"inLanguage\":\"pl-PL\"},{\"@type\":\"Organization\",\"@id\":\"https:\\\/\\\/gold-zino.org\\\/pl\\\/#organization\",\"name\":\"GoldZino\",\"url\":\"https:\\\/\\\/gold-zino.org\\\/pl\\\/\",\"logo\":{\"@type\":\"ImageObject\",\"inLanguage\":\"pl-PL\",\"@id\":\"https:\\\/\\\/gold-zino.org\\\/pl\\\/#\\\/schema\\\/logo\\\/image\\\/\",\"url\":\"https:\\\/\\\/gold-zino.org\\\/wp-content\\\/uploads\\\/2025\\\/08\\\/80u1FaquEZeR6OUTeJCc.png\",\"contentUrl\":\"https:\\\/\\\/gold-zino.org\\\/wp-content\\\/uploads\\\/2025\\\/08\\\/80u1FaquEZeR6OUTeJCc.png\",\"width\":209,\"height\":46,\"caption\":\"GoldZino\"},\"image\":{\"@id\":\"https:\\\/\\\/gold-zino.org\\\/pl\\\/#\\\/schema\\\/logo\\\/image\\\/\"}}]}<\/script>\n<!-- \/ Yoast SEO plugin. -->","yoast_head_json":{"title":"Goldzino App \u2013 Pobierz na iOS i Android","description":"Zainstaluj Goldzino App na iOS, Androidzie, Windowsie i macOS, aby gra\u0107 w ca\u0142e kasyno gdziekolwiek jeste\u015b. Synchronizacja konta, cz\u0119ste aktualizacje i wsparcie w aplikacji \u2013 wszystko w Gold Zino App.","robots":{"index":"index","follow":"follow","max-snippet":"max-snippet:-1","max-image-preview":"max-image-preview:large","max-video-preview":"max-video-preview:-1"},"canonical":"https:\/\/gold-zino.org\/pl\/aplikacja\/","og_locale":"pl_PL","og_type":"article","og_title":"Goldzino App \u2013 Pobierz na iOS i Android","og_description":"Zainstaluj Goldzino App na iOS, Androidzie, Windowsie i macOS, aby gra\u0107 w ca\u0142e kasyno gdziekolwiek jeste\u015b. Synchronizacja konta, cz\u0119ste aktualizacje i wsparcie w aplikacji \u2013 wszystko w Gold Zino App.","og_url":"https:\/\/gold-zino.org\/pl\/aplikacja\/","og_site_name":"goldzino","article_modified_time":"2025-10-31T07:56:18+00:00","twitter_card":"summary_large_image","twitter_misc":{"Est. reading time":"2 minutes"},"schema":{"@context":"https:\/\/schema.org","@graph":[{"@type":"WebPage","@id":"https:\/\/gold-zino.org\/pl\/aplikacja\/","url":"https:\/\/gold-zino.org\/pl\/aplikacja\/","name":"Goldzino App \u2013 Pobierz na iOS i Android","isPartOf":{"@id":"https:\/\/gold-zino.org\/pl\/#website"},"datePublished":"2025-10-30T09:04:37+00:00","dateModified":"2025-10-31T07:56:18+00:00","description":"Zainstaluj Goldzino App na iOS, Androidzie, Windowsie i macOS, aby gra\u0107 w ca\u0142e kasyno gdziekolwiek jeste\u015b. Synchronizacja konta, cz\u0119ste aktualizacje i wsparcie w aplikacji \u2013 wszystko w Gold Zino App.","breadcrumb":{"@id":"https:\/\/gold-zino.org\/pl\/aplikacja\/#breadcrumb"},"inLanguage":"pl-PL","potentialAction":[{"@type":"ReadAction","target":["https:\/\/gold-zino.org\/pl\/aplikacja\/"]}]},{"@type":"BreadcrumbList","@id":"https:\/\/gold-zino.org\/pl\/aplikacja\/#breadcrumb","itemListElement":[{"@type":"ListItem","position":1,"name":"GoldZino","item":"https:\/\/gold-zino.org\/pl\/"},{"@type":"ListItem","position":2,"name":"Aplikacja"}]},{"@type":"WebSite","@id":"https:\/\/gold-zino.org\/pl\/#website","url":"https:\/\/gold-zino.org\/pl\/","name":"GoldZino","description":"","publisher":{"@id":"https:\/\/gold-zino.org\/pl\/#organization"},"potentialAction":[{"@type":"SearchAction","target":{"@type":"EntryPoint","urlTemplate":"https:\/\/gold-zino.org\/pl\/?s={search_term_string}"},"query-input":{"@type":"PropertyValueSpecification","valueRequired":true,"valueName":"search_term_string"}}],"inLanguage":"pl-PL"},{"@type":"Organization","@id":"https:\/\/gold-zino.org\/pl\/#organization","name":"GoldZino","url":"https:\/\/gold-zino.org\/pl\/","logo":{"@type":"ImageObject","inLanguage":"pl-PL","@id":"https:\/\/gold-zino.org\/pl\/#\/schema\/logo\/image\/","url":"https:\/\/gold-zino.org\/wp-content\/uploads\/2025\/08\/80u1FaquEZeR6OUTeJCc.png","contentUrl":"https:\/\/gold-zino.org\/wp-content\/uploads\/2025\/08\/80u1FaquEZeR6OUTeJCc.png","width":209,"height":46,"caption":"GoldZino"},"image":{"@id":"https:\/\/gold-zino.org\/pl\/#\/schema\/logo\/image\/"}}]}},"_links":{"self":[{"href":"https:\/\/gold-zino.org\/pl\/wp-json\/wp\/v2\/pages\/1502","targetHints":{"allow":["GET"]}}],"collection":[{"href":"https:\/\/gold-zino.org\/pl\/wp-json\/wp\/v2\/pages"}],"about":[{"href":"https:\/\/gold-zino.org\/pl\/wp-json\/wp\/v2\/types\/page"}],"author":[{"embeddable":true,"href":"https:\/\/gold-zino.org\/pl\/wp-json\/wp\/v2\/users\/1"}],"replies":[{"embeddable":true,"href":"https:\/\/gold-zino.org\/pl\/wp-json\/wp\/v2\/comments?post=1502"}],"version-history":[{"count":2,"href":"https:\/\/gold-zino.org\/pl\/wp-json\/wp\/v2\/pages\/1502\/revisions"}],"predecessor-version":[{"id":2095,"href":"https:\/\/gold-zino.org\/pl\/wp-json\/wp\/v2\/pages\/1502\/revisions\/2095"}],"wp:attachment":[{"href":"https:\/\/gold-zino.org\/pl\/wp-json\/wp\/v2\/media?parent=1502"}],"curies":[{"name":"wp","href":"https:\/\/api.w.org\/{rel}","templated":true}]}}