{"id":1532,"date":"2025-10-30T09:09:51","date_gmt":"2025-10-30T09:09:51","guid":{"rendered":"https:\/\/gold-zino.org\/login-e-registo\/"},"modified":"2025-10-31T07:59:05","modified_gmt":"2025-10-31T07:59:05","slug":"logowanie-i-rejestracja","status":"publish","type":"page","link":"https:\/\/gold-zino.org\/pl\/logowanie-i-rejestracja\/","title":{"rendered":"Logowanie i Rejestracja"},"content":{"rendered":"<h1>Zaloguj si\u0119 do Goldzino<\/h1>\n<p>Aby za\u0142o\u017cy\u0107 konto na naszej stronie kasyna, ka\u017cdy musi przej\u015b\u0107 przez proces Goldzino login. Wszyscy zarejestrowani u\u017cytkownicy mog\u0105 zalogowa\u0107 si\u0119 przy u\u017cyciu swojej nazwy u\u017cytkownika i has\u0142a za po\u015brednictwem przegl\u0105darki lub aplikacji mobilnej. Je\u015bli jeste\u015b nowym u\u017cytkownikiem i nie masz jeszcze konta, mo\u017cesz je za\u0142o\u017cy\u0107 w kilku prostych krokach.<\/p>\n<p><div class=\"banner-wrap\" aria-label=\"Banner\"><img src=\"https:\/\/gold-zino.org\/wp-content\/uploads\/2025\/10\/Goldzino-Banner-Desktop.webp\" class=\"w-100 d-none d-lg-block img-pc main-banner-img\" alt=\"goldzino bonus desktop\" fetchpriority=\"high\" decoding=\"async\"><img src=\"https:\/\/gold-zino.org\/wp-content\/uploads\/2025\/10\/Gold-zino-Mobile-Banner.webp\" class=\"w-100 d-none d-md-block d-lg-none main-banner-img\" alt=\"goldzino bonus mobile\" fetchpriority=\"high\" decoding=\"async\"><img src=\"https:\/\/gold-zino.org\/wp-content\/uploads\/2025\/10\/Gold-zino-Mobile-Banner.webp\" class=\"w-100 d-md-none\" alt=\"goldzino bonus mobile\" fetchpriority=\"high\" decoding=\"async\"><div class=\"banner-description\">\n<div class=\"banner-title\">Bonusy Powitalne<\/div>\n<p class=\"banner-header-title\">\u20ac1500<\/p>\n<div class=\"banner-header-AdditionalText\">+ 250 Darmowych Spin\u00f3w<\/div>\n<button data-item=\"homepage_banner_link\" class=\"goto m-button m-gradient-border m-button--primary m-button--large banner-button btn-orange\">\n            <div class=\"m-button-content\">\n                <span>Zarejestruj si\u0119 teraz<\/span>\n                <span><\/span>\n            <\/div>\n        <\/button>\n<\/div>\n<div class=\"WelcomePack\">\n<p><img loading=\"lazy\" decoding=\"async\" class=\"alignnone size-full wp-image-1452\" src=\"https:\/\/gold-zino.org\/wp-content\/uploads\/2025\/10\/welcome-crown.svg\" alt=\"crown\" width=\"25\" height=\"26\" \/><\/p>\n<div class=\"WelcomePack-Info\">Cotygodniowy zwrot got\u00f3wki do 25%<\/div>\n<p><img loading=\"lazy\" decoding=\"async\" class=\"alignnone size-full wp-image-1452\" src=\"https:\/\/gold-zino.org\/wp-content\/uploads\/2025\/10\/welcome-crown.svg\" alt=\"crown\" width=\"25\" height=\"26\" \/><\/p>\n<\/div>\n<\/div><div class=\"scrollable-content-wrap my-5\"><div class=\"scrollable-content-inner\"><h2>Proces rejestracji w kasynie Goldzino<\/h2>\n<p>Nasza platforma zapewnia u\u017cytkownikom dost\u0119p do ponad 6000 gier. Ka\u017cdy nowo zarejestrowany u\u017cytkownik otrzymuje bonus powitalny w wysoko\u015bci 1500 \u20ac i 250 darmowych spin\u00f3w. Zak\u0142adaj\u0105c konto w Gold Zino Casino, zyskujesz dost\u0119p do wszystkich funkcji naszego nowoczesnego kasyna online. Po utworzeniu konta mo\u017cesz zalogowa\u0107 si\u0119 z dowolnego urz\u0105dzenia i wykonywa\u0107 dowolne czynno\u015bci. Nasze kasyno oferuje swoim u\u017cytkownikom mo\u017cliwo\u015b\u0107 udzia\u0142u w najbardziej zaawansowanych turniejach, w kt\u00f3rych mo\u017cna znale\u017a\u0107 si\u0119 w tabeli wynik\u00f3w.<\/p>\n<table>\n<tbody>\n<tr>\n<td>Wym\u00f3g<\/td>\n<td>Szczeg\u00f3\u0142y<\/td>\n<\/tr>\n<tr>\n<td>E-mail<\/td>\n<td>Zarejestrowany adres e-mail<\/td>\n<\/tr>\n<tr>\n<td>Has\u0142o<\/td>\n<td>Musi by\u0107 zgodny z tym u\u017cywanym podczas rejestracji<\/td>\n<\/tr>\n<tr>\n<td>Weryfikacja<\/td>\n<td>Przeprowad\u017a proces weryfikacji zgodnie z wymaganiami.<\/td>\n<\/tr>\n<tr>\n<td>Urz\u0105dzenie<\/td>\n<td>Dost\u0119pne na komputerze stacjonarnym, telefonie kom\u00f3rkowym lub tablecie<\/td>\n<\/tr>\n<\/tbody>\n<\/table>\n<h3>Za\u0142\u00f3\u017c konto<\/h3>\n<p>Aby utworzy\u0107 konto w Goldzino Casino, wykonaj nast\u0119puj\u0105ce czynno\u015bci:<\/p>\n<ol>\n<li>Kliknij przycisk \u201eZarejestruj si\u0119\u201d.<\/li>\n<li>Znajduje si\u0119 w prawym g\u00f3rnym rogu strony g\u0142\u00f3wnej.<\/li>\n<li>Wpisz swoje dane osobowe.<\/li>\n<li>Wpisz sw\u00f3j adres e-mail i ustaw has\u0142o. Je\u015bli masz kod promocyjny, wprowad\u017a go na tym etapie.<\/li>\n<li>Potwierd\u017a zgod\u0119 na nasze zasady. Potwierd\u017a, \u017ce masz uko\u0144czone 18 lat i akceptujesz nasze Warunki korzystania z us\u0142ugi oraz Polityk\u0119 prywatno\u015bci.<\/li>\n<li>Kliknij \u201eZarejestruj si\u0119\u201d, aby potwierdzi\u0107.<\/li>\n<li>Otrzymasz wiadomo\u015b\u0107 e-mail. Otw\u00f3rz wiadomo\u015b\u0107 i kliknij podany link, aby aktywowa\u0107 swoje konto i zako\u0144czy\u0107 proces logowania do Goldzino.<\/li>\n<\/ol>\n<p>Po potwierdzeniu konta stajesz si\u0119 pe\u0142noprawnym cz\u0142onkiem spo\u0142eczno\u015bci graczy Goldzino.<\/p>\n<h2>Logowanie do Goldzino i zarz\u0105dzanie kontem<\/h2>\n<p>Proces logowania do Goldzino jest natychmiastowy i bezpieczny. Po zalogowaniu si\u0119 na swoje konto uzyskasz dost\u0119p do zarz\u0105dzania. Tutaj mo\u017cesz zarz\u0105dza\u0107 wszystkimi aspektami swojego konta, w tym wp\u0142atami, wyp\u0142atami, bonusami i kodami promocyjnymi. Gracze z Polski mog\u0105 r\u00f3wnie\u017c uzyska\u0107 dost\u0119p do zarz\u0105dzania VIP, uczestniczy\u0107 w turniejach i dostosowywa\u0107 ustawienia odpowiedzialnej gry na swoim koncie. W sekcji odpowiedzialnej gry mo\u017cesz ustawi\u0107 limity czasowe lub samodzielnie wykluczy\u0107 si\u0119 z gry. U\u017cytkownicy mog\u0105 skontaktowa\u0107 si\u0119 z naszym wieloj\u0119zycznym zespo\u0142em wsparcia technicznego za po\u015brednictwem naszej aplikacji lub przegl\u0105darki. Zesp\u00f3\u0142 wsparcia technicznego Gold Zino jest dost\u0119pny dla wszystkich, poniewa\u017c mo\u017cna si\u0119 z nami skontaktowa\u0107 nie tylko za po\u015brednictwem czatu na \u017cywo na stronie internetowej lub w aplikacji, ale r\u00f3wnie\u017c wysy\u0142aj\u0105c wiadomo\u015b\u0107 e-mail. Mo\u017cesz skontaktowa\u0107 si\u0119 z pomoc\u0105 techniczn\u0105, je\u015bli masz jakiekolwiek problemy z procesem logowania do Goldzino.<\/p>\n<h3>Nie pami\u0119tasz has\u0142a?<\/h3>\n<p>Mo\u017ce si\u0119 zdarzy\u0107, \u017ce zapomnisz has\u0142a. W takim przypadku istnieje gotowy plan dzia\u0142ania. Przywr\u00f3cenie has\u0142a nie jest trudne i mo\u017cna to zrobi\u0107 szybko. Otw\u00f3rz sekcj\u0119 Zaloguj si\u0119 do Goldzino. Post\u0119puj zgodnie z naszymi instrukcjami:<\/p>\n<ol>\n<li>Kliknij przycisk \u201eZaloguj si\u0119\u201d w prawym g\u00f3rnym rogu.<\/li>\n<li>Wybierz opcj\u0119 \u201eNie pami\u0119tasz has\u0142a?\u201d poni\u017cej formularza.<\/li>\n<li>Wprowad\u017a adres e-mail powi\u0105zany z Twoim kontem Goldzino.<\/li>\n<li>Kliknij link wys\u0142any na Twoj\u0105 skrzynk\u0119 e-mail, aby zresetowa\u0107 has\u0142o i utworzy\u0107 nowe.<\/li>\n<\/ol>\n<h2>Proces weryfikacji w kasynie Goldzino<\/h2>\n<p>Na platformie Gold Zino nale\u017cy przej\u015b\u0107 przez proces weryfikacji konta. U\u017cytkownicy musz\u0105 przes\u0142a\u0107 swoje dokumenty osobiste. Nale\u017cy dostarczy\u0107 paszport, dow\u00f3d osobisty, prawo jazdy lub rachunek za media, kt\u00f3ry nie jest starszy ni\u017c sze\u015b\u0107 miesi\u0119cy.<\/p>\n<p>Nasz zesp\u00f3\u0142 sprawdzi Twoje dokumenty w ci\u0105gu mniej ni\u017c 48 godzin. Po zako\u0144czeniu procesu weryfikacji Twoje konto zostanie zatwierdzone. Je\u015bli Twoje konto zostanie zweryfikowane, b\u0119dziesz m\u00f3g\u0142 wyp\u0142aca\u0107 pieni\u0105dze i bonusy. Goldzino Casino stosuje polityk\u0119 \u201ePoznaj swojego klienta\u201d (KYC), aby chroni\u0107 polskich graczy przed oszustwami.<\/p>\n<p>W stopce strony internetowej Goldzino mo\u017cna znale\u017a\u0107 wi\u0119cej informacji na temat zasad KYC i procesu sk\u0142adania dokument\u00f3w. Po wykonaniu tej czynno\u015bci wszystkie funkcje Goldzino Casino b\u0119d\u0105 dost\u0119pne. B\u0119dziesz m\u00f3g\u0142 do\u0142\u0105czy\u0107 do naszego klubu VIP i bra\u0107 udzia\u0142 w turniejach.<\/p>\n<h2>Cz\u0119sto zadawane pytania<\/h2>\n<h3>Jakie kroki nale\u017cy podj\u0105\u0107 w celu weryfikacji konta?<\/h3>\n<p>Aby kasyno Goldzino mog\u0142o zweryfikowa\u0107 Twoje konto, musisz dostarczy\u0107 dokumenty potwierdzaj\u0105ce Twoj\u0105 to\u017csamo\u015b\u0107. Na przyk\u0142ad paszport, dow\u00f3d osobisty, prawo jazdy lub ostatni rachunek za media. Nasz zesp\u00f3\u0142 rozpatrzy Twoje wnioski w ci\u0105gu 48 godzin. Po zatwierdzeniu b\u0119dziesz m\u00f3g\u0142 korzysta\u0107 ze swojego konta w dowolnym celu, w tym do dokonywania p\u0142atno\u015bci.<\/p>\n<h3>Jak zamkn\u0105\u0107 lub tymczasowo zawiesi\u0107 swoje konto?<\/h3>\n<p>Ustawienia konta Goldzino umo\u017cliwiaj\u0105 zamkni\u0119cie lub tymczasowe zablokowanie konta. Aby zapewni\u0107 bezpiecze\u0144stwo gry, mo\u017cna skorzysta\u0107 z narz\u0119dzi takich jak samowykluczenie lub tymczasowe ograniczenia. Aby poprosi\u0107 o trwa\u0142e zamkni\u0119cie konta lub uzyska\u0107 pomoc, skontaktuj si\u0119 z naszym wieloj\u0119zycznym zespo\u0142em wsparcia technicznego za po\u015brednictwem czatu online lub poczty elektronicznej. Nasi pracownicy bezpiecznie i szybko przeprowadz\u0105 Ci\u0119 przez ca\u0142y proces.<\/p>\n<h3>Co nale\u017cy zrobi\u0107, je\u015bli moje konto zosta\u0142o zablokowane?<\/h3>\n<p>Je\u015bli Twoje konto Gold Zino zosta\u0142o zablokowane, skontaktuj si\u0119 natychmiast z naszym zespo\u0142em pomocy technicznej. Zweryfikuje on Twoj\u0105 to\u017csamo\u015b\u0107 i udzieli Ci wskaz\u00f3wek dotycz\u0105cych przywr\u00f3cenia dost\u0119pu. Konta mog\u0105 zosta\u0107 zablokowane ze wzgl\u0119d\u00f3w bezpiecze\u0144stwa w wyniku nieudanych pr\u00f3b logowania lub konieczno\u015bci weryfikacji to\u017csamo\u015bci u\u017cytkownika. Aby bezpiecznie przywr\u00f3ci\u0107 pe\u0142ny dost\u0119p, skontaktuj si\u0119 z pomoc\u0105 techniczn\u0105.<\/p>\n<h3>Czy mog\u0119 zarz\u0105dza\u0107 swoim has\u0142em lub adresem e-mail?<\/h3>\n<p>Tak, u\u017cytkownicy Goldzino mog\u0105 zmienia\u0107 swoje dane w ustawieniach konta. Mo\u017cna zmieni\u0107 adres e-mail lub has\u0142o. Link \u201eNie pami\u0119tasz has\u0142a?\u201d umo\u017cliwia r\u00f3wnie\u017c aktualizacj\u0119 has\u0142a, aby uzyska\u0107 dost\u0119p do konta.<\/p>\n<\/div><\/div><\/p>\n","protected":false},"excerpt":{"rendered":"<p>Zaloguj si\u0119 do Goldzino Aby za\u0142o\u017cy\u0107 konto na naszej stronie kasyna, ka\u017cdy musi przej\u015b\u0107 przez proces Goldzino login. Wszyscy zarejestrowani u\u017cytkownicy mog\u0105 zalogowa\u0107 si\u0119 przy u\u017cyciu swojej nazwy u\u017cytkownika i has\u0142a za po\u015brednictwem przegl\u0105darki lub aplikacji mobilnej. Je\u015bli jeste\u015b nowym u\u017cytkownikiem i nie masz jeszcze konta, mo\u017cesz je za\u0142o\u017cy\u0107 w kilku prostych krokach.<\/p>\n","protected":false},"author":1,"featured_media":0,"parent":0,"menu_order":0,"comment_status":"closed","ping_status":"closed","template":"template-builder.php","meta":{"_acf_changed":false,"inline_featured_image":false,"footnotes":""},"class_list":["post-1532","page","type-page","status-publish","hentry"],"acf":[],"yoast_head":"<!-- This site is optimized with the Yoast SEO plugin v27.3 - https:\/\/yoast.com\/product\/yoast-seo-wordpress\/ -->\n<title>Goldzino Casino \u2013 Login i Rejestracja<\/title>\n<meta name=\"description\" content=\"Goldzino login lub utw\u00f3rz swoje konto. Zarz\u0105dzaj weryfikacj\u0105, odzyskiwaniem has\u0142a i zamkni\u0119ciem konta szybko oraz bezpiecznie w Gold Zino.\" \/>\n<meta name=\"robots\" content=\"index, follow, max-snippet:-1, max-image-preview:large, max-video-preview:-1\" \/>\n<link rel=\"canonical\" href=\"https:\/\/gold-zino.org\/pl\/logowanie-i-rejestracja\/\" \/>\n<meta property=\"og:locale\" content=\"pl_PL\" \/>\n<meta property=\"og:type\" content=\"article\" \/>\n<meta property=\"og:title\" content=\"Goldzino Casino \u2013 Login i Rejestracja\" \/>\n<meta property=\"og:description\" content=\"Goldzino login lub utw\u00f3rz swoje konto. Zarz\u0105dzaj weryfikacj\u0105, odzyskiwaniem has\u0142a i zamkni\u0119ciem konta szybko oraz bezpiecznie w Gold Zino.\" \/>\n<meta property=\"og:url\" content=\"https:\/\/gold-zino.org\/pl\/logowanie-i-rejestracja\/\" \/>\n<meta property=\"og:site_name\" content=\"goldzino\" \/>\n<meta property=\"article:modified_time\" content=\"2025-10-31T07:59:05+00:00\" \/>\n<meta name=\"twitter:card\" content=\"summary_large_image\" \/>\n<meta name=\"twitter:label1\" content=\"Est. reading time\" \/>\n\t<meta name=\"twitter:data1\" content=\"1 minute\" \/>\n<script type=\"application\/ld+json\" class=\"yoast-schema-graph\">{\"@context\":\"https:\\\/\\\/schema.org\",\"@graph\":[{\"@type\":\"WebPage\",\"@id\":\"https:\\\/\\\/gold-zino.org\\\/pl\\\/logowanie-i-rejestracja\\\/\",\"url\":\"https:\\\/\\\/gold-zino.org\\\/pl\\\/logowanie-i-rejestracja\\\/\",\"name\":\"Goldzino Casino \u2013 Login i Rejestracja\",\"isPartOf\":{\"@id\":\"https:\\\/\\\/gold-zino.org\\\/pl\\\/#website\"},\"datePublished\":\"2025-10-30T09:09:51+00:00\",\"dateModified\":\"2025-10-31T07:59:05+00:00\",\"description\":\"Goldzino login lub utw\u00f3rz swoje konto. Zarz\u0105dzaj weryfikacj\u0105, odzyskiwaniem has\u0142a i zamkni\u0119ciem konta szybko oraz bezpiecznie w Gold Zino.\",\"breadcrumb\":{\"@id\":\"https:\\\/\\\/gold-zino.org\\\/pl\\\/logowanie-i-rejestracja\\\/#breadcrumb\"},\"inLanguage\":\"pl-PL\",\"potentialAction\":[{\"@type\":\"ReadAction\",\"target\":[\"https:\\\/\\\/gold-zino.org\\\/pl\\\/logowanie-i-rejestracja\\\/\"]}]},{\"@type\":\"BreadcrumbList\",\"@id\":\"https:\\\/\\\/gold-zino.org\\\/pl\\\/logowanie-i-rejestracja\\\/#breadcrumb\",\"itemListElement\":[{\"@type\":\"ListItem\",\"position\":1,\"name\":\"GoldZino\",\"item\":\"https:\\\/\\\/gold-zino.org\\\/pl\\\/\"},{\"@type\":\"ListItem\",\"position\":2,\"name\":\"Logowanie i Rejestracja\"}]},{\"@type\":\"WebSite\",\"@id\":\"https:\\\/\\\/gold-zino.org\\\/pl\\\/#website\",\"url\":\"https:\\\/\\\/gold-zino.org\\\/pl\\\/\",\"name\":\"GoldZino\",\"description\":\"\",\"publisher\":{\"@id\":\"https:\\\/\\\/gold-zino.org\\\/pl\\\/#organization\"},\"potentialAction\":[{\"@type\":\"SearchAction\",\"target\":{\"@type\":\"EntryPoint\",\"urlTemplate\":\"https:\\\/\\\/gold-zino.org\\\/pl\\\/?s={search_term_string}\"},\"query-input\":{\"@type\":\"PropertyValueSpecification\",\"valueRequired\":true,\"valueName\":\"search_term_string\"}}],\"inLanguage\":\"pl-PL\"},{\"@type\":\"Organization\",\"@id\":\"https:\\\/\\\/gold-zino.org\\\/pl\\\/#organization\",\"name\":\"GoldZino\",\"url\":\"https:\\\/\\\/gold-zino.org\\\/pl\\\/\",\"logo\":{\"@type\":\"ImageObject\",\"inLanguage\":\"pl-PL\",\"@id\":\"https:\\\/\\\/gold-zino.org\\\/pl\\\/#\\\/schema\\\/logo\\\/image\\\/\",\"url\":\"https:\\\/\\\/gold-zino.org\\\/wp-content\\\/uploads\\\/2025\\\/08\\\/80u1FaquEZeR6OUTeJCc.png\",\"contentUrl\":\"https:\\\/\\\/gold-zino.org\\\/wp-content\\\/uploads\\\/2025\\\/08\\\/80u1FaquEZeR6OUTeJCc.png\",\"width\":209,\"height\":46,\"caption\":\"GoldZino\"},\"image\":{\"@id\":\"https:\\\/\\\/gold-zino.org\\\/pl\\\/#\\\/schema\\\/logo\\\/image\\\/\"}}]}<\/script>\n<!-- \/ Yoast SEO plugin. -->","yoast_head_json":{"title":"Goldzino Casino \u2013 Login i Rejestracja","description":"Goldzino login lub utw\u00f3rz swoje konto. Zarz\u0105dzaj weryfikacj\u0105, odzyskiwaniem has\u0142a i zamkni\u0119ciem konta szybko oraz bezpiecznie w Gold Zino.","robots":{"index":"index","follow":"follow","max-snippet":"max-snippet:-1","max-image-preview":"max-image-preview:large","max-video-preview":"max-video-preview:-1"},"canonical":"https:\/\/gold-zino.org\/pl\/logowanie-i-rejestracja\/","og_locale":"pl_PL","og_type":"article","og_title":"Goldzino Casino \u2013 Login i Rejestracja","og_description":"Goldzino login lub utw\u00f3rz swoje konto. Zarz\u0105dzaj weryfikacj\u0105, odzyskiwaniem has\u0142a i zamkni\u0119ciem konta szybko oraz bezpiecznie w Gold Zino.","og_url":"https:\/\/gold-zino.org\/pl\/logowanie-i-rejestracja\/","og_site_name":"goldzino","article_modified_time":"2025-10-31T07:59:05+00:00","twitter_card":"summary_large_image","twitter_misc":{"Est. reading time":"1 minute"},"schema":{"@context":"https:\/\/schema.org","@graph":[{"@type":"WebPage","@id":"https:\/\/gold-zino.org\/pl\/logowanie-i-rejestracja\/","url":"https:\/\/gold-zino.org\/pl\/logowanie-i-rejestracja\/","name":"Goldzino Casino \u2013 Login i Rejestracja","isPartOf":{"@id":"https:\/\/gold-zino.org\/pl\/#website"},"datePublished":"2025-10-30T09:09:51+00:00","dateModified":"2025-10-31T07:59:05+00:00","description":"Goldzino login lub utw\u00f3rz swoje konto. Zarz\u0105dzaj weryfikacj\u0105, odzyskiwaniem has\u0142a i zamkni\u0119ciem konta szybko oraz bezpiecznie w Gold Zino.","breadcrumb":{"@id":"https:\/\/gold-zino.org\/pl\/logowanie-i-rejestracja\/#breadcrumb"},"inLanguage":"pl-PL","potentialAction":[{"@type":"ReadAction","target":["https:\/\/gold-zino.org\/pl\/logowanie-i-rejestracja\/"]}]},{"@type":"BreadcrumbList","@id":"https:\/\/gold-zino.org\/pl\/logowanie-i-rejestracja\/#breadcrumb","itemListElement":[{"@type":"ListItem","position":1,"name":"GoldZino","item":"https:\/\/gold-zino.org\/pl\/"},{"@type":"ListItem","position":2,"name":"Logowanie i Rejestracja"}]},{"@type":"WebSite","@id":"https:\/\/gold-zino.org\/pl\/#website","url":"https:\/\/gold-zino.org\/pl\/","name":"GoldZino","description":"","publisher":{"@id":"https:\/\/gold-zino.org\/pl\/#organization"},"potentialAction":[{"@type":"SearchAction","target":{"@type":"EntryPoint","urlTemplate":"https:\/\/gold-zino.org\/pl\/?s={search_term_string}"},"query-input":{"@type":"PropertyValueSpecification","valueRequired":true,"valueName":"search_term_string"}}],"inLanguage":"pl-PL"},{"@type":"Organization","@id":"https:\/\/gold-zino.org\/pl\/#organization","name":"GoldZino","url":"https:\/\/gold-zino.org\/pl\/","logo":{"@type":"ImageObject","inLanguage":"pl-PL","@id":"https:\/\/gold-zino.org\/pl\/#\/schema\/logo\/image\/","url":"https:\/\/gold-zino.org\/wp-content\/uploads\/2025\/08\/80u1FaquEZeR6OUTeJCc.png","contentUrl":"https:\/\/gold-zino.org\/wp-content\/uploads\/2025\/08\/80u1FaquEZeR6OUTeJCc.png","width":209,"height":46,"caption":"GoldZino"},"image":{"@id":"https:\/\/gold-zino.org\/pl\/#\/schema\/logo\/image\/"}}]}},"_links":{"self":[{"href":"https:\/\/gold-zino.org\/pl\/wp-json\/wp\/v2\/pages\/1532","targetHints":{"allow":["GET"]}}],"collection":[{"href":"https:\/\/gold-zino.org\/pl\/wp-json\/wp\/v2\/pages"}],"about":[{"href":"https:\/\/gold-zino.org\/pl\/wp-json\/wp\/v2\/types\/page"}],"author":[{"embeddable":true,"href":"https:\/\/gold-zino.org\/pl\/wp-json\/wp\/v2\/users\/1"}],"replies":[{"embeddable":true,"href":"https:\/\/gold-zino.org\/pl\/wp-json\/wp\/v2\/comments?post=1532"}],"version-history":[{"count":2,"href":"https:\/\/gold-zino.org\/pl\/wp-json\/wp\/v2\/pages\/1532\/revisions"}],"predecessor-version":[{"id":2097,"href":"https:\/\/gold-zino.org\/pl\/wp-json\/wp\/v2\/pages\/1532\/revisions\/2097"}],"wp:attachment":[{"href":"https:\/\/gold-zino.org\/pl\/wp-json\/wp\/v2\/media?parent=1532"}],"curies":[{"name":"wp","href":"https:\/\/api.w.org\/{rel}","templated":true}]}}